{"id":5693,"date":"2022-02-15T10:18:52","date_gmt":"2022-02-15T09:18:52","guid":{"rendered":"https:\/\/atlantica.cielavillage.fr\/zona-acuatica\/"},"modified":"2026-03-17T11:54:32","modified_gmt":"2026-03-17T10:54:32","slug":"zona-acuatica","status":"publish","type":"page","link":"https:\/\/atlantica.cielavillage.fr\/es\/zona-acuatica\/","title":{"rendered":"Zona acu\u00e1tica"},"content":{"rendered":"\n<div class=\"wp-block-cover bloc-header\"><img width=\"1920\" height=\"1277\" class=\"wp-block-cover__image-background wp-image-7481\" alt=\"\" src=\"https:\/\/atlantica.cielavillage.fr\/wp-content\/uploads\/2024\/04\/043_Camping_Landes_Ciela_Village_Atlantica_Parc_Aquatique-atlantica.webp\" style=\"object-position:43% 57%\" data-object-fit=\"cover\" data-object-position=\"43% 57%\" srcset=\"https:\/\/atlantica.cielavillage.fr\/wp-content\/uploads\/2024\/04\/043_Camping_Landes_Ciela_Village_Atlantica_Parc_Aquatique-atlantica.webp 1920w, https:\/\/atlantica.cielavillage.fr\/wp-content\/uploads\/2024\/04\/043_Camping_Landes_Ciela_Village_Atlantica_Parc_Aquatique-atlantica-300x200.webp 300w, https:\/\/atlantica.cielavillage.fr\/wp-content\/uploads\/2024\/04\/043_Camping_Landes_Ciela_Village_Atlantica_Parc_Aquatique-atlantica-1024x681.webp 1024w, https:\/\/atlantica.cielavillage.fr\/wp-content\/uploads\/2024\/04\/043_Camping_Landes_Ciela_Village_Atlantica_Parc_Aquatique-atlantica-768x511.webp 768w, https:\/\/atlantica.cielavillage.fr\/wp-content\/uploads\/2024\/04\/043_Camping_Landes_Ciela_Village_Atlantica_Parc_Aquatique-atlantica-1536x1022.webp 1536w\" sizes=\"(max-width: 1920px) 100vw, 1920px\" \/><div class=\"wp-block-cover__inner-container\">\n<p class=\"has-text-align-center has-large-font-size\"><\/p>\n<\/div><\/div>\n\n\n\n<div class=\"wp-block-columns are-vertically-aligned-center boxage-bottom boxage\">\n<div class=\"wp-block-column is-vertically-aligned-center\">\n<h1 class=\"has-text-align-left\">Un camping en el Pa\u00eds Vasco franc\u00e9s con una hermosa zona acu\u00e1tica<\/h1>\n\n\n\n<p>Elige nuestro camping Atlantica para pasar tus vacaciones en familia en el Pa\u00eds Vasco franc\u00e9s y disfruta de la piscina exterior y sus 3 nuevos toboganes.<\/p>\n<\/div>\n\n\n\n<div class=\"wp-block-column is-vertically-aligned-center\">\n<div class=\"wp-block-columns bloc-icons\">\n<div class=\"wp-block-column\">\n<i class=\"fc-temp\"><\/i>\n\n\n\n<p>Piscina<\/p>\n\n\n\n<p class=\"has-primaire-color has-text-color\"><strong>climatizada<\/strong><\/p>\n<\/div>\n\n\n\n<div class=\"wp-block-column\">\n<i class=\"fc-toboggan\"><\/i>\n\n\n\n<p>3<\/p>\n\n\n\n<p class=\"has-primaire-color has-text-color\"><strong>toboganes<\/strong><\/p>\n<\/div>\n\n\n\n<div class=\"wp-block-column\">\n<i class=\"  fc-piscine\"><\/i>\n\n\n\n<p>2<\/p>\n\n\n\n<p class=\"has-primaire-color has-text-color\"><strong>piscinas<\/strong><\/p>\n<\/div>\n\n\n\n<div class=\"wp-block-column\">\n<i class=\" fc-enfants \"><\/i>\n\n\n\n<p>Juegos<\/p>\n\n\n\n<p class=\"has-primaire-color has-text-color\"><strong>infantiles<\/strong><\/p>\n<\/div>\n<\/div>\n<\/div>\n<\/div>\n\n\n\n<div class=\"wp-block-columns fond_lignes boxage\">\n<div class=\"wp-block-column bloc-images-3\">\n<figure class=\"wp-block-gallery columns-2 is-cropped\"><ul class=\"blocks-gallery-grid\"><li class=\"blocks-gallery-item\"><figure><img width=\"1024\" height=\"768\" src=\"https:\/\/atlantica.cielavillage.fr\/wp-content\/uploads\/2024\/10\/CA-retouche-jpg-1024x768.jpg\" alt=\"Camping Atlantica : Ca Retouche Jpg\" data-id=\"8342\" data-full-url=\"https:\/\/atlantica.cielavillage.fr\/wp-content\/uploads\/2024\/10\/CA-retouche-jpg.jpg\" data-link=\"https:\/\/atlantica.cielavillage.fr\/es\/inicio\/attachment\/ca-retouche-jpg-2\/\" class=\"wp-image-8342\" srcset=\"https:\/\/atlantica.cielavillage.fr\/wp-content\/uploads\/2024\/10\/CA-retouche-jpg-1024x768.jpg 1024w, https:\/\/atlantica.cielavillage.fr\/wp-content\/uploads\/2024\/10\/CA-retouche-jpg-300x225.jpg 300w, https:\/\/atlantica.cielavillage.fr\/wp-content\/uploads\/2024\/10\/CA-retouche-jpg-768x576.jpg 768w, https:\/\/atlantica.cielavillage.fr\/wp-content\/uploads\/2024\/10\/CA-retouche-jpg-1536x1152.jpg 1536w, https:\/\/atlantica.cielavillage.fr\/wp-content\/uploads\/2024\/10\/CA-retouche-jpg.jpg 1920w\" sizes=\"(max-width: 1024px) 100vw, 1024px\" \/><\/figure><\/li><li class=\"blocks-gallery-item\"><figure><img width=\"1024\" height=\"683\" src=\"https:\/\/atlantica.cielavillage.fr\/wp-content\/uploads\/2024\/10\/063-Camping-Pays-Basque-Atlantica-Ciela-Village-Parc-Aquatique-1024x683.jpg\" alt=\"Camping Atlantica : 063 Camping Pays Basque Atlantica Ciela Village Parc Aquatique\" data-id=\"8257\" data-full-url=\"https:\/\/atlantica.cielavillage.fr\/wp-content\/uploads\/2024\/10\/063-Camping-Pays-Basque-Atlantica-Ciela-Village-Parc-Aquatique-scaled.jpg\" data-link=\"https:\/\/atlantica.cielavillage.fr\/es\/zona-acuatica\/attachment\/063-camping-pays-basque-atlantica-ciela-village-parc-aquatique\/\" class=\"wp-image-8257\" srcset=\"https:\/\/atlantica.cielavillage.fr\/wp-content\/uploads\/2024\/10\/063-Camping-Pays-Basque-Atlantica-Ciela-Village-Parc-Aquatique-1024x683.jpg 1024w, https:\/\/atlantica.cielavillage.fr\/wp-content\/uploads\/2024\/10\/063-Camping-Pays-Basque-Atlantica-Ciela-Village-Parc-Aquatique-300x200.jpg 300w, https:\/\/atlantica.cielavillage.fr\/wp-content\/uploads\/2024\/10\/063-Camping-Pays-Basque-Atlantica-Ciela-Village-Parc-Aquatique-768x512.jpg 768w, https:\/\/atlantica.cielavillage.fr\/wp-content\/uploads\/2024\/10\/063-Camping-Pays-Basque-Atlantica-Ciela-Village-Parc-Aquatique-1536x1024.jpg 1536w, https:\/\/atlantica.cielavillage.fr\/wp-content\/uploads\/2024\/10\/063-Camping-Pays-Basque-Atlantica-Ciela-Village-Parc-Aquatique-2048x1365.jpg 2048w\" sizes=\"(max-width: 1024px) 100vw, 1024px\" \/><\/figure><\/li><li class=\"blocks-gallery-item\"><figure><img width=\"1024\" height=\"683\" src=\"https:\/\/atlantica.cielavillage.fr\/wp-content\/uploads\/2024\/10\/117-Camping-Pays-Basque-Atlantica-Ciela-Village-Parc-Aquatique-1024x683.jpg\" alt=\"Camping Atlantica : 117 Camping Pays Basque Atlantica Ciela Village Parc Aquatique\" data-id=\"8262\" data-full-url=\"https:\/\/atlantica.cielavillage.fr\/wp-content\/uploads\/2024\/10\/117-Camping-Pays-Basque-Atlantica-Ciela-Village-Parc-Aquatique-scaled.jpg\" data-link=\"https:\/\/atlantica.cielavillage.fr\/es\/zona-acuatica\/attachment\/117-camping-pays-basque-atlantica-ciela-village-parc-aquatique\/\" class=\"wp-image-8262\" srcset=\"https:\/\/atlantica.cielavillage.fr\/wp-content\/uploads\/2024\/10\/117-Camping-Pays-Basque-Atlantica-Ciela-Village-Parc-Aquatique-1024x683.jpg 1024w, https:\/\/atlantica.cielavillage.fr\/wp-content\/uploads\/2024\/10\/117-Camping-Pays-Basque-Atlantica-Ciela-Village-Parc-Aquatique-300x200.jpg 300w, https:\/\/atlantica.cielavillage.fr\/wp-content\/uploads\/2024\/10\/117-Camping-Pays-Basque-Atlantica-Ciela-Village-Parc-Aquatique-768x512.jpg 768w, https:\/\/atlantica.cielavillage.fr\/wp-content\/uploads\/2024\/10\/117-Camping-Pays-Basque-Atlantica-Ciela-Village-Parc-Aquatique-1536x1024.jpg 1536w, https:\/\/atlantica.cielavillage.fr\/wp-content\/uploads\/2024\/10\/117-Camping-Pays-Basque-Atlantica-Ciela-Village-Parc-Aquatique-2048x1365.jpg 2048w\" sizes=\"(max-width: 1024px) 100vw, 1024px\" \/><\/figure><\/li><\/ul><\/figure>\n\n\n\n<p class=\"has-text-align-left btn-galerie\"><a href=\"https:\/\/atlantica.cielavillage.fr\/es\/galeria-de-fotos\/\" data-type=\"page\">&gt; Ver la galer\u00eda<\/a><\/p>\n<\/div>\n\n\n\n<div class=\"wp-block-column\" style=\"padding-bottom:40px;flex-basis:40%\">\n<h2 class=\"has-primaire-color has-text-color\">La garant\u00eda de unas vacaciones inolvidables es un camping con piscina.<\/h2>\n\n\n\n<p>Este camping familial tiene un ambiente c\u00e1lido y todo tipo de equipaci\u00f3n para toda la familia: piscina climatizada, zona de juegos para ni\u00f1os y ni\u00f1as, m\u00faltiples actividades l\u00fadicas en el Club Infantil, pista polideportiva,&#8230; Y en lo que respecta al alojamiento, tenemos mobil-homes completamente equipadas en un terreno de m\u00e1s de 3 hect\u00e1reas con \u00e1rboles. Cada mobil-home est\u00e1 en una parcela de camping delimitada por setos.<\/p>\n\n\n\n<p>La garant\u00eda de unas vacaciones inolvidables es un camping con piscina.<\/p>\n\n\n\n<p><strong><strong>En el camping Ciela Village Atlantica, el espacio acu\u00e1tico tiene dos piscinas diferentes, completamente seguras, donde los ni\u00f1os y ni\u00f1as podr\u00e1n disfrutar de cada ba\u00f1o<\/strong>&nbsp;:<\/strong><\/p>\n\n\n\n<p>&#8211; una piscina grande de 1 m con hasta 1,60 m de profundidad; <br>&#8211; 3 toboganes<br>&#8211; una piscina infantil con 20-30 cm de profundidad;<\/p>\n<\/div>\n<\/div>\n\n\n\n<div class=\"wp-block-group alignfull fond-vague fond-lignes boxage boxage-parent-n has-primaire-background-color has-background\"><div class=\"wp-block-group__inner-container\">\n<div class=\"wp-block-columns alignfull are-vertically-aligned-center boxage-bottom\">\n<div class=\"wp-block-column is-vertically-aligned-center\" style=\"flex-basis:45%\">\n<h2 class=\"has-blanc-color has-text-color\">Piscinas y atracciones exteriores<\/h2>\n\n\n\n<p> <strong>Las duchas y zonas de juego est\u00e1n en varios lugares para grandes y peque\u00f1os. <\/strong>Los alrededores de la piscina est\u00e1n cubiertos de \u00e1rboles. Hay sombrillas con tumbonas para poder descansar a la sombra mientras los ni\u00f1os se apresuran a jugar en el parque infantil despu\u00e9s del ba\u00f1o.<\/p>\n\n\n\n<p class=\"encart\">La piscina est\u00e1 climatizada desde el 25 de abril.<\/p>\n\n\n\n<p><strong>En julio y agosto, ofrecemos clases de aquagym gratis por las ma\u00f1anas<\/strong>. <\/p>\n\n\n\n<p class=\"btn-galerie has-blanc-color has-text-color\"><a href=\"https:\/\/atlantica.cielavillage.fr\/es\/galeria-de-fotos\/\" data-type=\"page\">&gt; Ver la galer\u00eda<\/a><\/p>\n<\/div>\n\n\n\n<div class=\"wp-block-column is-vertically-aligned-center boxage-n-top gallery\">\n<figure class=\"wp-block-gallery columns-3 is-cropped caroussel-galerie\"><ul class=\"blocks-gallery-grid\"><li class=\"blocks-gallery-item\"><figure><img width=\"1024\" height=\"681\" src=\"https:\/\/atlantica.cielavillage.fr\/wp-content\/uploads\/2022\/10\/043_Camping_Landes_Ciela_Village_Atlantica_Parc_Aquatique-1024x681.jpg\" alt=\"\" data-id=\"6415\" data-full-url=\"https:\/\/atlantica.cielavillage.fr\/wp-content\/uploads\/2022\/10\/043_Camping_Landes_Ciela_Village_Atlantica_Parc_Aquatique-scaled.jpg\" data-link=\"https:\/\/atlantica.cielavillage.fr\/es\/043_camping_landes_ciela_village_atlantica_parc_aquatique-2\/\" class=\"wp-image-6415\" srcset=\"https:\/\/atlantica.cielavillage.fr\/wp-content\/uploads\/2022\/10\/043_Camping_Landes_Ciela_Village_Atlantica_Parc_Aquatique-1024x681.jpg 1024w, https:\/\/atlantica.cielavillage.fr\/wp-content\/uploads\/2022\/10\/043_Camping_Landes_Ciela_Village_Atlantica_Parc_Aquatique-300x200.jpg 300w, https:\/\/atlantica.cielavillage.fr\/wp-content\/uploads\/2022\/10\/043_Camping_Landes_Ciela_Village_Atlantica_Parc_Aquatique-768x511.jpg 768w, https:\/\/atlantica.cielavillage.fr\/wp-content\/uploads\/2022\/10\/043_Camping_Landes_Ciela_Village_Atlantica_Parc_Aquatique-1536x1022.jpg 1536w, https:\/\/atlantica.cielavillage.fr\/wp-content\/uploads\/2022\/10\/043_Camping_Landes_Ciela_Village_Atlantica_Parc_Aquatique-2048x1363.jpg 2048w\" sizes=\"(max-width: 1024px) 100vw, 1024px\" \/><\/figure><\/li><li class=\"blocks-gallery-item\"><figure><img width=\"1024\" height=\"683\" src=\"https:\/\/atlantica.cielavillage.fr\/wp-content\/uploads\/2022\/01\/Ciela-Atlantica-tuvemafoto_127-1024x683.jpg\" alt=\"Camping Atlantica: Ciela Atlantica Tuvemafoto 127\" data-id=\"5089\" data-full-url=\"https:\/\/atlantica.cielavillage.fr\/wp-content\/uploads\/2022\/01\/Ciela-Atlantica-tuvemafoto_127-scaled.jpg\" data-link=\"https:\/\/atlantica.cielavillage.fr\/camping-pays-basque-avec-parc-aquatique\/attachment\/ciela-atlantica-tuvemafoto_127\/\" class=\"wp-image-5089\" srcset=\"https:\/\/atlantica.cielavillage.fr\/wp-content\/uploads\/2022\/01\/Ciela-Atlantica-tuvemafoto_127-1024x683.jpg 1024w, https:\/\/atlantica.cielavillage.fr\/wp-content\/uploads\/2022\/01\/Ciela-Atlantica-tuvemafoto_127-300x200.jpg 300w, https:\/\/atlantica.cielavillage.fr\/wp-content\/uploads\/2022\/01\/Ciela-Atlantica-tuvemafoto_127-768x512.jpg 768w, https:\/\/atlantica.cielavillage.fr\/wp-content\/uploads\/2022\/01\/Ciela-Atlantica-tuvemafoto_127-1536x1024.jpg 1536w, https:\/\/atlantica.cielavillage.fr\/wp-content\/uploads\/2022\/01\/Ciela-Atlantica-tuvemafoto_127-2048x1366.jpg 2048w\" sizes=\"(max-width: 1024px) 100vw, 1024px\" \/><\/figure><\/li><li class=\"blocks-gallery-item\"><figure><img width=\"1024\" height=\"681\" src=\"https:\/\/atlantica.cielavillage.fr\/wp-content\/uploads\/2022\/10\/068_Camping_Landes_Ciela_Village_Atlantica_Parc_Aquatique-1024x681.jpg\" alt=\"\" data-id=\"6445\" data-full-url=\"https:\/\/atlantica.cielavillage.fr\/wp-content\/uploads\/2022\/10\/068_Camping_Landes_Ciela_Village_Atlantica_Parc_Aquatique-scaled.jpg\" data-link=\"https:\/\/atlantica.cielavillage.fr\/es\/068_camping_landes_ciela_village_atlantica_parc_aquatique-2\/\" class=\"wp-image-6445\" srcset=\"https:\/\/atlantica.cielavillage.fr\/wp-content\/uploads\/2022\/10\/068_Camping_Landes_Ciela_Village_Atlantica_Parc_Aquatique-1024x681.jpg 1024w, https:\/\/atlantica.cielavillage.fr\/wp-content\/uploads\/2022\/10\/068_Camping_Landes_Ciela_Village_Atlantica_Parc_Aquatique-300x200.jpg 300w, https:\/\/atlantica.cielavillage.fr\/wp-content\/uploads\/2022\/10\/068_Camping_Landes_Ciela_Village_Atlantica_Parc_Aquatique-768x511.jpg 768w, https:\/\/atlantica.cielavillage.fr\/wp-content\/uploads\/2022\/10\/068_Camping_Landes_Ciela_Village_Atlantica_Parc_Aquatique-1536x1022.jpg 1536w, https:\/\/atlantica.cielavillage.fr\/wp-content\/uploads\/2022\/10\/068_Camping_Landes_Ciela_Village_Atlantica_Parc_Aquatique-2048x1363.jpg 2048w\" sizes=\"(max-width: 1024px) 100vw, 1024px\" \/><\/figure><\/li><\/ul><\/figure>\n<\/div>\n<\/div>\n\n\n\n<div class=\"wp-block-columns are-vertically-aligned-center\">\n<div class=\"wp-block-column is-vertically-aligned-center bloc-images-2 boxage-n-bot\">\n<figure class=\"wp-block-gallery columns-3 is-cropped\"><ul class=\"blocks-gallery-grid\"><li class=\"blocks-gallery-item\"><figure><img width=\"1024\" height=\"683\" src=\"https:\/\/atlantica.cielavillage.fr\/wp-content\/uploads\/2022\/01\/Camping-Atlantica_sjdl_Cielavillage_BD_224-1024x683.jpg\" alt=\"Camping Atlantica: Camping Atlantica Sjdl Cielavillage Bd 224\" data-id=\"5099\" data-full-url=\"https:\/\/atlantica.cielavillage.fr\/wp-content\/uploads\/2022\/01\/Camping-Atlantica_sjdl_Cielavillage_BD_224.jpg\" data-link=\"https:\/\/atlantica.cielavillage.fr\/camping-pays-basque-avec-parc-aquatique\/attachment\/camping-atlantica_sjdl_cielavillage_bd_224\/\" class=\"wp-image-5099\" srcset=\"https:\/\/atlantica.cielavillage.fr\/wp-content\/uploads\/2022\/01\/Camping-Atlantica_sjdl_Cielavillage_BD_224-1024x683.jpg 1024w, https:\/\/atlantica.cielavillage.fr\/wp-content\/uploads\/2022\/01\/Camping-Atlantica_sjdl_Cielavillage_BD_224-300x200.jpg 300w, https:\/\/atlantica.cielavillage.fr\/wp-content\/uploads\/2022\/01\/Camping-Atlantica_sjdl_Cielavillage_BD_224-768x512.jpg 768w, https:\/\/atlantica.cielavillage.fr\/wp-content\/uploads\/2022\/01\/Camping-Atlantica_sjdl_Cielavillage_BD_224.jpg 1500w\" sizes=\"(max-width: 1024px) 100vw, 1024px\" \/><\/figure><\/li><li class=\"blocks-gallery-item\"><figure><img width=\"1024\" height=\"683\" src=\"https:\/\/atlantica.cielavillage.fr\/wp-content\/uploads\/2022\/01\/Camping-Atlantica_sjdl_Cielavillage_BD_228-1024x683.jpg\" alt=\"Camping Atlantica: Camping Atlantica Sjdl Cielavillage Bd 228\" data-id=\"5104\" data-full-url=\"https:\/\/atlantica.cielavillage.fr\/wp-content\/uploads\/2022\/01\/Camping-Atlantica_sjdl_Cielavillage_BD_228.jpg\" data-link=\"https:\/\/atlantica.cielavillage.fr\/camping-pays-basque-avec-parc-aquatique\/attachment\/camping-atlantica_sjdl_cielavillage_bd_228\/\" class=\"wp-image-5104\" srcset=\"https:\/\/atlantica.cielavillage.fr\/wp-content\/uploads\/2022\/01\/Camping-Atlantica_sjdl_Cielavillage_BD_228-1024x683.jpg 1024w, https:\/\/atlantica.cielavillage.fr\/wp-content\/uploads\/2022\/01\/Camping-Atlantica_sjdl_Cielavillage_BD_228-300x200.jpg 300w, https:\/\/atlantica.cielavillage.fr\/wp-content\/uploads\/2022\/01\/Camping-Atlantica_sjdl_Cielavillage_BD_228-768x512.jpg 768w, https:\/\/atlantica.cielavillage.fr\/wp-content\/uploads\/2022\/01\/Camping-Atlantica_sjdl_Cielavillage_BD_228.jpg 1500w\" sizes=\"(max-width: 1024px) 100vw, 1024px\" \/><\/figure><\/li><li class=\"blocks-gallery-item\"><figure><img width=\"1024\" height=\"638\" src=\"https:\/\/atlantica.cielavillage.fr\/wp-content\/uploads\/2022\/01\/plage-Cenitz-1024x638.jpg\" alt=\"\" data-id=\"5039\" data-full-url=\"https:\/\/atlantica.cielavillage.fr\/wp-content\/uploads\/2022\/01\/plage-Cenitz.jpg\" data-link=\"https:\/\/atlantica.cielavillage.fr\/accueil\/attachment\/plage-cenitz\/\" class=\"wp-image-5039\" srcset=\"https:\/\/atlantica.cielavillage.fr\/wp-content\/uploads\/2022\/01\/plage-Cenitz-1024x638.jpg 1024w, https:\/\/atlantica.cielavillage.fr\/wp-content\/uploads\/2022\/01\/plage-Cenitz-300x187.jpg 300w, https:\/\/atlantica.cielavillage.fr\/wp-content\/uploads\/2022\/01\/plage-Cenitz-768x478.jpg 768w, https:\/\/atlantica.cielavillage.fr\/wp-content\/uploads\/2022\/01\/plage-Cenitz-1536x957.jpg 1536w, https:\/\/atlantica.cielavillage.fr\/wp-content\/uploads\/2022\/01\/plage-Cenitz-2048x1275.jpg 2048w\" sizes=\"(max-width: 1024px) 100vw, 1024px\" \/><\/figure><\/li><\/ul><\/figure>\n<\/div>\n\n\n\n<div class=\"wp-block-column is-vertically-aligned-center\">\n<h2 class=\"has-blanc-color has-text-color\">Al remojo<\/h2>\n\n\n\n<p>Y para cambiar de aires y probar otras cosas aparte de las <strong>piscinas climatizadas en las vacaciones<\/strong> puedes tomar el caminito con tu familia para ir a la <strong>playa de Cenitz o Mayarco a pie<\/strong> desde el camping.<\/p>\n\n\n\n<p>Toma el aire en la costa Atl\u00e1ntica con un paseo por la orilla del mar, date un ba\u00f1ito o t\u00fambate al sol para broncearte y darte a la holganza bajo el sol lucense. <strong>Piscina y playa al lado<\/strong>: la combnaci\u00f3n ganadora para tener las mejores vacaciones.<\/p>\n<\/div>\n<\/div>\n<\/div><\/div>\n\n\n\n<div class=\"wp-block-cover boxage fond-palmiers\" style=\"min-height:442px\"><img width=\"848\" height=\"566\" class=\"wp-block-cover__image-background wp-image-5109\" alt=\"\" src=\"https:\/\/atlantica.cielavillage.fr\/wp-content\/uploads\/2022\/01\/basque-camping-atlantica-ciela-village-23.jpg\" style=\"object-position:51% 69%\" data-object-fit=\"cover\" data-object-position=\"51% 69%\" srcset=\"https:\/\/atlantica.cielavillage.fr\/wp-content\/uploads\/2022\/01\/basque-camping-atlantica-ciela-village-23.jpg 848w, https:\/\/atlantica.cielavillage.fr\/wp-content\/uploads\/2022\/01\/basque-camping-atlantica-ciela-village-23-300x200.jpg 300w, https:\/\/atlantica.cielavillage.fr\/wp-content\/uploads\/2022\/01\/basque-camping-atlantica-ciela-village-23-768x513.jpg 768w\" sizes=\"(max-width: 848px) 100vw, 848px\" \/><div class=\"wp-block-cover__inner-container\">\n<div class=\"wp-block-group encart_banniere left has-primaire-background-color has-background\"><div class=\"wp-block-group__inner-container\">\n<p class=\"has-text-align-center titre-h3\">P\u00e1salo a\u00fan mejor<\/p>\n\n\n\n<p class=\"has-text-align-center has-typo-color has-text-color\">El camping Atlantica ofrece m\u00faltiples actividades en su espacio acu\u00e1tico y para toda la familia<\/p>\n\n\n\n<div class=\"wp-block-buttons is-content-justification-center\">\n<div class=\"wp-block-button\"><a class=\"wp-block-button__link\" href=\"https:\/\/atlantica.cielavillage.fr\/es\/actividades-y-entretenimiento\/\">Ven a conocer nuestras actividades<\/a><\/div>\n<\/div>\n<\/div><\/div>\n<\/div><\/div>\n\n\n\n<p><\/p>\n","protected":false},"excerpt":{"rendered":"<p>Un camping en el Pa\u00eds Vasco franc\u00e9s con una hermosa zona acu\u00e1tica Elige nuestro camping Atlantica para pasar tus vacaciones en familia en el Pa\u00eds Vasco franc\u00e9s y disfruta de la piscina exterior y sus 3 nuevos toboganes. Piscina climatizada 3 toboganes 2 piscinas Juegos infantiles &gt; Ver la galer\u00eda La garant\u00eda de unas vacaciones [&hellip;]<\/p>\n","protected":false},"author":1,"featured_media":6650,"parent":0,"menu_order":0,"comment_status":"closed","ping_status":"closed","template":"","meta":[],"_links":{"self":[{"href":"https:\/\/atlantica.cielavillage.fr\/es\/wp-json\/wp\/v2\/pages\/5693"}],"collection":[{"href":"https:\/\/atlantica.cielavillage.fr\/es\/wp-json\/wp\/v2\/pages"}],"about":[{"href":"https:\/\/atlantica.cielavillage.fr\/es\/wp-json\/wp\/v2\/types\/page"}],"author":[{"embeddable":true,"href":"https:\/\/atlantica.cielavillage.fr\/es\/wp-json\/wp\/v2\/users\/1"}],"replies":[{"embeddable":true,"href":"https:\/\/atlantica.cielavillage.fr\/es\/wp-json\/wp\/v2\/comments?post=5693"}],"version-history":[{"count":6,"href":"https:\/\/atlantica.cielavillage.fr\/es\/wp-json\/wp\/v2\/pages\/5693\/revisions"}],"predecessor-version":[{"id":210680,"href":"https:\/\/atlantica.cielavillage.fr\/es\/wp-json\/wp\/v2\/pages\/5693\/revisions\/210680"}],"wp:featuredmedia":[{"embeddable":true,"href":"https:\/\/atlantica.cielavillage.fr\/es\/wp-json\/wp\/v2\/media\/6650"}],"wp:attachment":[{"href":"https:\/\/atlantica.cielavillage.fr\/es\/wp-json\/wp\/v2\/media?parent=5693"}],"curies":[{"name":"wp","href":"https:\/\/api.w.org\/{rel}","templated":true}]}}