{"id":5691,"date":"2022-02-15T10:18:45","date_gmt":"2022-02-15T09:18:45","guid":{"rendered":"https:\/\/atlantica.cielavillage.fr\/alojamientos\/"},"modified":"2026-03-17T11:50:26","modified_gmt":"2026-03-17T10:50:26","slug":"alojamientos","status":"publish","type":"page","link":"https:\/\/atlantica.cielavillage.fr\/es\/alojamientos\/","title":{"rendered":"Alojamientos"},"content":{"rendered":"\n<div class=\"wp-block-cover bloc-header\"><img width=\"2560\" height=\"1707\" class=\"wp-block-cover__image-background wp-image-8272\" alt=\"\" src=\"https:\/\/atlantica.cielavillage.fr\/wp-content\/uploads\/2024\/10\/293-Camping-Pays-Basque-Atlantica-Ciela-Village-Nouvelle-Zone-scaled.jpg\" data-object-fit=\"cover\" srcset=\"https:\/\/atlantica.cielavillage.fr\/wp-content\/uploads\/2024\/10\/293-Camping-Pays-Basque-Atlantica-Ciela-Village-Nouvelle-Zone-scaled.jpg 2560w, https:\/\/atlantica.cielavillage.fr\/wp-content\/uploads\/2024\/10\/293-Camping-Pays-Basque-Atlantica-Ciela-Village-Nouvelle-Zone-300x200.jpg 300w, https:\/\/atlantica.cielavillage.fr\/wp-content\/uploads\/2024\/10\/293-Camping-Pays-Basque-Atlantica-Ciela-Village-Nouvelle-Zone-1024x683.jpg 1024w, https:\/\/atlantica.cielavillage.fr\/wp-content\/uploads\/2024\/10\/293-Camping-Pays-Basque-Atlantica-Ciela-Village-Nouvelle-Zone-768x512.jpg 768w, https:\/\/atlantica.cielavillage.fr\/wp-content\/uploads\/2024\/10\/293-Camping-Pays-Basque-Atlantica-Ciela-Village-Nouvelle-Zone-1536x1024.jpg 1536w, https:\/\/atlantica.cielavillage.fr\/wp-content\/uploads\/2024\/10\/293-Camping-Pays-Basque-Atlantica-Ciela-Village-Nouvelle-Zone-2048x1365.jpg 2048w\" sizes=\"(max-width: 2560px) 100vw, 2560px\" \/><div class=\"wp-block-cover__inner-container\">\n<p class=\"has-text-align-center has-large-font-size\"><\/p>\n<\/div><\/div>\n\n\n\n<div class=\"wp-block-columns are-vertically-aligned-center boxage-bottom boxage\">\n<div class=\"wp-block-column is-vertically-aligned-center\">\n<h1 class=\"has-text-align-left\">Alquiler de mobil home <em>en el camping Saint Jean de Luz en el Pa\u00eds Vasco&nbsp;<\/em><\/h1>\n\n\n\n<p>Para sus vacaciones en el Pa\u00eds Vasco, el camping 4 estrellas San Juan de Luz le propone una selecci\u00f3n de alojamientos en mobil homes y tiendas de campa\u00f1a tan pr\u00e1cticos como confortables. Le proponemos una amplia gama de mobil-homes, entre ellos mobil-homes con SPA privado, a s\u00f3lo 650 metros de la playa y del oc\u00e9ano Atl\u00e1ntico.<\/p>\n\n\n\n<p><\/p>\n<\/div>\n\n\n\n<div class=\"wp-block-column is-vertically-aligned-center\">\n<div class=\"wp-block-columns bloc-icons\">\n<div class=\"wp-block-column\">\n<i class=\"fc-salon\"><\/i>\n\n\n\n<p>Campings<\/p>\n\n\n\n<p class=\"has-primaire-color has-text-color\"><strong>Sociable<\/strong><\/p>\n<\/div>\n\n\n\n<div class=\"wp-block-column\">\n<i class=\"fc-lit\"><\/i>\n\n\n\n<p>Casa m\u00f3vil<\/p>\n\n\n\n<p class=\"has-primaire-color has-text-color\"><strong>Confortable<\/strong><\/p>\n<\/div>\n\n\n\n<div class=\"wp-block-column\">\n<i class=\"fc-plus1\"><\/i>\n\n\n\n<p>Alojamiento<\/p>\n\n\n\n<p class=\"has-primaire-color has-text-color\"><strong>Totalmente equipado<\/strong><\/p>\n<\/div>\n\n\n\n<div class=\"wp-block-column\">\n<i class=\"fc-jacuzzi\"><\/i>\n\n\n\n<p>Excepci\u00f3n para autocaravanas<\/p>\n\n\n\n<p class=\"has-primaire-color has-text-color\">con jacuzzi privado<\/p>\n<\/div>\n<\/div>\n<\/div>\n<\/div>\n\n\n\n<div class=\"wp-block-columns fond-blob boxage boxage-bottom\">\n<div class=\"wp-block-column bloc-image\" style=\"padding-bottom:60px\">\n<figure class=\"wp-block-image size-large\"><img width=\"1024\" height=\"681\" src=\"https:\/\/atlantica.cielavillage.fr\/wp-content\/uploads\/2022\/10\/121_Camping_Landes_Ciela_Village_Atlantica_Emplacements_88-1024x681.jpg\" alt=\"\" class=\"wp-image-6370\" srcset=\"https:\/\/atlantica.cielavillage.fr\/wp-content\/uploads\/2022\/10\/121_Camping_Landes_Ciela_Village_Atlantica_Emplacements_88-1024x681.jpg 1024w, https:\/\/atlantica.cielavillage.fr\/wp-content\/uploads\/2022\/10\/121_Camping_Landes_Ciela_Village_Atlantica_Emplacements_88-300x200.jpg 300w, https:\/\/atlantica.cielavillage.fr\/wp-content\/uploads\/2022\/10\/121_Camping_Landes_Ciela_Village_Atlantica_Emplacements_88-768x511.jpg 768w, https:\/\/atlantica.cielavillage.fr\/wp-content\/uploads\/2022\/10\/121_Camping_Landes_Ciela_Village_Atlantica_Emplacements_88-1536x1022.jpg 1536w, https:\/\/atlantica.cielavillage.fr\/wp-content\/uploads\/2022\/10\/121_Camping_Landes_Ciela_Village_Atlantica_Emplacements_88-2048x1362.jpg 2048w\" sizes=\"(max-width: 1024px) 100vw, 1024px\" \/><\/figure>\n<\/div>\n\n\n\n<div class=\"wp-block-column\" style=\"flex-basis:40%\">\n<h2 class=\"has-primaire-color has-text-color\">Descubra nuestras casas m\u00f3viles <em>en San Juan de Luz en el Pa\u00eds Vasco<\/em><\/h2>\n\n\n\n<p>Descubra nuestra gama de alojamientos de alquiler en el Pa\u00eds Vasco. Con nuestros mobil-homes de 2 habitaciones, podr\u00e1 venir con toda la familia o s\u00f3lo con sus amigos: cada uno tendr\u00e1 su propio espacio. Entre todos nuestros modelos, \u00a1seguro que encuentras el que mejor se adapta a ti!<\/p>\n\n\n\n<p>Todas nuestras casas m\u00f3viles est\u00e1n situadas en parcelas con \u00e1rboles y flores, y disponen de una bonita terraza para que pueda disfrutar al m\u00e1ximo del entorno id\u00edlico y la tranquilidad del camping.&nbsp;<\/p>\n\n\n\n<p>Si se va de vacaciones con la familia o los amigos, necesitar\u00e1 un alojamiento espacioso y perfectamente funcional. Le proponemos una gama de mobil-homes de 3 habitaciones con capacidad para 6 personas, para que pueda compartir momentos felices en compa\u00f1\u00eda. Adem\u00e1s, encontrar\u00e1 todo el equipamiento necesario para sentirse como en casa: cocina totalmente equipada, cuarto de ba\u00f1o, WC y terraza con muebles de jard\u00edn.&nbsp;<\/p>\n\n\n\n<div class=\"wp-block-buttons btn_resa\">\n<div class=\"wp-block-button\"><a class=\"wp-block-button__link has-secondaire-background-color has-background\" style=\"border-radius:7px\"> <i class=\"fc-arrow-right\"><\/i> Ven a conocer nuestras mobil-homes<\/a><\/div>\n<\/div>\n<\/div>\n<\/div>\n\n\n\n<div class=\"wp-block-columns fond_lignes boxage\">\n<div class=\"wp-block-column\" style=\"flex-basis:35%\">\n<div style=\"height:50px\" aria-hidden=\"true\" class=\"wp-block-spacer\"><\/div>\n\n\n\n<h2 class=\"has-primaire-color has-text-color\">Casas m\u00f3viles y chal\u00e9s de lujo <em>en San Juan de Luz<\/em><\/h2>\n\n\n\n<p>Nuestro camping de 4 estrellas le propone mobil-homes y chal\u00e9s de gama alta con alojamientos m\u00e1s espaciosos de 28 a 42 m\u00b2. Estos alquileres de mobil-homes est\u00e1n equipados con accesorios y equipamientos adicionales para que disfrutes de una mayor comodidad durante tus vacaciones en San Juan de Luz.<\/p>\n\n\n\n<p>Tambi\u00e9n puede disfrutar de un alquiler Prestige o Privil\u00e8ge, que incluye una terraza m\u00e1s amplia de 18 m\u00b2 para relajarse en familia o con amigos. Tambi\u00e9n dispone de cocina equipada con lavavajillas, aseo y ducha independientes, etc.<\/p>\n\n\n\n<h3 class=\"has-primaire-color has-text-color\">Mobil home Exception avec jacuzzi privatif<\/h3>\n\n\n\n<p>Como novedad este a\u00f1o, descubra nuestras mobil-homes con jacuzzi privado, para que pueda relajarse sin salir de la comodidad de su mobil-home. Disfrute de unas vacaciones de alta gama en nuestro camping de la Costa Vasca.<\/p>\n\n\n\n<p>As\u00ed podr\u00e1 disfrutar de una c\u00f3moda estancia con su familia o amigos en San Juan de Luz.<\/p>\n\n\n\n<div class=\"wp-block-buttons btn_resa\">\n<div class=\"wp-block-button\"><a class=\"wp-block-button__link has-secondaire-background-color has-background\" style=\"border-radius:7px\"><i class=\"fc-arrow-right\"><\/i> Disponibilidad<\/a><\/div>\n<\/div>\n<\/div>\n\n\n\n<div class=\"wp-block-column bloc-images-2\">\n<figure class=\"wp-block-gallery columns-3 is-cropped\"><ul class=\"blocks-gallery-grid\"><li class=\"blocks-gallery-item\"><figure><img width=\"1280\" height=\"960\" src=\"https:\/\/atlantica.cielavillage.fr\/wp-content\/uploads\/2025\/10\/20250523_123347.webp\" alt=\"Camping Atlantica : 20250523 123347\" data-id=\"205705\" data-full-url=\"https:\/\/atlantica.cielavillage.fr\/wp-content\/uploads\/2025\/10\/20250523_123347.webp\" data-link=\"https:\/\/atlantica.cielavillage.fr\/mobil-home-pays-basque\/attachment\/20250523_123347-2\/\" class=\"wp-image-205705\" srcset=\"https:\/\/atlantica.cielavillage.fr\/wp-content\/uploads\/2025\/10\/20250523_123347.webp 1280w, https:\/\/atlantica.cielavillage.fr\/wp-content\/uploads\/2025\/10\/20250523_123347-300x225.webp 300w, https:\/\/atlantica.cielavillage.fr\/wp-content\/uploads\/2025\/10\/20250523_123347-1024x768.webp 1024w, https:\/\/atlantica.cielavillage.fr\/wp-content\/uploads\/2025\/10\/20250523_123347-768x576.webp 768w\" sizes=\"(max-width: 1280px) 100vw, 1280px\" \/><\/figure><\/li><li class=\"blocks-gallery-item\"><figure><img width=\"2560\" height=\"1707\" src=\"https:\/\/atlantica.cielavillage.fr\/wp-content\/uploads\/2024\/10\/293-Camping-Pays-Basque-Atlantica-Ciela-Village-Nouvelle-Zone-scaled.jpg\" alt=\"\" data-id=\"8275\" data-full-url=\"https:\/\/atlantica.cielavillage.fr\/wp-content\/uploads\/2024\/10\/293-Camping-Pays-Basque-Atlantica-Ciela-Village-Nouvelle-Zone-scaled.jpg\" data-link=\"https:\/\/atlantica.cielavillage.fr\/mobil-home-pays-basque\/attachment\/293-camping-pays-basque-atlantica-ciela-village-nouvelle-zone-2\/\" class=\"wp-image-8275\" srcset=\"https:\/\/atlantica.cielavillage.fr\/wp-content\/uploads\/2024\/10\/293-Camping-Pays-Basque-Atlantica-Ciela-Village-Nouvelle-Zone-scaled.jpg 2560w, https:\/\/atlantica.cielavillage.fr\/wp-content\/uploads\/2024\/10\/293-Camping-Pays-Basque-Atlantica-Ciela-Village-Nouvelle-Zone-300x200.jpg 300w, https:\/\/atlantica.cielavillage.fr\/wp-content\/uploads\/2024\/10\/293-Camping-Pays-Basque-Atlantica-Ciela-Village-Nouvelle-Zone-1024x683.jpg 1024w, https:\/\/atlantica.cielavillage.fr\/wp-content\/uploads\/2024\/10\/293-Camping-Pays-Basque-Atlantica-Ciela-Village-Nouvelle-Zone-768x512.jpg 768w, https:\/\/atlantica.cielavillage.fr\/wp-content\/uploads\/2024\/10\/293-Camping-Pays-Basque-Atlantica-Ciela-Village-Nouvelle-Zone-1536x1024.jpg 1536w, https:\/\/atlantica.cielavillage.fr\/wp-content\/uploads\/2024\/10\/293-Camping-Pays-Basque-Atlantica-Ciela-Village-Nouvelle-Zone-2048x1365.jpg 2048w\" sizes=\"(max-width: 2560px) 100vw, 2560px\" \/><\/figure><\/li><li class=\"blocks-gallery-item\"><figure><img width=\"1152\" height=\"2048\" src=\"https:\/\/atlantica.cielavillage.fr\/wp-content\/uploads\/2025\/10\/IMG-20250523-WA0024.webp\" alt=\"Camping Atlantica : Img 20250523 Wa0024\" data-id=\"205710\" data-full-url=\"https:\/\/atlantica.cielavillage.fr\/wp-content\/uploads\/2025\/10\/IMG-20250523-WA0024.webp\" data-link=\"https:\/\/atlantica.cielavillage.fr\/mobil-home-pays-basque\/attachment\/img-20250523-wa0024-2\/\" class=\"wp-image-205710\" srcset=\"https:\/\/atlantica.cielavillage.fr\/wp-content\/uploads\/2025\/10\/IMG-20250523-WA0024.webp 1152w, https:\/\/atlantica.cielavillage.fr\/wp-content\/uploads\/2025\/10\/IMG-20250523-WA0024-169x300.webp 169w, https:\/\/atlantica.cielavillage.fr\/wp-content\/uploads\/2025\/10\/IMG-20250523-WA0024-576x1024.webp 576w, https:\/\/atlantica.cielavillage.fr\/wp-content\/uploads\/2025\/10\/IMG-20250523-WA0024-768x1365.webp 768w, https:\/\/atlantica.cielavillage.fr\/wp-content\/uploads\/2025\/10\/IMG-20250523-WA0024-864x1536.webp 864w\" sizes=\"(max-width: 1152px) 100vw, 1152px\" \/><\/figure><\/li><\/ul><\/figure>\n\n\n\n<p class=\"has-text-align-right\"><a href=\"https:\/\/atlantica.cielavillage.fr\/es\/galeria-de-fotos\/\" data-type=\"page\" data-id=\"5695\">&gt; Ver la galer\u00eda<\/a><\/p>\n<\/div>\n<\/div>\n\n\n\n<div class=\"wp-block-columns alignfull fond-vague boxage has-primaire-background-color has-background\">\n<div class=\"wp-block-column is-vertically-aligned-center\" style=\"padding-bottom:40px;padding-left:0px\">\n<figure class=\"wp-block-image size-large\"><img width=\"1024\" height=\"753\" src=\"https:\/\/atlantica.cielavillage.fr\/wp-content\/uploads\/2022\/01\/cotton-2ch-8-1024x753.jpg\" alt=\"\" class=\"wp-image-5024\" srcset=\"https:\/\/atlantica.cielavillage.fr\/wp-content\/uploads\/2022\/01\/cotton-2ch-8-1024x753.jpg 1024w, https:\/\/atlantica.cielavillage.fr\/wp-content\/uploads\/2022\/01\/cotton-2ch-8-300x221.jpg 300w, https:\/\/atlantica.cielavillage.fr\/wp-content\/uploads\/2022\/01\/cotton-2ch-8-768x565.jpg 768w, https:\/\/atlantica.cielavillage.fr\/wp-content\/uploads\/2022\/01\/cotton-2ch-8.jpg 1370w\" sizes=\"(max-width: 1024px) 100vw, 1024px\" \/><\/figure>\n<\/div>\n\n\n\n<div class=\"wp-block-column is-vertically-aligned-top\" style=\"padding-bottom:10%\">\n<h2 class=\"has-blanc-color has-text-color\">Ins\u00f3lita estancia en una tienda Lodge <em>en la Costa Vasca<\/em><\/h2>\n\n\n\n<p>\u00bfBusca un alojamiento ins\u00f3lito en San Juan de Luz? Situados en un magn\u00edfico entorno, nuestros Lodges Ciela Nature ofrecen 2 dormitorios y hasta 5 camas con todas las comodidades de una casa m\u00f3vil. Disfrute de una cocina totalmente equipada, una estufa de gas, un cuarto de ducha con aseo independiente y una terraza cubierta totalmente equipada para prolongar sus veladas estivales.<\/p>\n\n\n\n<div class=\"wp-block-group encart\"><div class=\"wp-block-group__inner-container\">\n<p>Una estancia inusual en una tienda de campa\u00f1a en el albergue Ciela Nature es el arte de acampar c\u00f3modamente sin tener que llevar tu propio equipo.<\/p>\n<\/div><\/div>\n\n\n\n<p>Aproveche los servicios 4 estrellas de nuestro camping en San Juan de Luz para disfrutar de unas agradables vacaciones en el suroeste de Francia.<\/p>\n\n\n\n<p>Descubra las playas de San Juan de Luz. Ya sea aficionado a los deportes n\u00e1uticos o simplemente busque un d\u00eda de descanso en la arena dorada, las playas de San Juan de Luz lo tienen todo. Disfrute de un ambiente acogedor y descubra el verdadero arte de vivir en la costa vasca.<\/p>\n\n\n\n<div class=\"wp-block-buttons btn_resa\">\n<div class=\"wp-block-button\"><a class=\"wp-block-button__link has-blanc-color has-secondaire-background-color has-text-color has-background\" style=\"border-radius:7px\"> <i class=\"fc-arrow-right\"><\/i> Ven a conocer nuestras lodges<\/a><\/div>\n<\/div>\n<\/div>\n<\/div>\n\n\n\n<div class=\"wp-block-cover boxage\"><img width=\"2560\" height=\"1707\" class=\"wp-block-cover__image-background wp-image-8285\" alt=\"\" src=\"https:\/\/atlantica.cielavillage.fr\/wp-content\/uploads\/2024\/10\/222-Camping-Pays-Basque-Atlantica-Ciela-Village-Parc-Terrasse-Bar-scaled.jpg\" style=\"object-position:59% 50%\" data-object-fit=\"cover\" data-object-position=\"59% 50%\" srcset=\"https:\/\/atlantica.cielavillage.fr\/wp-content\/uploads\/2024\/10\/222-Camping-Pays-Basque-Atlantica-Ciela-Village-Parc-Terrasse-Bar-scaled.jpg 2560w, https:\/\/atlantica.cielavillage.fr\/wp-content\/uploads\/2024\/10\/222-Camping-Pays-Basque-Atlantica-Ciela-Village-Parc-Terrasse-Bar-300x200.jpg 300w, https:\/\/atlantica.cielavillage.fr\/wp-content\/uploads\/2024\/10\/222-Camping-Pays-Basque-Atlantica-Ciela-Village-Parc-Terrasse-Bar-1024x683.jpg 1024w, https:\/\/atlantica.cielavillage.fr\/wp-content\/uploads\/2024\/10\/222-Camping-Pays-Basque-Atlantica-Ciela-Village-Parc-Terrasse-Bar-768x512.jpg 768w, https:\/\/atlantica.cielavillage.fr\/wp-content\/uploads\/2024\/10\/222-Camping-Pays-Basque-Atlantica-Ciela-Village-Parc-Terrasse-Bar-1536x1024.jpg 1536w, https:\/\/atlantica.cielavillage.fr\/wp-content\/uploads\/2024\/10\/222-Camping-Pays-Basque-Atlantica-Ciela-Village-Parc-Terrasse-Bar-2048x1365.jpg 2048w\" sizes=\"(max-width: 2560px) 100vw, 2560px\" \/><div class=\"wp-block-cover__inner-container\">\n<div class=\"wp-block-group encart_banniere center has-typo-color has-primaire-background-color has-text-color has-background\"><div class=\"wp-block-group__inner-container\">\n<h2>Descubra los servicios 4 estrellas <em>del camping St Jean de Luz<\/em><\/h2>\n\n\n\n<p class=\"has-typo-color has-text-color\">Entre 2 chapuzones en la piscina, nuestro camping Saint Jean de Luz ofrece servicios de 4 estrellas con restaurante en un ambiente marinero. Hay un servicio de autob\u00fas a la entrada del camping, para que pueda dejar el coche y llevar a los ni\u00f1os a las numerosas playas de San Juan de Luz, a solo 1 km.<\/p>\n\n\n\n<p class=\"has-typo-color has-text-color\">\u00bfPrefiere ir a la playa en bicicleta? Puede alquilar una bicicleta y recibirla directamente en el camping sin tener que preocuparse de nada. El camping tambi\u00e9n ofrece wifi, lavander\u00eda y muchas actividades y entretenimiento.<\/p>\n\n\n\n<p>Nuestro camping a orillas del mar ofrece una amplia gama de alojamientos y actividades para toda la familia. Una estancia en el camping Atlantica es una oportunidad para descubrir el Pa\u00eds Vasco y Aquitania: Biarritz, Hendaya, Sare y muchos otros. Descubra el suroeste de Francia, entre la costa atl\u00e1ntica y los Pirineos. La regi\u00f3n de Nouvelle Aquitaine le reserva maravillosas sorpresas y magn\u00edficos paisajes.<\/p>\n\n\n\n<div class=\"wp-block-buttons\">\n<div class=\"wp-block-button\"><a class=\"wp-block-button__link\" href=\"https:\/\/atlantica.cielavillage.fr\/es\/servicios\/\" target=\"_blank\" rel=\"noreferrer noopener\">Servicios<\/a><\/div>\n<\/div>\n\n\n\n<p><\/p>\n<\/div><\/div>\n<\/div><\/div>\n","protected":false},"excerpt":{"rendered":"<p>Alquiler de mobil home en el camping Saint Jean de Luz en el Pa\u00eds Vasco&nbsp; Para sus vacaciones en el Pa\u00eds Vasco, el camping 4 estrellas San Juan de Luz le propone una selecci\u00f3n de alojamientos en mobil homes y tiendas de campa\u00f1a tan pr\u00e1cticos como confortables. Le proponemos una amplia gama de mobil-homes, entre [&hellip;]<\/p>\n","protected":false},"author":1,"featured_media":6370,"parent":0,"menu_order":0,"comment_status":"closed","ping_status":"closed","template":"","meta":[],"_links":{"self":[{"href":"https:\/\/atlantica.cielavillage.fr\/es\/wp-json\/wp\/v2\/pages\/5691"}],"collection":[{"href":"https:\/\/atlantica.cielavillage.fr\/es\/wp-json\/wp\/v2\/pages"}],"about":[{"href":"https:\/\/atlantica.cielavillage.fr\/es\/wp-json\/wp\/v2\/types\/page"}],"author":[{"embeddable":true,"href":"https:\/\/atlantica.cielavillage.fr\/es\/wp-json\/wp\/v2\/users\/1"}],"replies":[{"embeddable":true,"href":"https:\/\/atlantica.cielavillage.fr\/es\/wp-json\/wp\/v2\/comments?post=5691"}],"version-history":[{"count":6,"href":"https:\/\/atlantica.cielavillage.fr\/es\/wp-json\/wp\/v2\/pages\/5691\/revisions"}],"predecessor-version":[{"id":210668,"href":"https:\/\/atlantica.cielavillage.fr\/es\/wp-json\/wp\/v2\/pages\/5691\/revisions\/210668"}],"wp:featuredmedia":[{"embeddable":true,"href":"https:\/\/atlantica.cielavillage.fr\/es\/wp-json\/wp\/v2\/media\/6370"}],"wp:attachment":[{"href":"https:\/\/atlantica.cielavillage.fr\/es\/wp-json\/wp\/v2\/media?parent=5691"}],"curies":[{"name":"wp","href":"https:\/\/api.w.org\/{rel}","templated":true}]}}