{"id":5689,"date":"2022-02-15T10:18:38","date_gmt":"2022-02-15T09:18:38","guid":{"rendered":"https:\/\/atlantica.cielavillage.fr\/servicios\/"},"modified":"2026-03-17T11:54:19","modified_gmt":"2026-03-17T10:54:19","slug":"servicios","status":"publish","type":"page","link":"https:\/\/atlantica.cielavillage.fr\/es\/servicios\/","title":{"rendered":"Servicios"},"content":{"rendered":"\n<div class=\"wp-block-cover bloc-header\"><img width=\"1920\" height=\"1348\" class=\"wp-block-cover__image-background wp-image-8362\" alt=\"\" src=\"https:\/\/atlantica.cielavillage.fr\/wp-content\/uploads\/2024\/10\/229-Camping-Pays-Basque-Atlantica-Ciela-Village-Parc-Terrasse-Bar-jpg.jpg\" style=\"object-position:50% 53%\" data-object-fit=\"cover\" data-object-position=\"50% 53%\" srcset=\"https:\/\/atlantica.cielavillage.fr\/wp-content\/uploads\/2024\/10\/229-Camping-Pays-Basque-Atlantica-Ciela-Village-Parc-Terrasse-Bar-jpg.jpg 1920w, https:\/\/atlantica.cielavillage.fr\/wp-content\/uploads\/2024\/10\/229-Camping-Pays-Basque-Atlantica-Ciela-Village-Parc-Terrasse-Bar-jpg-300x211.jpg 300w, https:\/\/atlantica.cielavillage.fr\/wp-content\/uploads\/2024\/10\/229-Camping-Pays-Basque-Atlantica-Ciela-Village-Parc-Terrasse-Bar-jpg-1024x719.jpg 1024w, https:\/\/atlantica.cielavillage.fr\/wp-content\/uploads\/2024\/10\/229-Camping-Pays-Basque-Atlantica-Ciela-Village-Parc-Terrasse-Bar-jpg-768x539.jpg 768w, https:\/\/atlantica.cielavillage.fr\/wp-content\/uploads\/2024\/10\/229-Camping-Pays-Basque-Atlantica-Ciela-Village-Parc-Terrasse-Bar-jpg-1536x1078.jpg 1536w\" sizes=\"(max-width: 1920px) 100vw, 1920px\" \/><div class=\"wp-block-cover__inner-container\">\n<p class=\"has-text-align-center has-large-font-size\"><\/p>\n<\/div><\/div>\n\n\n\n<div class=\"wp-block-columns alignfull are-vertically-aligned-center boxage-bottom boxage\">\n<div class=\"wp-block-column is-vertically-aligned-center\">\n<h1 class=\"has-text-align-left\">Servicios de 4 estrellas en un camping del Pa\u00eds Vasco<\/h1>\n\n\n\n<p>Servicios de calidad para unas vacaciones de ensue\u00f1o en el Pa\u00eds Vasco en el camping Atl\u00e1ntica de San Juan de Luz. Nuestro equipo est\u00e1 a su disposici\u00f3n durante toda su estancia, listo para responder a sus preguntas y aconsejarle sobre los lugares que puede visitar en los alrededores.<\/p>\n<\/div>\n\n\n\n<div class=\"wp-block-column is-vertically-aligned-center\">\n<div class=\"wp-block-columns bloc-icons\">\n<div class=\"wp-block-column\">\n<i class=\"fc-restau\"><\/i>\n\n\n\n<p>Nuestro<\/p>\n\n\n\n<p class=\"has-primaire-color has-text-color\"><strong>restaurante<\/strong><\/p>\n<\/div>\n\n\n\n<div class=\"wp-block-column\">\n<i class=\"fc-plus1\"><\/i>\n\n\n\n<p>Servicios<\/p>\n\n\n\n<p class=\"has-primaire-color has-text-color\"><strong>tope de gama<\/strong><\/p>\n<\/div>\n\n\n\n<div class=\"wp-block-column\">\n<i class=\"fc-wifi\"><\/i>\n\n\n\n<p>Acceso gratuito<\/p>\n\n\n\n<p class=\"has-primaire-color has-text-color\"><strong>wifi<\/strong><\/p>\n<\/div>\n<\/div>\n<\/div>\n<\/div>\n\n\n\n<div class=\"wp-block-columns alignfull are-vertically-aligned-center boxage boxage-bottom has-blanc-background-color has-background\">\n<div class=\"wp-block-column bloc-images-3\">\n<figure class=\"wp-block-gallery columns-3 is-cropped\"><ul class=\"blocks-gallery-grid\"><li class=\"blocks-gallery-item\"><figure><img width=\"300\" height=\"300\" src=\"https:\/\/atlantica.cielavillage.fr\/wp-content\/uploads\/2021\/12\/gastronomie_basque-cf036829885b5ef248f1ab794b85fc1a.jpg\" alt=\"Camping La Rive: Gastronom\u00eda vasca Cf036829885b5ef248f1ab794b85fc1a\" data-id=\"3596\" data-full-url=\"https:\/\/atlantica.cielavillage.fr\/wp-content\/uploads\/2021\/12\/gastronomie_basque-cf036829885b5ef248f1ab794b85fc1a.jpg\" data-link=\"https:\/\/atlantica.cielavillage.fr\/camping-pays-basque-avec-parc-aquatique\/attachment\/gastronomie_basque-cf036829885b5ef248f1ab794b85fc1a\/\" class=\"wp-image-3596\" srcset=\"https:\/\/atlantica.cielavillage.fr\/wp-content\/uploads\/2021\/12\/gastronomie_basque-cf036829885b5ef248f1ab794b85fc1a.jpg 300w, https:\/\/atlantica.cielavillage.fr\/wp-content\/uploads\/2021\/12\/gastronomie_basque-cf036829885b5ef248f1ab794b85fc1a-150x150.jpg 150w, https:\/\/atlantica.cielavillage.fr\/wp-content\/uploads\/2021\/12\/gastronomie_basque-cf036829885b5ef248f1ab794b85fc1a-200x200.jpg 200w\" sizes=\"(max-width: 300px) 100vw, 300px\" \/><\/figure><\/li><li class=\"blocks-gallery-item\"><figure><img width=\"700\" height=\"700\" src=\"https:\/\/atlantica.cielavillage.fr\/wp-content\/uploads\/2024\/10\/221-Camping-Pays-Basque-Atlantica-Ciela-Village-Parc-Terrasse-Bar-700x700.jpg\" alt=\"\" data-id=\"8328\" data-full-url=\"https:\/\/atlantica.cielavillage.fr\/wp-content\/uploads\/2024\/10\/221-Camping-Pays-Basque-Atlantica-Ciela-Village-Parc-Terrasse-Bar-scaled.jpg\" data-link=\"https:\/\/atlantica.cielavillage.fr\/es\/servicios\/attachment\/221-camping-pays-basque-atlantica-ciela-village-parc-terrasse-bar-2\/\" class=\"wp-image-8328\" srcset=\"https:\/\/atlantica.cielavillage.fr\/wp-content\/uploads\/2024\/10\/221-Camping-Pays-Basque-Atlantica-Ciela-Village-Parc-Terrasse-Bar-700x700.jpg 700w, https:\/\/atlantica.cielavillage.fr\/wp-content\/uploads\/2024\/10\/221-Camping-Pays-Basque-Atlantica-Ciela-Village-Parc-Terrasse-Bar-150x150.jpg 150w, https:\/\/atlantica.cielavillage.fr\/wp-content\/uploads\/2024\/10\/221-Camping-Pays-Basque-Atlantica-Ciela-Village-Parc-Terrasse-Bar-200x200.jpg 200w, https:\/\/atlantica.cielavillage.fr\/wp-content\/uploads\/2024\/10\/221-Camping-Pays-Basque-Atlantica-Ciela-Village-Parc-Terrasse-Bar-300x300.jpg 300w, https:\/\/atlantica.cielavillage.fr\/wp-content\/uploads\/2024\/10\/221-Camping-Pays-Basque-Atlantica-Ciela-Village-Parc-Terrasse-Bar-400x400.jpg 400w, https:\/\/atlantica.cielavillage.fr\/wp-content\/uploads\/2024\/10\/221-Camping-Pays-Basque-Atlantica-Ciela-Village-Parc-Terrasse-Bar-500x500.jpg 500w, https:\/\/atlantica.cielavillage.fr\/wp-content\/uploads\/2024\/10\/221-Camping-Pays-Basque-Atlantica-Ciela-Village-Parc-Terrasse-Bar-600x600.jpg 600w, https:\/\/atlantica.cielavillage.fr\/wp-content\/uploads\/2024\/10\/221-Camping-Pays-Basque-Atlantica-Ciela-Village-Parc-Terrasse-Bar-800x800.jpg 800w, https:\/\/atlantica.cielavillage.fr\/wp-content\/uploads\/2024\/10\/221-Camping-Pays-Basque-Atlantica-Ciela-Village-Parc-Terrasse-Bar-1024x1024.jpg 1024w\" sizes=\"(max-width: 700px) 100vw, 700px\" \/><\/figure><\/li><li class=\"blocks-gallery-item\"><figure><img width=\"700\" height=\"700\" src=\"https:\/\/atlantica.cielavillage.fr\/wp-content\/uploads\/2022\/10\/103_Camping_Landes_Ciela_Village_Atlantica_Restaurant-700x700.jpg\" alt=\"\" data-id=\"6470\" data-full-url=\"https:\/\/atlantica.cielavillage.fr\/wp-content\/uploads\/2022\/10\/103_Camping_Landes_Ciela_Village_Atlantica_Restaurant-scaled.jpg\" data-link=\"https:\/\/atlantica.cielavillage.fr\/es\/103_camping_landes_ciela_village_atlantica_restaurant-2\/\" class=\"wp-image-6470\" srcset=\"https:\/\/atlantica.cielavillage.fr\/wp-content\/uploads\/2022\/10\/103_Camping_Landes_Ciela_Village_Atlantica_Restaurant-700x700.jpg 700w, https:\/\/atlantica.cielavillage.fr\/wp-content\/uploads\/2022\/10\/103_Camping_Landes_Ciela_Village_Atlantica_Restaurant-150x150.jpg 150w, https:\/\/atlantica.cielavillage.fr\/wp-content\/uploads\/2022\/10\/103_Camping_Landes_Ciela_Village_Atlantica_Restaurant-200x200.jpg 200w, https:\/\/atlantica.cielavillage.fr\/wp-content\/uploads\/2022\/10\/103_Camping_Landes_Ciela_Village_Atlantica_Restaurant-300x300.jpg 300w, https:\/\/atlantica.cielavillage.fr\/wp-content\/uploads\/2022\/10\/103_Camping_Landes_Ciela_Village_Atlantica_Restaurant-400x400.jpg 400w, https:\/\/atlantica.cielavillage.fr\/wp-content\/uploads\/2022\/10\/103_Camping_Landes_Ciela_Village_Atlantica_Restaurant-500x500.jpg 500w, https:\/\/atlantica.cielavillage.fr\/wp-content\/uploads\/2022\/10\/103_Camping_Landes_Ciela_Village_Atlantica_Restaurant-600x600.jpg 600w, https:\/\/atlantica.cielavillage.fr\/wp-content\/uploads\/2022\/10\/103_Camping_Landes_Ciela_Village_Atlantica_Restaurant-800x800.jpg 800w, https:\/\/atlantica.cielavillage.fr\/wp-content\/uploads\/2022\/10\/103_Camping_Landes_Ciela_Village_Atlantica_Restaurant-1024x1024.jpg 1024w\" sizes=\"(max-width: 700px) 100vw, 700px\" \/><\/figure><\/li><\/ul><\/figure>\n\n\n\n<div class=\"wp-block-buttons\">\n<div class=\"wp-block-button\"><a class=\"wp-block-button__link\" href=\"https:\/\/atlantica.cielavillage.fr\/es\/galeria-de-fotos\/\">Ver la galer\u00eda de fotos<\/a><\/div>\n<\/div>\n<\/div>\n\n\n\n<div class=\"wp-block-column is-vertically-aligned-center\" style=\"padding-bottom:20px;flex-basis:45%\">\n<h2 class=\"has-primaire-color has-text-color\">Comer en el camping en San Juan de Luz<\/h2>\n\n\n\n<p>El restaurante de nuestro camping en San Juan de Luz le acoge en un ambiente tranquilo para disfrutar de momentos de convivencia familiar alrededor de la mesa.<\/p>\n\n\n\n<p>Despu\u00e9s de un ajetreado d\u00eda de vacaciones, puede sentarse a disfrutar de una copa en la terraza del restaurante, acompa\u00f1ada de tapas elaboradas con productos locales. Nuestro equipo tambi\u00e9n ofrece pizzas y veladas tem\u00e1ticas para deleitar a los veraneantes: mejillones con patatas fritas, paella y poulet basquaise. Una aut\u00e9ntica delicia.<\/p>\n\n\n\n<p>Tambi\u00e9n puede encargar pan y boller\u00eda para el d\u00eda siguiente.<\/p>\n\n\n\n<div class=\"wp-block-group encart\"><div class=\"wp-block-group__inner-container\">\n<p>El restaurante ha sido completamente reformado en un ambiente \u00abmarino moderno\u00bb y este a\u00f1o le espera con un nuevo men\u00fa para deleitarle.<\/p>\n<\/div><\/div>\n<\/div>\n<\/div>\n\n\n\n<div class=\"wp-block-group alignfull fond-vague boxage boxage-parent-n fond-lignes-duotone has-primaire-background-color has-background\"><div class=\"wp-block-group__inner-container\">\n<div class=\"wp-block-columns alignfull are-vertically-aligned-center boxage-bottom boxage-n-top\">\n<div class=\"wp-block-column is-vertically-aligned-center\" style=\"flex-basis:45%\">\n<div style=\"height:30px\" aria-hidden=\"true\" class=\"wp-block-spacer\"><\/div>\n\n\n\n<h2 class=\"has-blanc-color has-text-color\">Servicios de autob\u00fas a la playa cerca del camping<\/h2>\n\n\n\n<p>A la entrada de nuestro camping en San Juan de Luz, la red de autobuses Hegobus txik txak le llevar\u00e1 a las playas de Cenitz, Mayarco y Lafitenia, as\u00ed como hasta el centro de San Juan de Luz.<\/p>\n\n\n\n<p>Coger el autob\u00fas es la forma ideal de llegar a las playas sin preocuparse del coche y disfrutar de los placeres de la playa: nadar, relajarse, jugar en el agua o en la arena junto al oc\u00e9ano Atl\u00e1ntico.<\/p>\n\n\n\n<div class=\"wp-block-buttons\">\n<div class=\"wp-block-button\"><a class=\"wp-block-button__link\" href=\"https:\/\/atlantica.cielavillage.fr\/es\/actividades-y-entretenimiento\/\">Actividades y entretenimiento<\/a><\/div>\n<\/div>\n<\/div>\n\n\n\n<div class=\"wp-block-column is-vertically-aligned-center bloc-image\">\n<figure class=\"wp-block-image size-large\"><img width=\"1024\" height=\"768\" src=\"https:\/\/atlantica.cielavillage.fr\/wp-content\/uploads\/2022\/01\/100_1417-1024x768.jpg\" alt=\"\" class=\"wp-image-5216\" srcset=\"https:\/\/atlantica.cielavillage.fr\/wp-content\/uploads\/2022\/01\/100_1417-1024x768.jpg 1024w, https:\/\/atlantica.cielavillage.fr\/wp-content\/uploads\/2022\/01\/100_1417-300x225.jpg 300w, https:\/\/atlantica.cielavillage.fr\/wp-content\/uploads\/2022\/01\/100_1417-768x576.jpg 768w, https:\/\/atlantica.cielavillage.fr\/wp-content\/uploads\/2022\/01\/100_1417-1536x1152.jpg 1536w, https:\/\/atlantica.cielavillage.fr\/wp-content\/uploads\/2022\/01\/100_1417-2048x1536.jpg 2048w\" sizes=\"(max-width: 1024px) 100vw, 1024px\" \/><\/figure>\n<\/div>\n<\/div>\n<\/div><\/div>\n\n\n\n<div class=\"wp-block-columns are-vertically-aligned-center boxage\">\n<div class=\"wp-block-column is-vertically-aligned-center\">\n<h2 class=\"has-primaire-color has-text-color\">Servicios del camping<\/h2>\n\n\n\n<p>Hay una cuna y una trona gratuitas, sujetas a disponibilidad y reserva en recepci\u00f3n. En el cuarto de ba\u00f1o tambi\u00e9n encontrar\u00e1 un cambiador y una peque\u00f1a ba\u00f1era para beb\u00e9s con cabezal de ducha.<\/p>\n\n\n\n<ul><li>Horario de recepci\u00f3n: de 9.00 a 13.00 y de 14.00 a 19.00 en temporada baja y de 8.00 a 20.00 en julio y agosto.<\/li><li>La ropa de cama y las toallas, que no se proporcionan en los bungalows, mobil homes y chal\u00e9s, pueden alquilarse en recepci\u00f3n.<\/li><li>En el camping hay lavadoras y secadoras. Funcionan con monedas.<\/li><li>WiFi disponible en todas las parcelas, mobil homes y chalets: se ofrece 1 conexi\u00f3n a la llegada para 1 dispositivo durante toda la estancia.<\/li><\/ul>\n\n\n\n<div style=\"height:20px\" aria-hidden=\"true\" class=\"wp-block-spacer\"><\/div>\n\n\n\n<h3 class=\"has-primaire-color has-text-color\">Acceso para personas con movilidad reducida (PMR)<\/h3>\n\n\n\n<ul><li>Instalaciones con acceso PMR: la cubierta de la piscina (excluido el ba\u00f1o) y los aseos<\/li><li>Instalaciones sin acceso PMR: alquiler de casas m\u00f3viles y tiendas de lona, actividades: castillo hinchable, campo de petanca y estadio urbano.<\/li><\/ul>\n\n\n\n<p><\/p>\n<\/div>\n<\/div>\n\n\n\n<div class=\"wp-block-cover boxage fond-palmiers\"><img width=\"2560\" height=\"1707\" class=\"wp-block-cover__image-background wp-image-5019\" alt=\"\" src=\"https:\/\/atlantica.cielavillage.fr\/wp-content\/uploads\/2022\/01\/295_Camping_Pays_Basque_Ciela_Village_Atlantica_Hebergements-scaled.jpg\" data-object-fit=\"cover\" srcset=\"https:\/\/atlantica.cielavillage.fr\/wp-content\/uploads\/2022\/01\/295_Camping_Pays_Basque_Ciela_Village_Atlantica_Hebergements-scaled.jpg 2560w, https:\/\/atlantica.cielavillage.fr\/wp-content\/uploads\/2022\/01\/295_Camping_Pays_Basque_Ciela_Village_Atlantica_Hebergements-300x200.jpg 300w, https:\/\/atlantica.cielavillage.fr\/wp-content\/uploads\/2022\/01\/295_Camping_Pays_Basque_Ciela_Village_Atlantica_Hebergements-1024x683.jpg 1024w, https:\/\/atlantica.cielavillage.fr\/wp-content\/uploads\/2022\/01\/295_Camping_Pays_Basque_Ciela_Village_Atlantica_Hebergements-768x512.jpg 768w, https:\/\/atlantica.cielavillage.fr\/wp-content\/uploads\/2022\/01\/295_Camping_Pays_Basque_Ciela_Village_Atlantica_Hebergements-1536x1024.jpg 1536w, https:\/\/atlantica.cielavillage.fr\/wp-content\/uploads\/2022\/01\/295_Camping_Pays_Basque_Ciela_Village_Atlantica_Hebergements-2048x1365.jpg 2048w\" sizes=\"(max-width: 2560px) 100vw, 2560px\" \/><div class=\"wp-block-cover__inner-container\">\n<div class=\"wp-block-group encart_banniere left has-primaire-background-color has-background\"><div class=\"wp-block-group__inner-container\">\n<h2 class=\"has-text-align-center\">Ver todas nuestras casas m\u00f3viles<\/h2>\n\n\n\n<p class=\"has-text-align-left has-typo-color has-text-color\">Para disfrutar de las mejores vacaciones en el Pa\u00eds Vasco, le ofrecemos casas m\u00f3viles y tiendas de lona de alquiler totalmente equipadas y confortables.<\/p>\n\n\n\n<p>El alojamiento de Atlantica Ciela Village en el Pa\u00eds Vasco incluye una gama de casas m\u00f3viles modernas y confortables. Cada opci\u00f3n, desde la casa m\u00f3vil familiar hasta el modelo m\u00e1s lujoso, est\u00e1 dise\u00f1ada para ofrecer una estancia agradable con instalaciones de calidad, incluyendo terrazas ajardinadas. Disfrutar\u00e1 de un entorno natural excepcional, ideal para unas vacaciones relajantes en el Pa\u00eds Vasco.<br>*** Translated with www.DeepL.com\/Translator (free version) ***<\/p>\n\n\n\n<div class=\"wp-block-buttons is-content-justification-center\">\n<div class=\"wp-block-button\"><a class=\"wp-block-button__link\" href=\"https:\/\/atlantica.cielavillage.fr\/es\/alojamientos\/\">Descubra nuestros alojamientos<\/a><\/div>\n<\/div>\n<\/div><\/div>\n<\/div><\/div>\n","protected":false},"excerpt":{"rendered":"<p>Servicios de 4 estrellas en un camping del Pa\u00eds Vasco Servicios de calidad para unas vacaciones de ensue\u00f1o en el Pa\u00eds Vasco en el camping Atl\u00e1ntica de San Juan de Luz. Nuestro equipo est\u00e1 a su disposici\u00f3n durante toda su estancia, listo para responder a sus preguntas y aconsejarle sobre los lugares que puede visitar [&hellip;]<\/p>\n","protected":false},"author":1,"featured_media":5198,"parent":0,"menu_order":0,"comment_status":"closed","ping_status":"closed","template":"","meta":[],"_links":{"self":[{"href":"https:\/\/atlantica.cielavillage.fr\/es\/wp-json\/wp\/v2\/pages\/5689"}],"collection":[{"href":"https:\/\/atlantica.cielavillage.fr\/es\/wp-json\/wp\/v2\/pages"}],"about":[{"href":"https:\/\/atlantica.cielavillage.fr\/es\/wp-json\/wp\/v2\/types\/page"}],"author":[{"embeddable":true,"href":"https:\/\/atlantica.cielavillage.fr\/es\/wp-json\/wp\/v2\/users\/1"}],"replies":[{"embeddable":true,"href":"https:\/\/atlantica.cielavillage.fr\/es\/wp-json\/wp\/v2\/comments?post=5689"}],"version-history":[{"count":6,"href":"https:\/\/atlantica.cielavillage.fr\/es\/wp-json\/wp\/v2\/pages\/5689\/revisions"}],"predecessor-version":[{"id":210679,"href":"https:\/\/atlantica.cielavillage.fr\/es\/wp-json\/wp\/v2\/pages\/5689\/revisions\/210679"}],"wp:featuredmedia":[{"embeddable":true,"href":"https:\/\/atlantica.cielavillage.fr\/es\/wp-json\/wp\/v2\/media\/5198"}],"wp:attachment":[{"href":"https:\/\/atlantica.cielavillage.fr\/es\/wp-json\/wp\/v2\/media?parent=5689"}],"curies":[{"name":"wp","href":"https:\/\/api.w.org\/{rel}","templated":true}]}}