{"id":5679,"date":"2022-02-15T10:18:03","date_gmt":"2022-02-15T09:18:03","guid":{"rendered":"https:\/\/atlantica.cielavillage.fr\/ciela-village\/"},"modified":"2026-03-17T11:50:55","modified_gmt":"2026-03-17T10:50:55","slug":"ciela-village","status":"publish","type":"page","link":"https:\/\/atlantica.cielavillage.fr\/es\/ciela-village\/","title":{"rendered":"Ciela Village"},"content":{"rendered":"\n<div class=\"wp-block-cover bloc-header\"><img width=\"2560\" height=\"1917\" class=\"wp-block-cover__image-background wp-image-6406\" alt=\"\" src=\"https:\/\/atlantica.cielavillage.fr\/wp-content\/uploads\/2022\/10\/014_Camping_Landes_Ciela_Village_Atlantica_Drone-scaled.jpg\" style=\"object-position:55% 100%\" data-object-fit=\"cover\" data-object-position=\"55% 100%\" srcset=\"https:\/\/atlantica.cielavillage.fr\/wp-content\/uploads\/2022\/10\/014_Camping_Landes_Ciela_Village_Atlantica_Drone-scaled.jpg 2560w, https:\/\/atlantica.cielavillage.fr\/wp-content\/uploads\/2022\/10\/014_Camping_Landes_Ciela_Village_Atlantica_Drone-300x225.jpg 300w, https:\/\/atlantica.cielavillage.fr\/wp-content\/uploads\/2022\/10\/014_Camping_Landes_Ciela_Village_Atlantica_Drone-1024x767.jpg 1024w, https:\/\/atlantica.cielavillage.fr\/wp-content\/uploads\/2022\/10\/014_Camping_Landes_Ciela_Village_Atlantica_Drone-768x575.jpg 768w, https:\/\/atlantica.cielavillage.fr\/wp-content\/uploads\/2022\/10\/014_Camping_Landes_Ciela_Village_Atlantica_Drone-1536x1150.jpg 1536w, https:\/\/atlantica.cielavillage.fr\/wp-content\/uploads\/2022\/10\/014_Camping_Landes_Ciela_Village_Atlantica_Drone-2048x1534.jpg 2048w\" sizes=\"(max-width: 2560px) 100vw, 2560px\" \/><div class=\"wp-block-cover__inner-container\">\n<p class=\"has-text-align-center has-large-font-size\"><\/p>\n<\/div><\/div>\n\n\n\n<h1 class=\"has-text-align-center\">Ciela Village<\/h1>\n\n\n\n<h2 class=\"has-text-align-center\">Un grupo de hoteler\u00eda al aire libre de gama alta en Francia<\/h2>\n\n\n\n<p class=\"has-text-align-center\">Est\u00e1s a punto de pasar las vacaciones m\u00e1s bonitas de tu vida en un camping del grupo de hoteler\u00eda al aire libre Ciela Village en Francia.<br>Nuestros campings, situados en las regiones m\u00e1s bonitas de Francia, te dan la bienvenida en un entorno privilegiado para que juntes vacaciones, naturaleza y comodidad.<br>Descansa y pasa tiempo en familia o con amigos en un marco incomparable, en un lugar con servicios a la carta y todo tipo de entretenimiento y actividades deportivas, acu\u00e1ticas y festivas para ni\u00f1os y mayores.<\/p>\n\n\n\n<p class=\"has-text-align-center\">Si quieres saber qu\u00e9 camping elegir, es f\u00e1cil, encuentra toda la informaci\u00f3n en la <a href=\"https:\/\/cielavillage.fr\/es\/\" target=\"_blank\" rel=\"noreferrer noopener\">web de Ciela Village<\/a>.<\/p>\n\n\n\n<div class=\"wp-block-columns alignfull grid-alentours grid-ciela\">\n<div class=\"wp-block-column filtre_alentours\" style=\"flex-basis:50%\"><div class=\"wpgb-facet wpgb-loading wpgb-facet-4\" data-facet=\"4\" data-grid=\"2\">\t<fieldset>\n\t\t<legend class=\"wpgb-facet-title wpgb-sr-only\">Ciela filtre taxo<\/legend>\n\t\t<div class=\"wpgb-checkbox-facet\"><ul class=\"wpgb-hierarchical-list\"><li><div class=\"wpgb-checkbox\" role=\"button\" aria-pressed=\"false\" tabindex=\"0\"><input type=\"hidden\" name=\"filtrage_cf_type_lieu_2[]\" value=\"auvergne-rhone-alpes\"><span class=\"wpgb-checkbox-control\"><\/span><span class=\"wpgb-checkbox-label\">Auvergne Rh\u00f4ne Alpes<\/span><\/div><\/li><li><div class=\"wpgb-checkbox\" role=\"button\" aria-pressed=\"false\" tabindex=\"0\"><input type=\"hidden\" name=\"filtrage_cf_type_lieu_2[]\" value=\"grand-est\"><span class=\"wpgb-checkbox-control\"><\/span><span class=\"wpgb-checkbox-label\">Grand Est<\/span><\/div><\/li><li><div class=\"wpgb-checkbox\" role=\"button\" aria-pressed=\"false\" tabindex=\"0\"><input type=\"hidden\" name=\"filtrage_cf_type_lieu_2[]\" value=\"nouvelle-aquitaine\"><span class=\"wpgb-checkbox-control\"><\/span><span class=\"wpgb-checkbox-label\">Nouvelle Aquitaine<\/span><\/div><\/li><li><div class=\"wpgb-checkbox\" role=\"button\" aria-pressed=\"false\" tabindex=\"0\"><input type=\"hidden\" name=\"filtrage_cf_type_lieu_2[]\" value=\"occitanie\"><span class=\"wpgb-checkbox-control\"><\/span><span class=\"wpgb-checkbox-label\">Occitanie<\/span><\/div><\/li><li><div class=\"wpgb-checkbox\" role=\"button\" aria-pressed=\"false\" tabindex=\"0\"><input type=\"hidden\" name=\"filtrage_cf_type_lieu_2[]\" value=\"paca\"><span class=\"wpgb-checkbox-control\"><\/span><span class=\"wpgb-checkbox-label\">PACA<\/span><\/div><\/li><\/ul><\/div>\t<\/fieldset>\n\t<\/div>\n\n<!-- Gridbuilder \u1d42\u1d3e Plugin (https:\/\/wpgridbuilder.com) -->\n<div class=\"wp-grid-builder wpgb-grid-2\" data-options=\"{&quot;id&quot;:2,&quot;type&quot;:&quot;masonry&quot;,&quot;source&quot;:&quot;post_type&quot;,&quot;loader&quot;:1,&quot;layout&quot;:&quot;vertical&quot;,&quot;reveal&quot;:0,&quot;isMainQuery&quot;:false,&quot;lazyLoad&quot;:1,&quot;cardSizes&quot;:{&quot;9999&quot;:{&quot;columns&quot;:3,&quot;height&quot;:240,&quot;gutter&quot;:0,&quot;ratio&quot;:&quot;1.33333&quot;},&quot;1200&quot;:{&quot;columns&quot;:2,&quot;height&quot;:240,&quot;gutter&quot;:0,&quot;ratio&quot;:&quot;1.33333&quot;},&quot;992&quot;:{&quot;columns&quot;:2,&quot;height&quot;:220,&quot;gutter&quot;:0,&quot;ratio&quot;:&quot;1.33333&quot;},&quot;768&quot;:{&quot;columns&quot;:2,&quot;height&quot;:220,&quot;gutter&quot;:0,&quot;ratio&quot;:&quot;1.33333&quot;},&quot;576&quot;:{&quot;columns&quot;:1,&quot;height&quot;:200,&quot;gutter&quot;:0,&quot;ratio&quot;:&quot;1.33333&quot;},&quot;320&quot;:{&quot;columns&quot;:1,&quot;height&quot;:200,&quot;gutter&quot;:0,&quot;ratio&quot;:&quot;1.33333&quot;}},&quot;fitRows&quot;:0,&quot;equalRows&quot;:0,&quot;equalColumns&quot;:1,&quot;fillLastRow&quot;:0,&quot;centerLastRow&quot;:0,&quot;horizontalOrder&quot;:0,&quot;fullWidth&quot;:0,&quot;transitionDelay&quot;:100,&quot;gallerySlideshow&quot;:0,&quot;rowsNumber&quot;:1,&quot;slideAlign&quot;:&quot;left&quot;,&quot;groupCells&quot;:1,&quot;draggable&quot;:1,&quot;initialIndex&quot;:0,&quot;contain&quot;:0,&quot;freeScroll&quot;:0,&quot;freeFriction&quot;:&quot;0.075&quot;,&quot;friction&quot;:&quot;0.285&quot;,&quot;attraction&quot;:&quot;0.025&quot;,&quot;autoPlay&quot;:0,&quot;pageDotAriaLabel&quot;:&quot;Page dot %d&quot;,&quot;isPreview&quot;:false,&quot;isGutenberg&quot;:false,&quot;rightToLeft&quot;:false}\"><div class=\"wpgb-svg-icons\" hidden>\n\t<svg viewBox=\"0 0 120 24\" width=\"0\" height=\"0\">\n\t<defs>\n        <polygon id=\"wpgb-star-svg\" points=\"12 2.5 15.1 8.8 22 9.8 17 14.6 18.2 21.5 12 18.3 5.8 21.5 7 14.6 2 9.8 8.9 8.8\"><\/polygon>\n    <\/defs>\n    <symbol id=\"wpgb-rating-stars-svg\">\n        <use xlink:href=\"#wpgb-star-svg\"><\/use>\n        <use xlink:href=\"#wpgb-star-svg\" x=\"24\"><\/use>\n        <use xlink:href=\"#wpgb-star-svg\" x=\"48\"><\/use>\n        <use xlink:href=\"#wpgb-star-svg\" x=\"72\"><\/use>\n        <use xlink:href=\"#wpgb-star-svg\" x=\"96\"><\/use>\n    <\/symbol>\n<\/svg>\n<\/div>\n<div class=\"wpgb-wrapper\">\n\t<div class=\"wpgb-main\">\n\t<div class=\"wpgb-layout\">\n\t<div class=\"wpgb-viewport\">\n\t\t<div class=\"wpgb-masonry\">\n\t\t\t<article class=\"wpgb-card wpgb-card-2 wpgb-post-8087\" data-col=\"1\" data-row=\"1\" data-format=\"standard\"><div class=\"wpgb-card-wrapper\"><div class=\"wpgb-card-inner\" data-action><div class=\"wpgb-card-media wpgb-scheme-light\"><svg data-ratio style=\"padding-top:75%\" viewBox=\"0 0 4 3\"><\/svg><div class=\"wpgb-card-media-thumbnail\"><a href=\"https:\/\/atlantica.cielavillage.fr\/wp-content\/uploads\/2024\/10\/Atlantica.jpg.webp\" tabindex=\"-1\" class=\"wpgb-handle-lb wpgb-lightbox\" data-type=\"image\" data-rel=\"2\" data-title=\"Atlantica.jpg\" title=\"Enlarge photo\"><div class=\"wpgb-lazy-load\" data-wpgb-thumb=\"\" data-wpgb-src=\"https:\/\/atlantica.cielavillage.fr\/wp-content\/uploads\/2024\/10\/Atlantica.jpg-768x575.webp\"><\/div><noscript><img class=\"wpgb-noscript-img\" src=\"https:\/\/atlantica.cielavillage.fr\/wp-content\/uploads\/2024\/10\/Atlantica.jpg-768x575.webp\" alt=\"camping avec piscine saint jean de luz\" height=\"575\" width=\"768\"><\/noscript><\/a><\/div><div class=\"wpgb-card-media-content\"><div class=\"wpgb-card-media-content-bottom\"><a class=\"wpgb-block-4 bouton-grid wpgb-idle-scheme-1 wpgb-hover-accent-1\" target=\"_blank\" rel=\"external noopener noreferrer\" href=\"https:\/\/cielavillage.fr\/es\/campings\/atlantica-st-jean-de-luz\/\">D\u00e9couvrir<\/a><\/div><\/div><\/div><div class=\"wpgb-card-content wpgb-scheme-dark\"><div class=\"wpgb-card-body\"><h2 class=\"wpgb-block-2 titre-du-lieu wpgb-idle-scheme-1\">Atlantica<\/h2><\/div><div class=\"wpgb-card-footer\"><div class=\"wpgb-block-1 wpgb-idle-scheme-1\">Saint-Jean-de-Luz<\/div><\/div><\/div><a class=\"wpgb-card-layer-link\" target=\"_blank\" rel=\"external noopener noreferrer\" href=\"https:\/\/cielavillage.fr\/es\/campings\/atlantica-st-jean-de-luz\/\"><\/a><\/div><\/div><\/article><article class=\"wpgb-card wpgb-card-2 wpgb-post-8063\" data-col=\"1\" data-row=\"1\" data-format=\"standard\"><div class=\"wpgb-card-wrapper\"><div class=\"wpgb-card-inner\" data-action><div class=\"wpgb-card-media wpgb-scheme-light\"><svg data-ratio style=\"padding-top:75%\" viewBox=\"0 0 4 3\"><\/svg><div class=\"wpgb-card-media-thumbnail\"><a href=\"https:\/\/atlantica.cielavillage.fr\/wp-content\/uploads\/2024\/10\/batch_beau-rivage.jpg\" tabindex=\"-1\" class=\"wpgb-handle-lb wpgb-lightbox\" data-type=\"image\" data-rel=\"2\" data-title=\"batch_beau-rivage\" title=\"Enlarge photo\"><div class=\"wpgb-lazy-load\" data-wpgb-thumb=\"\" data-wpgb-src=\"https:\/\/atlantica.cielavillage.fr\/wp-content\/uploads\/2024\/10\/batch_beau-rivage-768x438.jpg\"><\/div><noscript><img class=\"wpgb-noscript-img\" src=\"https:\/\/atlantica.cielavillage.fr\/wp-content\/uploads\/2024\/10\/batch_beau-rivage-768x438.jpg\" alt=\"Camping ciela\" height=\"438\" width=\"768\"><\/noscript><\/a><\/div><div class=\"wpgb-card-media-content\"><div class=\"wpgb-card-media-content-bottom\"><a class=\"wpgb-block-4 bouton-grid wpgb-idle-scheme-1 wpgb-hover-accent-1\" target=\"_blank\" rel=\"external noopener noreferrer\" href=\"https:\/\/cielavillage.fr\/campings\/beau-rivage\/\">Descubra<\/a><\/div><\/div><\/div><div class=\"wpgb-card-content wpgb-scheme-dark\"><div class=\"wpgb-card-body\"><h2 class=\"wpgb-block-2 titre-du-lieu wpgb-idle-scheme-1\">Beau Rivage<\/h2><\/div><div class=\"wpgb-card-footer\"><div class=\"wpgb-block-1 wpgb-idle-scheme-1\">M\u00e8ze<\/div><\/div><\/div><a class=\"wpgb-card-layer-link\" target=\"_blank\" rel=\"external noopener noreferrer\" href=\"https:\/\/cielavillage.fr\/campings\/beau-rivage\/\"><\/a><\/div><\/div><\/article><article class=\"wpgb-card wpgb-card-2 wpgb-post-210326\" data-col=\"1\" data-row=\"1\" data-format=\"standard\"><div class=\"wpgb-card-wrapper\"><div class=\"wpgb-card-inner\" data-action><div class=\"wpgb-card-media wpgb-scheme-light\"><svg data-ratio style=\"padding-top:75%\" viewBox=\"0 0 4 3\"><\/svg><div class=\"wpgb-card-media-thumbnail\"><a href=\"https:\/\/atlantica.cielavillage.fr\/wp-content\/uploads\/2025\/11\/buissiere.jpg\" tabindex=\"-1\" class=\"wpgb-handle-lb wpgb-lightbox\" data-type=\"image\" data-rel=\"2\" data-title=\"buissiere\" title=\"Enlarge photo\"><div class=\"wpgb-lazy-load\" data-wpgb-thumb=\"\" data-wpgb-src=\"https:\/\/atlantica.cielavillage.fr\/wp-content\/uploads\/2025\/11\/buissiere.jpg\"><\/div><noscript><img class=\"wpgb-noscript-img\" src=\"https:\/\/atlantica.cielavillage.fr\/wp-content\/uploads\/2025\/11\/buissiere.jpg\" alt=\"\" height=\"374\" width=\"499\"><\/noscript><\/a><\/div><div class=\"wpgb-card-media-content\"><div class=\"wpgb-card-media-content-bottom\"><a class=\"wpgb-block-4 bouton-grid wpgb-idle-scheme-1 wpgb-hover-accent-1\" target=\"_blank\" rel=\"external noopener noreferrer\" href=\"https:\/\/cielavillage.fr\/campings\/la-buissiere\/\">Descubrir<\/a><\/div><\/div><\/div><div class=\"wpgb-card-content wpgb-scheme-dark\"><div class=\"wpgb-card-body\"><h2 class=\"wpgb-block-2 titre-du-lieu wpgb-idle-scheme-1\">La Buissi\u00e8re<\/h2><\/div><div class=\"wpgb-card-footer\"><div class=\"wpgb-block-1 wpgb-idle-scheme-1\">Barjarc<\/div><\/div><\/div><a class=\"wpgb-card-layer-link\" target=\"_blank\" rel=\"external noopener noreferrer\" href=\"https:\/\/cielavillage.fr\/campings\/la-buissiere\/\"><\/a><\/div><\/div><\/article><article class=\"wpgb-card wpgb-card-2 wpgb-post-210769\" data-col=\"1\" data-row=\"1\" data-format=\"standard\"><div class=\"wpgb-card-wrapper\"><div class=\"wpgb-card-inner\" data-action><div class=\"wpgb-card-media wpgb-scheme-light\"><svg data-ratio style=\"padding-top:75%\" viewBox=\"0 0 4 3\"><\/svg><div class=\"wpgb-card-media-thumbnail\"><a href=\"https:\/\/atlantica.cielavillage.fr\/wp-content\/uploads\/2026\/04\/croix-du-sud.jpg\" tabindex=\"-1\" class=\"wpgb-handle-lb wpgb-lightbox\" data-type=\"image\" data-rel=\"2\" data-title=\"croix-du-sud\" title=\"Enlarge photo\"><div class=\"wpgb-lazy-load\" data-wpgb-thumb=\"\" data-wpgb-src=\"https:\/\/atlantica.cielavillage.fr\/wp-content\/uploads\/2026\/04\/croix-du-sud.jpg\"><\/div><noscript><img class=\"wpgb-noscript-img\" src=\"https:\/\/atlantica.cielavillage.fr\/wp-content\/uploads\/2026\/04\/croix-du-sud.jpg\" alt=\"\" height=\"333\" width=\"499\"><\/noscript><\/a><\/div><div class=\"wpgb-card-media-content\"><div class=\"wpgb-card-media-content-bottom\"><a class=\"wpgb-block-4 bouton-grid wpgb-idle-scheme-1 wpgb-hover-accent-1\" target=\"_blank\" rel=\"external noopener noreferrer\" href=\"https:\/\/cielavillage.fr\/campings\/la-croix-du-sud\/\">Descubrir<\/a><\/div><\/div><\/div><div class=\"wpgb-card-content wpgb-scheme-dark\"><div class=\"wpgb-card-body\"><h2 class=\"wpgb-block-2 titre-du-lieu wpgb-idle-scheme-1\">La Croix du Sud<\/h2><\/div><div class=\"wpgb-card-footer\"><div class=\"wpgb-block-1 wpgb-idle-scheme-1\">Barcar\u00e8s<\/div><\/div><\/div><a class=\"wpgb-card-layer-link\" target=\"_blank\" rel=\"external noopener noreferrer\" href=\"https:\/\/cielavillage.fr\/campings\/la-croix-du-sud\/\"><\/a><\/div><\/div><\/article><article class=\"wpgb-card wpgb-card-2 wpgb-post-6842\" data-col=\"1\" data-row=\"1\" data-format=\"standard\"><div class=\"wpgb-card-wrapper\"><div class=\"wpgb-card-inner\" data-action><div class=\"wpgb-card-media wpgb-scheme-light\"><svg data-ratio style=\"padding-top:75%\" viewBox=\"0 0 4 3\"><\/svg><div class=\"wpgb-card-media-thumbnail\"><a href=\"https:\/\/atlantica.cielavillage.fr\/wp-content\/uploads\/2023\/02\/farigoulette1.jpg\" tabindex=\"-1\" class=\"wpgb-handle-lb wpgb-lightbox\" data-type=\"image\" data-rel=\"2\" data-title=\"farigoulette1\" title=\"Enlarge photo\"><div class=\"wpgb-lazy-load\" data-wpgb-thumb=\"\" data-wpgb-src=\"https:\/\/atlantica.cielavillage.fr\/wp-content\/uploads\/2023\/02\/farigoulette1-768x512.jpg\"><\/div><noscript><img class=\"wpgb-noscript-img\" src=\"https:\/\/atlantica.cielavillage.fr\/wp-content\/uploads\/2023\/02\/farigoulette1-768x512.jpg\" alt=\"Farigoulette1\" height=\"512\" width=\"768\"><\/noscript><\/a><\/div><div class=\"wpgb-card-media-content\"><div class=\"wpgb-card-media-content-bottom\"><a class=\"wpgb-block-4 bouton-grid wpgb-idle-scheme-1 wpgb-hover-accent-1\" target=\"_blank\" rel=\"external noopener noreferrer\" href=\"https:\/\/cielavillage.fr\/es\/campings\/camping-la-farigoulette-st-laurent-du-verdon\/\">Descubrir<\/a><\/div><\/div><\/div><div class=\"wpgb-card-content wpgb-scheme-dark\"><div class=\"wpgb-card-body\"><h2 class=\"wpgb-block-2 titre-du-lieu wpgb-idle-scheme-1\">La Farigoulette<\/h2><\/div><div class=\"wpgb-card-footer\"><div class=\"wpgb-block-1 wpgb-idle-scheme-1\">Saint-Laurent-du-Verdon<\/div><\/div><\/div><a class=\"wpgb-card-layer-link\" target=\"_blank\" rel=\"external noopener noreferrer\" href=\"https:\/\/cielavillage.fr\/es\/campings\/camping-la-farigoulette-st-laurent-du-verdon\/\"><\/a><\/div><\/div><\/article><article class=\"wpgb-card wpgb-card-2 wpgb-post-8067\" data-col=\"1\" data-row=\"1\" data-format=\"standard\"><div class=\"wpgb-card-wrapper\"><div class=\"wpgb-card-inner\" data-action><div class=\"wpgb-card-media wpgb-scheme-light\"><svg data-ratio style=\"padding-top:75%\" viewBox=\"0 0 4 3\"><\/svg><div class=\"wpgb-card-media-thumbnail\"><a href=\"https:\/\/atlantica.cielavillage.fr\/wp-content\/uploads\/2024\/10\/batch_liez.jpg\" tabindex=\"-1\" class=\"wpgb-handle-lb wpgb-lightbox\" data-type=\"image\" data-rel=\"2\" data-title=\"batch_liez\" title=\"Enlarge photo\"><div class=\"wpgb-lazy-load\" data-wpgb-thumb=\"\" data-wpgb-src=\"https:\/\/atlantica.cielavillage.fr\/wp-content\/uploads\/2024\/10\/batch_liez-768x512.jpg\"><\/div><noscript><img class=\"wpgb-noscript-img\" src=\"https:\/\/atlantica.cielavillage.fr\/wp-content\/uploads\/2024\/10\/batch_liez-768x512.jpg\" alt=\"Camping ciela\" height=\"512\" width=\"768\"><\/noscript><\/a><\/div><div class=\"wpgb-card-media-content\"><div class=\"wpgb-card-media-content-bottom\"><a class=\"wpgb-block-4 bouton-grid wpgb-idle-scheme-1 wpgb-hover-accent-1\" target=\"_blank\" rel=\"external noopener noreferrer\" href=\"https:\/\/cielavillage.fr\/campings\/la-liez\/\">Descubra<\/a><\/div><\/div><\/div><div class=\"wpgb-card-content wpgb-scheme-dark\"><div class=\"wpgb-card-body\"><h2 class=\"wpgb-block-2 titre-du-lieu wpgb-idle-scheme-1\">La Liez<\/h2><\/div><div class=\"wpgb-card-footer\"><div class=\"wpgb-block-1 wpgb-idle-scheme-1\">Peigney<\/div><\/div><\/div><a class=\"wpgb-card-layer-link\" target=\"_blank\" rel=\"external noopener noreferrer\" href=\"https:\/\/cielavillage.fr\/campings\/la-liez\/\"><\/a><\/div><\/div><\/article><article class=\"wpgb-card wpgb-card-2 wpgb-post-8066\" data-col=\"1\" data-row=\"1\" data-format=\"standard\"><div class=\"wpgb-card-wrapper\"><div class=\"wpgb-card-inner\" data-action><div class=\"wpgb-card-media wpgb-scheme-light\"><svg data-ratio style=\"padding-top:75%\" viewBox=\"0 0 4 3\"><\/svg><div class=\"wpgb-card-media-thumbnail\"><a href=\"https:\/\/atlantica.cielavillage.fr\/wp-content\/uploads\/2024\/10\/batch_bontemps.jpg\" tabindex=\"-1\" class=\"wpgb-handle-lb wpgb-lightbox\" data-type=\"image\" data-rel=\"2\" data-title=\"batch_bontemps\" title=\"Enlarge photo\"><div class=\"wpgb-lazy-load\" data-wpgb-thumb=\"\" data-wpgb-src=\"https:\/\/atlantica.cielavillage.fr\/wp-content\/uploads\/2024\/10\/batch_bontemps-768x512.jpg\"><\/div><noscript><img class=\"wpgb-noscript-img\" src=\"https:\/\/atlantica.cielavillage.fr\/wp-content\/uploads\/2024\/10\/batch_bontemps-768x512.jpg\" alt=\"Camping ciela\" height=\"512\" width=\"768\"><\/noscript><\/a><\/div><div class=\"wpgb-card-media-content\"><div class=\"wpgb-card-media-content-bottom\"><a class=\"wpgb-block-4 bouton-grid wpgb-idle-scheme-1 wpgb-hover-accent-1\" target=\"_blank\" rel=\"external noopener noreferrer\" href=\"https:\/\/cielavillage.fr\/campings\/le-bontemps\/\">Descubra<\/a><\/div><\/div><\/div><div class=\"wpgb-card-content wpgb-scheme-dark\"><div class=\"wpgb-card-body\"><h2 class=\"wpgb-block-2 titre-du-lieu wpgb-idle-scheme-1\">Le Bontemps<\/h2><\/div><div class=\"wpgb-card-footer\"><div class=\"wpgb-block-1 wpgb-idle-scheme-1\">Vernioz<\/div><\/div><\/div><a class=\"wpgb-card-layer-link\" target=\"_blank\" rel=\"external noopener noreferrer\" href=\"https:\/\/cielavillage.fr\/campings\/le-bontemps\/\"><\/a><\/div><\/div><\/article><article class=\"wpgb-card wpgb-card-2 wpgb-post-8062\" data-col=\"1\" data-row=\"1\" data-format=\"standard\"><div class=\"wpgb-card-wrapper\"><div class=\"wpgb-card-inner\" data-action><div class=\"wpgb-card-media wpgb-scheme-light\"><svg data-ratio style=\"padding-top:75%\" viewBox=\"0 0 4 3\"><\/svg><div class=\"wpgb-card-media-thumbnail\"><a href=\"https:\/\/atlantica.cielavillage.fr\/wp-content\/uploads\/2024\/10\/batch_caussanel.jpg\" tabindex=\"-1\" class=\"wpgb-handle-lb wpgb-lightbox\" data-type=\"image\" data-rel=\"2\" data-title=\"batch_caussanel\" title=\"Enlarge photo\"><div class=\"wpgb-lazy-load\" data-wpgb-thumb=\"\" data-wpgb-src=\"https:\/\/atlantica.cielavillage.fr\/wp-content\/uploads\/2024\/10\/batch_caussanel-768x431.jpg\"><\/div><noscript><img class=\"wpgb-noscript-img\" src=\"https:\/\/atlantica.cielavillage.fr\/wp-content\/uploads\/2024\/10\/batch_caussanel-768x431.jpg\" alt=\"Camping ciela\" height=\"431\" width=\"768\"><\/noscript><\/a><\/div><div class=\"wpgb-card-media-content\"><div class=\"wpgb-card-media-content-bottom\"><a class=\"wpgb-block-4 bouton-grid wpgb-idle-scheme-1 wpgb-hover-accent-1\" target=\"_blank\" rel=\"external noopener noreferrer\" href=\"https:\/\/cielavillage.fr\/campings\/le-caussanel\/\">Descubra<\/a><\/div><\/div><\/div><div class=\"wpgb-card-content wpgb-scheme-dark\"><div class=\"wpgb-card-body\"><h2 class=\"wpgb-block-2 titre-du-lieu wpgb-idle-scheme-1\">Le Caussanel<\/h2><\/div><div class=\"wpgb-card-footer\"><div class=\"wpgb-block-1 wpgb-idle-scheme-1\">Canet-de-Salars<\/div><\/div><\/div><a class=\"wpgb-card-layer-link\" target=\"_blank\" rel=\"external noopener noreferrer\" href=\"https:\/\/cielavillage.fr\/campings\/le-caussanel\/\"><\/a><\/div><\/div><\/article><article class=\"wpgb-card wpgb-card-2 wpgb-post-210875\" data-col=\"1\" data-row=\"1\" data-format=\"standard\"><div class=\"wpgb-card-wrapper\"><div class=\"wpgb-card-inner\" data-action><div class=\"wpgb-card-media wpgb-scheme-light\"><svg data-ratio style=\"padding-top:75%\" viewBox=\"0 0 4 3\"><\/svg><div class=\"wpgb-card-media-thumbnail\"><a href=\"https:\/\/atlantica.cielavillage.fr\/wp-content\/uploads\/2026\/04\/le-chaponnet.jpeg\" tabindex=\"-1\" class=\"wpgb-handle-lb wpgb-lightbox\" data-type=\"image\" data-rel=\"2\" data-title=\"le-chaponnet\" title=\"Enlarge photo\"><div class=\"wpgb-lazy-load\" data-wpgb-thumb=\"\" data-wpgb-src=\"https:\/\/atlantica.cielavillage.fr\/wp-content\/uploads\/2026\/04\/le-chaponnet.jpeg\"><\/div><noscript><img class=\"wpgb-noscript-img\" src=\"https:\/\/atlantica.cielavillage.fr\/wp-content\/uploads\/2026\/04\/le-chaponnet.jpeg\" alt=\"\" height=\"375\" width=\"500\"><\/noscript><\/a><\/div><div class=\"wpgb-card-media-content\"><div class=\"wpgb-card-media-content-bottom\"><a class=\"wpgb-block-4 bouton-grid wpgb-idle-scheme-1 wpgb-hover-accent-1\" target=\"_blank\" rel=\"external noopener noreferrer\" href=\"https:\/\/cielavillage.fr\/campings\/le-chaponnet\/\">Descubrir<\/a><\/div><\/div><\/div><div class=\"wpgb-card-content wpgb-scheme-dark\"><div class=\"wpgb-card-body\"><h2 class=\"wpgb-block-2 titre-du-lieu wpgb-idle-scheme-1\">Le Chaponnet<\/h2><\/div><div class=\"wpgb-card-footer\"><div class=\"wpgb-block-1 wpgb-idle-scheme-1\">Brem-sur-Mer<\/div><\/div><\/div><a class=\"wpgb-card-layer-link\" target=\"_blank\" rel=\"external noopener noreferrer\" href=\"https:\/\/cielavillage.fr\/campings\/le-chaponnet\/\"><\/a><\/div><\/div><\/article>\t\t<\/div>\n\t<\/div>\n\t<div class=\"wpgb-loader\">\n\t<div class=\"wpgb-loader-18\">\n\t\t<div><\/div><div><\/div><div><\/div><div><\/div>\t<\/div>\n<\/div>\n<\/div>\n\t<\/div>\n\t\t<\/div>\n<\/div>\n\n\n<div class=\"wpgb-facet wpgb-loading wpgb-facet-3\" data-facet=\"3\" data-grid=\"2\"><nav class=\"wpgb-pagination-facet\" aria-label=\"Page navigation\"><ul class=\"wpgb-pagination\"><li class=\"wpgb-page\"><a href=\"https:\/\/atlantica.cielavillage.fr\/es\/ciela-village\/?_pagination=1\" aria-current=\"true\" aria-label=\"Current Page, Page 1\" data-page=\"1\">1<\/a><\/li><li class=\"wpgb-page\"><a href=\"https:\/\/atlantica.cielavillage.fr\/es\/ciela-village\/?_pagination=2\" aria-label=\"Goto Page 2\" data-page=\"2\">2<\/a><\/li><li class=\"wpgb-page\"><a href=\"https:\/\/atlantica.cielavillage.fr\/es\/ciela-village\/?_pagination=3\" aria-label=\"Goto Page 3\" data-page=\"3\">3<\/a><\/li><\/ul><\/nav><\/div><\/div>\n\n\n\n<div class=\"wp-block-column sticky\" style=\"flex-basis:47%\"><div class=\"wpgb-facet wpgb-loading wpgb-facet-7 map\" data-facet=\"7\" data-grid=\"2\">\t<fieldset>\n\t\t<legend class=\"wpgb-facet-title wpgb-sr-only\">CIELA &#8211; Filtrage MAP<\/legend>\n\t\t<div class=\"wpgb-map-facet\" style=\"padding-bottom:56.25%\"><\/div>\t<\/fieldset>\n\t<\/div><\/div>\n<\/div>\n","protected":false},"excerpt":{"rendered":"<p>Ciela Village Un grupo de hoteler\u00eda al aire libre de gama alta en Francia Est\u00e1s a punto de pasar las vacaciones m\u00e1s bonitas de tu vida en un camping del grupo de hoteler\u00eda al aire libre Ciela Village en Francia.Nuestros campings, situados en las regiones m\u00e1s bonitas de Francia, te dan la bienvenida en un [&hellip;]<\/p>\n","protected":false},"author":1,"featured_media":6410,"parent":0,"menu_order":0,"comment_status":"closed","ping_status":"closed","template":"","meta":[],"_links":{"self":[{"href":"https:\/\/atlantica.cielavillage.fr\/es\/wp-json\/wp\/v2\/pages\/5679"}],"collection":[{"href":"https:\/\/atlantica.cielavillage.fr\/es\/wp-json\/wp\/v2\/pages"}],"about":[{"href":"https:\/\/atlantica.cielavillage.fr\/es\/wp-json\/wp\/v2\/types\/page"}],"author":[{"embeddable":true,"href":"https:\/\/atlantica.cielavillage.fr\/es\/wp-json\/wp\/v2\/users\/1"}],"replies":[{"embeddable":true,"href":"https:\/\/atlantica.cielavillage.fr\/es\/wp-json\/wp\/v2\/comments?post=5679"}],"version-history":[{"count":6,"href":"https:\/\/atlantica.cielavillage.fr\/es\/wp-json\/wp\/v2\/pages\/5679\/revisions"}],"predecessor-version":[{"id":210671,"href":"https:\/\/atlantica.cielavillage.fr\/es\/wp-json\/wp\/v2\/pages\/5679\/revisions\/210671"}],"wp:featuredmedia":[{"embeddable":true,"href":"https:\/\/atlantica.cielavillage.fr\/es\/wp-json\/wp\/v2\/media\/6410"}],"wp:attachment":[{"href":"https:\/\/atlantica.cielavillage.fr\/es\/wp-json\/wp\/v2\/media?parent=5679"}],"curies":[{"name":"wp","href":"https:\/\/api.w.org\/{rel}","templated":true}]}}