{"id":210550,"date":"2026-02-12T12:22:09","date_gmt":"2026-02-12T11:22:09","guid":{"rendered":"https:\/\/atlantica.cielavillage.fr\/?page_id=210550"},"modified":"2026-03-17T11:50:41","modified_gmt":"2026-03-17T10:50:41","slug":"camping-saint-jean-de-luz","status":"publish","type":"page","link":"https:\/\/atlantica.cielavillage.fr\/es\/camping-saint-jean-de-luz\/","title":{"rendered":"*Camping St Jean de Luz ES"},"content":{"rendered":"\n<div class=\"wp-block-cover bloc-header\"><img width=\"2560\" height=\"1582\" class=\"wp-block-cover__image-background wp-image-7676\" alt=\"\" src=\"https:\/\/atlantica.cielavillage.fr\/wp-content\/uploads\/2021\/12\/ADO-St-Jean-de-Luz-scaled.jpeg\" style=\"object-position:57% 90%\" data-object-fit=\"cover\" data-object-position=\"57% 90%\" srcset=\"https:\/\/atlantica.cielavillage.fr\/wp-content\/uploads\/2021\/12\/ADO-St-Jean-de-Luz-scaled.jpeg 2560w, https:\/\/atlantica.cielavillage.fr\/wp-content\/uploads\/2021\/12\/ADO-St-Jean-de-Luz-300x185.jpeg 300w, https:\/\/atlantica.cielavillage.fr\/wp-content\/uploads\/2021\/12\/ADO-St-Jean-de-Luz-1024x633.jpeg 1024w, https:\/\/atlantica.cielavillage.fr\/wp-content\/uploads\/2021\/12\/ADO-St-Jean-de-Luz-768x475.jpeg 768w, https:\/\/atlantica.cielavillage.fr\/wp-content\/uploads\/2021\/12\/ADO-St-Jean-de-Luz-1536x949.jpeg 1536w, https:\/\/atlantica.cielavillage.fr\/wp-content\/uploads\/2021\/12\/ADO-St-Jean-de-Luz-2048x1266.jpeg 2048w\" sizes=\"(max-width: 2560px) 100vw, 2560px\" \/><div class=\"wp-block-cover__inner-container\">\n<p class=\"has-text-align-center has-large-font-size\"><\/p>\n<\/div><\/div>\n\n\n\n<h1>Vacaciones en el camping de San Juan de Luz<\/h1>\n\n\n\n<p>\u00bfTe apetece unas vacaciones al sol y no sabes si elegir entre el mar y la monta\u00f1a? \u00a1No lo pienses m\u00e1s! San Juan de Luz es el destino ideal. Esta <strong>encantadora ciudad vasca <\/strong>est\u00e1 situada <strong>a orillas del oc\u00e9ano Atl\u00e1ntico<\/strong>, a los pies de los Pirineos y a menos de 5 km de la <strong>frontera espa\u00f1ola<\/strong>. Le promete una <strong>estancia en un camping en San Juan de Luz<\/strong> para toda la familia, en un entorno natural \u00fanico.<\/p>\n\n\n\n<div class=\"wp-block-buttons is-content-justification-center btn_resa\">\n<div class=\"wp-block-button\"><a class=\"wp-block-button__link has-secondaire-background-color has-background\" style=\"border-radius:7px\"><i class=\"fc-arrow-right\"><\/i> Reservar una casa m\u00f3vil<\/a><\/div>\n<\/div>\n\n\n\n<div style=\"height:42px\" aria-hidden=\"true\" class=\"wp-block-spacer\"><\/div>\n\n\n\n<div class=\"wp-block-columns fond-blob boxage boxage-bottom\">\n<div class=\"wp-block-column bloc-image\" style=\"padding-bottom:60px\">\n<figure class=\"wp-block-image size-full\"><img width=\"900\" height=\"600\" src=\"https:\/\/atlantica.cielavillage.fr\/wp-content\/uploads\/2021\/12\/basque-camping-atlantica-ciela-village-6-2.jpg\" alt=\"camping st Jean de Luz\" class=\"wp-image-4765\" srcset=\"https:\/\/atlantica.cielavillage.fr\/wp-content\/uploads\/2021\/12\/basque-camping-atlantica-ciela-village-6-2.jpg 900w, https:\/\/atlantica.cielavillage.fr\/wp-content\/uploads\/2021\/12\/basque-camping-atlantica-ciela-village-6-2-300x200.jpg 300w, https:\/\/atlantica.cielavillage.fr\/wp-content\/uploads\/2021\/12\/basque-camping-atlantica-ciela-village-6-2-768x512.jpg 768w\" sizes=\"(max-width: 900px) 100vw, 900px\" \/><\/figure>\n<\/div>\n\n\n\n<div class=\"wp-block-column\" style=\"flex-basis:40%\">\n<h2>Las ventajas del camping en San Juan de Luz<\/h2>\n\n\n\n<p>Descubrir San Juan de Luz desde un camping es disfrutar del entorno natural \u00fanico y del clima privilegiado de la regi\u00f3n.<\/p>\n\n\n\n<h3>San Juan de Luz: un lugar \u00fanico a las puertas de Espa\u00f1a<\/h3>\n\n\n\n<p>Esta localidad costera vasca se encuentra enclavada <strong>entre el oc\u00e9ano Atl\u00e1ntico y los Pirineos<\/strong>, cerca de la frontera espa\u00f1ola. En ella podr\u00e1 alternar ba\u00f1os en el mar, excursiones y descubrimientos culturales y gastron\u00f3micos.<\/p>\n\n\n\n<p>La <a href=\"https:\/\/atlantica.cielavillage.fr\/es\/alentours\/centro-de-san-juan-de-luz\/\" data-type=\"alentours\" data-id=\"5705\">ciudad de San Juan de Luz <\/a>cuenta con un puerto pesquero t\u00edpico, pintorescas callejuelas y numerosas <a href=\"https:\/\/atlantica.cielavillage.fr\/es\/alentours\/la-gran-playa-de-san-juan-de-luz\/\" data-type=\"alentours\" data-id=\"5718\">playas <\/a>magn\u00edficas. Es el punto de partida perfecto para explorar toda la costa vasca.<\/p>\n\n\n\n<h3>\u00bfPor qu\u00e9 elegir un camping en San Juan de Luz?<\/h3>\n\n\n\n<p>El camping es una soluci\u00f3n tranquila y asequible para su estancia en San Juan de Luz. Adem\u00e1s de ofrecerle un ambiente m\u00e1s aut\u00e9ntico que un hotel, el camping le permite despertarse rodeado de naturaleza, comer al aire libre y crear momentos especiales para compartir con sus hijos.<\/p>\n\n\n\n<p><strong>El camping es apto para todos<\/strong>. Tanto si viaja en familia, en pareja o con un grupo de amigos, es una soluci\u00f3n flexible que ofrece amplias parcelas para tiendas de campa\u00f1a o autocaravanas, as\u00ed como c\u00f3modas casas m\u00f3viles. Tambi\u00e9n hay actividades disponibles: piscinas, parques infantiles, restaurantes, pistas polideportivas, etc.<\/p>\n<\/div>\n<\/div>\n\n\n\n<div class=\"wp-block-group alignfull fond-vague boxage boxage-parent-n fond-lignes-duotone has-primaire-background-color has-background\"><div class=\"wp-block-group__inner-container\">\n<div class=\"wp-block-columns alignfull are-vertically-aligned-center boxage-bottom boxage-n-top\">\n<div class=\"wp-block-column is-vertically-aligned-center\" style=\"flex-basis:45%\">\n<h2>\u00bfC\u00f3mo encontrar el mejor camping en San Juan de Luz?<\/h2>\n\n\n\n<p>Aqu\u00ed tienes algunas preguntas que debes hacerte para encontrar el mejor camping en San Juan de Luz:<\/p>\n\n\n\n<ul><li>&#8211; \u00bfEst\u00e1 lo suficientemente cerca de la playa? Algunos campings de la costa vasca permiten acceder a ella a pie, lo que es una gran ventaja para disfrutar plenamente del oc\u00e9ano.<\/li><li>&#8211; \u00bfQu\u00e9 servicios se ofrecen? Comprueba que las instalaciones se ajustan a tus necesidades y deseos: restaurante, zonas de juegos, piscinas, spa, animaci\u00f3n, etc.<\/li><li>&#8211; \u00bfCu\u00e1l es el ambiente del camping? \u00bfM\u00e1s bien festivo o familiar? Elija seg\u00fan su estilo de vacaciones.<\/li><li>&#8211; \u00bfQu\u00e9 tipo de alojamiento busca? \u00bfDesea una casa m\u00f3vil totalmente equipada, una parcela para tienda de campa\u00f1a, autocaravana u otro tipo de alojamiento?<\/li><\/ul>\n\n\n\n<p>Adem\u00e1s de estas cuatro cuestiones importantes, tambi\u00e9n debes tener en cuenta otros criterios, como las tarifas, las actividades, las opiniones de los clientes y la ubicaci\u00f3n exacta.<\/p>\n\n\n\n<div class=\"wp-block-buttons\">\n<div class=\"wp-block-button\"><a class=\"wp-block-button__link\" href=\"https:\/\/atlantica.cielavillage.fr\/es\/zona-acuatica\/\">Parque acu\u00e1tico<\/a><\/div>\n<\/div>\n<\/div>\n\n\n\n<div class=\"wp-block-column is-vertically-aligned-center\">\n<figure class=\"wp-block-gallery columns-3 is-cropped caroussel-galerie\"><ul class=\"blocks-gallery-grid\"><li class=\"blocks-gallery-item\"><figure><img width=\"2560\" height=\"1917\" src=\"https:\/\/atlantica.cielavillage.fr\/wp-content\/uploads\/2022\/10\/002_Camping_Landes_Ciela_Village_Atlantica_Drone-scaled.jpg\" alt=\"piscine camping saint jean de Luz\" data-id=\"6401\" data-full-url=\"https:\/\/atlantica.cielavillage.fr\/wp-content\/uploads\/2022\/10\/002_Camping_Landes_Ciela_Village_Atlantica_Drone-scaled.jpg\" data-link=\"https:\/\/atlantica.cielavillage.fr\/002_camping_landes_ciela_village_atlantica_drone\/\" class=\"wp-image-6401\" srcset=\"https:\/\/atlantica.cielavillage.fr\/wp-content\/uploads\/2022\/10\/002_Camping_Landes_Ciela_Village_Atlantica_Drone-scaled.jpg 2560w, https:\/\/atlantica.cielavillage.fr\/wp-content\/uploads\/2022\/10\/002_Camping_Landes_Ciela_Village_Atlantica_Drone-300x225.jpg 300w, https:\/\/atlantica.cielavillage.fr\/wp-content\/uploads\/2022\/10\/002_Camping_Landes_Ciela_Village_Atlantica_Drone-1024x767.jpg 1024w, https:\/\/atlantica.cielavillage.fr\/wp-content\/uploads\/2022\/10\/002_Camping_Landes_Ciela_Village_Atlantica_Drone-768x575.jpg 768w, https:\/\/atlantica.cielavillage.fr\/wp-content\/uploads\/2022\/10\/002_Camping_Landes_Ciela_Village_Atlantica_Drone-1536x1150.jpg 1536w, https:\/\/atlantica.cielavillage.fr\/wp-content\/uploads\/2022\/10\/002_Camping_Landes_Ciela_Village_Atlantica_Drone-2048x1534.jpg 2048w\" sizes=\"(max-width: 2560px) 100vw, 2560px\" \/><\/figure><\/li><li class=\"blocks-gallery-item\"><figure><img width=\"2560\" height=\"1781\" src=\"https:\/\/atlantica.cielavillage.fr\/wp-content\/uploads\/2025\/04\/ADO-camping-spa-privatif-jacuzzi-1-scaled.jpeg\" alt=\"gite avec spa privatif pays basque\" data-id=\"50372\" data-full-url=\"https:\/\/atlantica.cielavillage.fr\/wp-content\/uploads\/2025\/04\/ADO-camping-spa-privatif-jacuzzi-1-scaled.jpeg\" data-link=\"https:\/\/atlantica.cielavillage.fr\/camping-avec-jacuzzi-privatif-pays-basque\/attachment\/ado-camping-spa-privatif-jacuzzi-1\/\" class=\"wp-image-50372\" srcset=\"https:\/\/atlantica.cielavillage.fr\/wp-content\/uploads\/2025\/04\/ADO-camping-spa-privatif-jacuzzi-1-scaled.jpeg 2560w, https:\/\/atlantica.cielavillage.fr\/wp-content\/uploads\/2025\/04\/ADO-camping-spa-privatif-jacuzzi-1-300x209.jpeg 300w, https:\/\/atlantica.cielavillage.fr\/wp-content\/uploads\/2025\/04\/ADO-camping-spa-privatif-jacuzzi-1-1024x713.jpeg 1024w, https:\/\/atlantica.cielavillage.fr\/wp-content\/uploads\/2025\/04\/ADO-camping-spa-privatif-jacuzzi-1-768x534.jpeg 768w, https:\/\/atlantica.cielavillage.fr\/wp-content\/uploads\/2025\/04\/ADO-camping-spa-privatif-jacuzzi-1-1536x1069.jpeg 1536w, https:\/\/atlantica.cielavillage.fr\/wp-content\/uploads\/2025\/04\/ADO-camping-spa-privatif-jacuzzi-1-2048x1425.jpeg 2048w\" sizes=\"(max-width: 2560px) 100vw, 2560px\" \/><\/figure><\/li><li class=\"blocks-gallery-item\"><figure><img width=\"1152\" height=\"2048\" src=\"https:\/\/atlantica.cielavillage.fr\/wp-content\/uploads\/2025\/10\/IMG-20250523-WA0024.webp\" alt=\"mobil home spa \u00e0 Saint Jean de Luz\" data-id=\"205710\" data-full-url=\"https:\/\/atlantica.cielavillage.fr\/wp-content\/uploads\/2025\/10\/IMG-20250523-WA0024.webp\" data-link=\"https:\/\/atlantica.cielavillage.fr\/mobil-home-pays-basque\/attachment\/img-20250523-wa0024-2\/\" class=\"wp-image-205710\" srcset=\"https:\/\/atlantica.cielavillage.fr\/wp-content\/uploads\/2025\/10\/IMG-20250523-WA0024.webp 1152w, https:\/\/atlantica.cielavillage.fr\/wp-content\/uploads\/2025\/10\/IMG-20250523-WA0024-169x300.webp 169w, https:\/\/atlantica.cielavillage.fr\/wp-content\/uploads\/2025\/10\/IMG-20250523-WA0024-576x1024.webp 576w, https:\/\/atlantica.cielavillage.fr\/wp-content\/uploads\/2025\/10\/IMG-20250523-WA0024-768x1365.webp 768w, https:\/\/atlantica.cielavillage.fr\/wp-content\/uploads\/2025\/10\/IMG-20250523-WA0024-864x1536.webp 864w\" sizes=\"(max-width: 1152px) 100vw, 1152px\" \/><\/figure><\/li><li class=\"blocks-gallery-item\"><figure><img width=\"1280\" height=\"960\" src=\"https:\/\/atlantica.cielavillage.fr\/wp-content\/uploads\/2025\/10\/20250523_123012.webp\" alt=\"location mobil home spa St Jean de Luz\" data-id=\"205715\" data-full-url=\"https:\/\/atlantica.cielavillage.fr\/wp-content\/uploads\/2025\/10\/20250523_123012.webp\" data-link=\"https:\/\/atlantica.cielavillage.fr\/mobil-home-pays-basque\/attachment\/20250523_123012\/\" class=\"wp-image-205715\" srcset=\"https:\/\/atlantica.cielavillage.fr\/wp-content\/uploads\/2025\/10\/20250523_123012.webp 1280w, https:\/\/atlantica.cielavillage.fr\/wp-content\/uploads\/2025\/10\/20250523_123012-300x225.webp 300w, https:\/\/atlantica.cielavillage.fr\/wp-content\/uploads\/2025\/10\/20250523_123012-1024x768.webp 1024w, https:\/\/atlantica.cielavillage.fr\/wp-content\/uploads\/2025\/10\/20250523_123012-768x576.webp 768w\" sizes=\"(max-width: 1280px) 100vw, 1280px\" \/><\/figure><\/li><li class=\"blocks-gallery-item\"><figure><img width=\"2560\" height=\"1707\" src=\"https:\/\/atlantica.cielavillage.fr\/wp-content\/uploads\/2025\/05\/ADO-Surf-2-scaled.jpeg\" alt=\"plage Ado Surf (2) camping saint jean de luz proche plage\" data-id=\"73562\" data-full-url=\"https:\/\/atlantica.cielavillage.fr\/wp-content\/uploads\/2025\/05\/ADO-Surf-2-scaled.jpeg\" data-link=\"https:\/\/atlantica.cielavillage.fr\/alentours\/surf-a-saint-jean-de-luz\/attachment\/ado-surf-2\/\" class=\"wp-image-73562\" srcset=\"https:\/\/atlantica.cielavillage.fr\/wp-content\/uploads\/2025\/05\/ADO-Surf-2-scaled.jpeg 2560w, https:\/\/atlantica.cielavillage.fr\/wp-content\/uploads\/2025\/05\/ADO-Surf-2-300x200.jpeg 300w, https:\/\/atlantica.cielavillage.fr\/wp-content\/uploads\/2025\/05\/ADO-Surf-2-1024x683.jpeg 1024w, https:\/\/atlantica.cielavillage.fr\/wp-content\/uploads\/2025\/05\/ADO-Surf-2-768x512.jpeg 768w, https:\/\/atlantica.cielavillage.fr\/wp-content\/uploads\/2025\/05\/ADO-Surf-2-1536x1024.jpeg 1536w, https:\/\/atlantica.cielavillage.fr\/wp-content\/uploads\/2025\/05\/ADO-Surf-2-2048x1365.jpeg 2048w\" sizes=\"(max-width: 2560px) 100vw, 2560px\" \/><\/figure><\/li><li class=\"blocks-gallery-item\"><figure><img width=\"2560\" height=\"1707\" src=\"https:\/\/atlantica.cielavillage.fr\/wp-content\/uploads\/2024\/10\/222-Camping-Pays-Basque-Atlantica-Ciela-Village-Parc-Terrasse-Bar-scaled.jpg\" alt=\"camping au pays basque restaurant\" data-id=\"8285\" data-full-url=\"https:\/\/atlantica.cielavillage.fr\/wp-content\/uploads\/2024\/10\/222-Camping-Pays-Basque-Atlantica-Ciela-Village-Parc-Terrasse-Bar-scaled.jpg\" data-link=\"https:\/\/atlantica.cielavillage.fr\/mobil-home-pays-basque\/attachment\/222-camping-pays-basque-atlantica-ciela-village-parc-terrasse-bar\/\" class=\"wp-image-8285\" srcset=\"https:\/\/atlantica.cielavillage.fr\/wp-content\/uploads\/2024\/10\/222-Camping-Pays-Basque-Atlantica-Ciela-Village-Parc-Terrasse-Bar-scaled.jpg 2560w, https:\/\/atlantica.cielavillage.fr\/wp-content\/uploads\/2024\/10\/222-Camping-Pays-Basque-Atlantica-Ciela-Village-Parc-Terrasse-Bar-300x200.jpg 300w, https:\/\/atlantica.cielavillage.fr\/wp-content\/uploads\/2024\/10\/222-Camping-Pays-Basque-Atlantica-Ciela-Village-Parc-Terrasse-Bar-1024x683.jpg 1024w, https:\/\/atlantica.cielavillage.fr\/wp-content\/uploads\/2024\/10\/222-Camping-Pays-Basque-Atlantica-Ciela-Village-Parc-Terrasse-Bar-768x512.jpg 768w, https:\/\/atlantica.cielavillage.fr\/wp-content\/uploads\/2024\/10\/222-Camping-Pays-Basque-Atlantica-Ciela-Village-Parc-Terrasse-Bar-1536x1024.jpg 1536w, https:\/\/atlantica.cielavillage.fr\/wp-content\/uploads\/2024\/10\/222-Camping-Pays-Basque-Atlantica-Ciela-Village-Parc-Terrasse-Bar-2048x1365.jpg 2048w\" sizes=\"(max-width: 2560px) 100vw, 2560px\" \/><\/figure><\/li><\/ul><\/figure>\n\n\n\n<p class=\"btn-galerie has-blanc-color has-text-color\"><a href=\"https:\/\/atlantica.cielavillage.fr\/es\/galeria-de-fotos\/\">&gt; Ver la galer\u00eda de fotos<\/a><\/p>\n<\/div>\n<\/div>\n<\/div><\/div>\n\n\n\n<div class=\"wp-block-columns are-vertically-aligned-center boxage small\">\n<div class=\"wp-block-column is-vertically-aligned-center\">\n<h2>Explora los tesoros de la costa vasca<\/h2>\n\n\n\n<p>El suntuoso marco de las playas vascas es el tesoro m\u00e1s inestimable de esta costa. Algunas playas de San Juan de Luz son imprescindibles: la Grande Plage es ideal para las familias gracias a sus aguas tranquilas, <a href=\"https:\/\/atlantica.cielavillage.fr\/es\/alentours\/la-playa-de-lafitenia\/\" data-type=\"alentours\" data-id=\"5715\">Lafitenia <\/a>es un lugar m\u00edtico para practicar surf, <a href=\"https:\/\/atlantica.cielavillage.fr\/es\/alentours\/la-playa-de-erromardie\/\" data-type=\"alentours\" data-id=\"5714\">Erromardie <\/a>es perfecta para dar un paseo durante la marea baja.<\/p>\n\n\n\n<p>Mais la C\u00f4te basque offre bien plus qu\u2019un simple d\u00e9cor maritime. Au programme : surf, paddle, voile, plong\u00e9e ou kayak. Profitez de l\u2019oc\u00e9an sous toutes ses formes et initiez-vous \u00e0 la planche \u00e0 voile ou au surf en famille.<\/p>\n\n\n\n<p>\u00bfPrefieres el senderismo? El sendero costero ofrece unas vistas espectaculares del oc\u00e9ano. La ascensi\u00f3n a la Rhune, la emblem\u00e1tica cima del Pa\u00eds Vasco, tambi\u00e9n te permitir\u00e1 admirar toda la costa hasta Espa\u00f1a. Alquila una bicicleta y descubre la costa vasca.<\/p>\n\n\n\n<p>Adem\u00e1s de la playa, <strong>su estancia en San Juan de Luz<\/strong> tambi\u00e9n le brinda la oportunidad de sumergirse en las tradiciones y fiestas del Pa\u00eds Vasco. En el mercado cubierto, descubra los sabores locales: queso de oveja, pimiento de Espelette, jam\u00f3n de Bayona y pastel vasco.<\/p>\n<\/div>\n\n\n\n<div class=\"wp-block-column is-vertically-aligned-center\">\n<figure class=\"wp-block-image size-large\"><img width=\"1024\" height=\"685\" src=\"https:\/\/atlantica.cielavillage.fr\/wp-content\/uploads\/2021\/12\/basque-country-g9c5394c56_1280-1024x685.jpg\" alt=\"pays basque paysage\" class=\"wp-image-4972\" srcset=\"https:\/\/atlantica.cielavillage.fr\/wp-content\/uploads\/2021\/12\/basque-country-g9c5394c56_1280-1024x685.jpg 1024w, https:\/\/atlantica.cielavillage.fr\/wp-content\/uploads\/2021\/12\/basque-country-g9c5394c56_1280-300x201.jpg 300w, https:\/\/atlantica.cielavillage.fr\/wp-content\/uploads\/2021\/12\/basque-country-g9c5394c56_1280-768x514.jpg 768w, https:\/\/atlantica.cielavillage.fr\/wp-content\/uploads\/2021\/12\/basque-country-g9c5394c56_1280.jpg 1280w\" sizes=\"(max-width: 1024px) 100vw, 1024px\" \/><\/figure>\n<\/div>\n<\/div>\n\n\n\n<div style=\"height:53px\" aria-hidden=\"true\" class=\"wp-block-spacer\"><\/div>\n\n\n\n<div class=\"wp-block-cover boxage\"><img width=\"1920\" height=\"1271\" class=\"wp-block-cover__image-background wp-image-5243\" alt=\"\" src=\"https:\/\/atlantica.cielavillage.fr\/wp-content\/uploads\/2021\/12\/st-jean-pied-de-port-1717349_1920.jpg\" style=\"object-position:51% 55%\" data-object-fit=\"cover\" data-object-position=\"51% 55%\" srcset=\"https:\/\/atlantica.cielavillage.fr\/wp-content\/uploads\/2021\/12\/st-jean-pied-de-port-1717349_1920.jpg 1920w, https:\/\/atlantica.cielavillage.fr\/wp-content\/uploads\/2021\/12\/st-jean-pied-de-port-1717349_1920-300x199.jpg 300w, https:\/\/atlantica.cielavillage.fr\/wp-content\/uploads\/2021\/12\/st-jean-pied-de-port-1717349_1920-1024x678.jpg 1024w, https:\/\/atlantica.cielavillage.fr\/wp-content\/uploads\/2021\/12\/st-jean-pied-de-port-1717349_1920-768x508.jpg 768w, https:\/\/atlantica.cielavillage.fr\/wp-content\/uploads\/2021\/12\/st-jean-pied-de-port-1717349_1920-1536x1017.jpg 1536w\" sizes=\"(max-width: 1920px) 100vw, 1920px\" \/><div class=\"wp-block-cover__inner-container\">\n<div class=\"wp-block-group encart_banniere left has-primaire-background-color has-background\"><div class=\"wp-block-group__inner-container\">\n<h2 class=\"has-text-align-center\">Reserve su estancia en el Pa\u00eds Vasco en nuestro camping<\/h2>\n\n\n\n<p class=\"has-typo-color has-text-color\">El camping Atlantica en San Juan de Luz ofrece todo lo necesario para disfrutar al m\u00e1ximo de la costa vasca. Este camping de 4 estrellas se encuentra a pocos pasos de Lafitenia, una de las playas m\u00e1s bonitas del Pa\u00eds Vasco. Adem\u00e1s de su magn\u00edfico entorno, el camping Atlantica cuenta con piscina, parque acu\u00e1tico, pistas polideportivas, club infantil, restaurante y numerosas actividades de animaci\u00f3n.<\/p>\n\n\n\n<p class=\"has-typo-color has-text-color\">\u00bfQu\u00e9 alojamiento elegir\u00e1 durante su estancia? \u00bfUna simple parcela, una casa m\u00f3vil familiar, un alojamiento con spa privado o una caba\u00f1a ins\u00f3lita? Reserve ahora y disfrute de unas vacaciones excepcionales en Atlantica.<\/p>\n\n\n\n<div class=\"wp-block-buttons is-content-justification-center\">\n<div class=\"wp-block-button\"><a class=\"wp-block-button__link\" href=\"https:\/\/atlantica.cielavillage.fr\/es\/alojamientos\/\">Reservar alojamiento<\/a><\/div>\n<\/div>\n<\/div><\/div>\n<\/div><\/div>\n\n\n\n<h2>Preguntas frecuentes \u2013 Camping en San Juan de Luz Atlantica: sus preguntas, nuestras respuestas<\/h2>\n\n\n\n<h3>\u00bfPor qu\u00e9 elegir el Camping Atlantica Saint-Jean-de-Luz para unas vacaciones en familia en el Pa\u00eds Vasco?<\/h3>\n\n\n\n<p>El Camping Atlantica Saint-Jean-de-Luz es un camping de 4 estrellas con una ubicaci\u00f3n ideal, a solo 10 minutos a pie de la playa, en un entorno verde y florido en el barrio de Acotz. Este camping est\u00e1 especialmente dise\u00f1ado para familias, con diferentes tipos de alojamiento: c\u00f3modas casas m\u00f3viles (algunas con spa privado), chal\u00e9s y amplias parcelas para tiendas, caravanas y autocaravanas. Los ni\u00f1os pueden disfrutar de un club infantil (abierto en julio y agosto), un parque infantil seguro y una piscina climatizada con toboganes y una zona dedicada a los m\u00e1s peque\u00f1os. Los padres apreciar\u00e1n las animaciones diurnas y nocturnas, el restaurante y el snack-bar, as\u00ed como la proximidad de las playas de Mayarco y Lafitenia, famosas por su seguridad y sus actividades n\u00e1uticas, como el surf y el paddle. Por \u00faltimo, el camping ofrece servicios pr\u00e1cticos: tienda de comestibles, lavander\u00eda, Wi-Fi gratuito y acceso para personas con movilidad reducida.<\/p>\n\n\n\n<h3>\u00bfQu\u00e9 alojamientos e instalaciones hay disponibles en el Camping Atlantica Saint-Jean-de-Luz?<\/h3>\n\n\n\n<p>El Camping Atlantica <strong>Saint-Jean-de-Luz<\/strong> ofrece una gama de alojamientos adaptados a todo tipo de estancias. Los turistas pueden optar por parcelas amplias y sombreadas, especialmente acondicionadas para tiendas de campa\u00f1a, caravanas y autocaravanas. Para aquellos que buscan m\u00e1s comodidad, hay disponibles mobil-homes modernos y totalmente equipados, con dos o tres dormitorios, una cocina funcional y una terraza cubierta para disfrutar del aire libre. Por su parte, los chal\u00e9s ofrecen un ambiente c\u00e1lido y acogedor, ideal para familias o grupos. En cuanto a las instalaciones, el camping cuenta con una piscina exterior climatizada, perfecta para relajarse en familia o con amigos. Una zona de juegos segura permite a los ni\u00f1os divertirse sin peligro, mientras que el snack-bar y la tienda de comestibles del camping facilitan el d\u00eda a d\u00eda de los campistas. Por \u00faltimo, hay conexi\u00f3n Wi-Fi en todo el camping, lo que garantiza una conexi\u00f3n permanente para todos los clientes.<\/p>\n\n\n\n<h3>\u00bfQu\u00e9 actividades n\u00e1uticas y tur\u00edsticas se pueden practicar en los alrededores del Camping Atlantica Saint-Jean-de-Luz?<\/h3>\n\n\n\n<p>El Camping Atlantica se encuentra a 600 metros de las playas de Mayarco y Lafitenia, dos lugares ideales para nadar, hacer surf, paddle surf y kayak. Se ofrecen clases de surf para todos los niveles en el camping o en las inmediaciones, con escuelas asociadas. Para los amantes del senderismo, la ruta costera (GR 8) y la ascensi\u00f3n al Rhune ofrecen paisajes impresionantes. Las familias tambi\u00e9n pueden explorar el puerto de San Juan de Luz, visitar la Casa de la Infanta o descubrir pueblos vascos t\u00edpicos como Ciboure, Gu\u00e9thary y Espelette. Por \u00faltimo, las excursiones en barco o las visitas culturales (como el Museo del Mar) completan la oferta tur\u00edstica local.<\/p>\n\n\n\n<h3>\u00bfQu\u00e9 servicios gratuitos se incluyen en una estancia en el camping Atlantica Saint-Jean-de-Luz?<\/h3>\n\n\n\n<p>En Atlantica, hacemos todo lo posible para que su estancia sea <strong>sencilla y agradable<\/strong>, con numerosos servicios incluidos en su reserva. El acceso a nuestra <strong>piscina exterior climatizada<\/strong> y a nuestra <strong>zona de juegos para ni\u00f1os<\/strong> es totalmente gratuito. En temporada alta, ofrecemos <strong>animaci\u00f3n diaria<\/strong> (talleres creativos, juegos deportivos) sin coste adicional. Hay <strong>Wi-Fi<\/strong> disponible en todo el camping y nuestro <strong>aparcamiento vigilado<\/strong> es accesible para todos los clientes. Por \u00faltimo, nuestro <strong>servicio de pr\u00e9stamo de juegos de mesa y libros<\/strong> le permite disfrutar de momentos agradables en familia o con amigos, sin coste adicional.<\/p>\n\n\n\n<h3>\u00bfC\u00f3mo llegar f\u00e1cilmente al camping Atlantica Saint-Jean-de-Luz en coche o en transporte p\u00fablico?<\/h3>\n\n\n\n<p>El Camping Atlantica Saint-Jean-de-Luz es f\u00e1cilmente accesible, tanto si viaja en coche como en transporte p\u00fablico. Desde Burdeos, tome la autopista A63 en direcci\u00f3n a Bayona y siga la N10 hasta Saint-Jean-de-Luz, en un trayecto de aproximadamente 1 hora y media. Hay un aparcamiento gratuito y vigilado disponible para los clientes que lleguen en coche. Para los turistas que prefieran el transporte p\u00fablico, la estaci\u00f3n de tren de San Juan de Luz se encuentra a 6 km del camping. La l\u00ednea de autob\u00fas 16 conecta directamente el camping con el centro de la ciudad (parada Duhartia). En verano, <strong>la l\u00ednea 65 <\/strong>pasa por delante del camping y recorre la costa, y durante todo el a\u00f1o<strong> las l\u00edneas 3 y 18 pasan por la parada Akotz<\/strong>. Aproveche tambi\u00e9n el <strong>servicio de transporte gratuito<\/strong> que conecta el camping con la playa cada 30 minutos, lo que facilita los desplazamientos sin coche. Toda la informaci\u00f3n sobre los autobuses en <strong>la aplicaci\u00f3n Txik Txak<\/strong>.<\/p>\n","protected":false},"excerpt":{"rendered":"<p>Vacaciones en el camping de San Juan de Luz \u00bfTe apetece unas vacaciones al sol y no sabes si elegir entre el mar y la monta\u00f1a? \u00a1No lo pienses m\u00e1s! San Juan de Luz es el destino ideal. Esta encantadora ciudad vasca est\u00e1 situada a orillas del oc\u00e9ano Atl\u00e1ntico, a los pies de los Pirineos [&hellip;]<\/p>\n","protected":false},"author":1,"featured_media":6370,"parent":0,"menu_order":0,"comment_status":"closed","ping_status":"closed","template":"","meta":[],"_links":{"self":[{"href":"https:\/\/atlantica.cielavillage.fr\/es\/wp-json\/wp\/v2\/pages\/210550"}],"collection":[{"href":"https:\/\/atlantica.cielavillage.fr\/es\/wp-json\/wp\/v2\/pages"}],"about":[{"href":"https:\/\/atlantica.cielavillage.fr\/es\/wp-json\/wp\/v2\/types\/page"}],"author":[{"embeddable":true,"href":"https:\/\/atlantica.cielavillage.fr\/es\/wp-json\/wp\/v2\/users\/1"}],"replies":[{"embeddable":true,"href":"https:\/\/atlantica.cielavillage.fr\/es\/wp-json\/wp\/v2\/comments?post=210550"}],"version-history":[{"count":6,"href":"https:\/\/atlantica.cielavillage.fr\/es\/wp-json\/wp\/v2\/pages\/210550\/revisions"}],"predecessor-version":[{"id":210670,"href":"https:\/\/atlantica.cielavillage.fr\/es\/wp-json\/wp\/v2\/pages\/210550\/revisions\/210670"}],"wp:featuredmedia":[{"embeddable":true,"href":"https:\/\/atlantica.cielavillage.fr\/es\/wp-json\/wp\/v2\/media\/6370"}],"wp:attachment":[{"href":"https:\/\/atlantica.cielavillage.fr\/es\/wp-json\/wp\/v2\/media?parent=210550"}],"curies":[{"name":"wp","href":"https:\/\/api.w.org\/{rel}","templated":true}]}}