{"id":5647,"date":"2022-02-15T10:07:19","date_gmt":"2022-02-15T09:07:19","guid":{"rendered":"https:\/\/atlantica.cielavillage.fr\/badelandschaft\/"},"modified":"2026-03-17T11:38:51","modified_gmt":"2026-03-17T10:38:51","slug":"badelandschaft","status":"publish","type":"page","link":"https:\/\/atlantica.cielavillage.fr\/de\/badelandschaft\/","title":{"rendered":"Badelandschaft"},"content":{"rendered":"\n<div class=\"wp-block-cover bloc-header\"><img width=\"1920\" height=\"1277\" class=\"wp-block-cover__image-background wp-image-7481\" alt=\"\" src=\"https:\/\/atlantica.cielavillage.fr\/wp-content\/uploads\/2024\/04\/043_Camping_Landes_Ciela_Village_Atlantica_Parc_Aquatique-atlantica.webp\" style=\"object-position:43% 57%\" data-object-fit=\"cover\" data-object-position=\"43% 57%\" srcset=\"https:\/\/atlantica.cielavillage.fr\/wp-content\/uploads\/2024\/04\/043_Camping_Landes_Ciela_Village_Atlantica_Parc_Aquatique-atlantica.webp 1920w, https:\/\/atlantica.cielavillage.fr\/wp-content\/uploads\/2024\/04\/043_Camping_Landes_Ciela_Village_Atlantica_Parc_Aquatique-atlantica-300x200.webp 300w, https:\/\/atlantica.cielavillage.fr\/wp-content\/uploads\/2024\/04\/043_Camping_Landes_Ciela_Village_Atlantica_Parc_Aquatique-atlantica-1024x681.webp 1024w, https:\/\/atlantica.cielavillage.fr\/wp-content\/uploads\/2024\/04\/043_Camping_Landes_Ciela_Village_Atlantica_Parc_Aquatique-atlantica-768x511.webp 768w, https:\/\/atlantica.cielavillage.fr\/wp-content\/uploads\/2024\/04\/043_Camping_Landes_Ciela_Village_Atlantica_Parc_Aquatique-atlantica-1536x1022.webp 1536w\" sizes=\"(max-width: 1920px) 100vw, 1920px\" \/><div class=\"wp-block-cover__inner-container\">\n<p class=\"has-text-align-center has-large-font-size\"><\/p>\n<\/div><\/div>\n\n\n\n<div class=\"wp-block-columns are-vertically-aligned-center boxage-bottom boxage\">\n<div class=\"wp-block-column is-vertically-aligned-center\">\n<h1 class=\"has-text-align-left\">Ein Campingplatz im Baskenland mit sch\u00f6nem Badebereich<\/h1>\n\n\n\n<p>Wenn Sie einen Familienurlaub im Baskenland genie\u00dfen m\u00f6chten, w\u00e4hlen Sie unseren Campingplatz Atlantica, der mit einem angenehmen beheizten Au\u00dfenpool <em>(ab 25. April<\/em>) und seinen drei neuen Rutschen.<\/p>\n<\/div>\n\n\n\n<div class=\"wp-block-column is-vertically-aligned-center\">\n<div class=\"wp-block-columns bloc-icons\">\n<div class=\"wp-block-column\">\n<i class=\"fc-temp\"><\/i>\n\n\n\n<p>Beheizter<\/p>\n\n\n\n<p class=\"has-primaire-color has-text-color\"><strong>Pool<\/strong><\/p>\n<\/div>\n\n\n\n<div class=\"wp-block-column\">\n<i class=\" fc-piscine\"><\/i>\n\n\n\n<p>3<\/p>\n\n\n\n<p class=\"has-primaire-color has-text-color\"><strong>Rutschen<\/strong><\/p>\n<\/div>\n\n\n\n<div class=\"wp-block-column\">\n<i class=\" fc-enfants \"><\/i>\n\n\n\n<p>Spiele<\/p>\n\n\n\n<p class=\"has-primaire-color has-text-color\"><strong>f\u00fcr Kinder<\/strong><\/p>\n<\/div>\n\n\n\n<div class=\"wp-block-column\">\n<i class=\"fc-aquagym\"><\/i>\n\n\n\n<p>Aquagym<\/p>\n\n\n\n<p class=\"has-primaire-color has-text-color\"><strong>Kurse<\/strong><\/p>\n<\/div>\n<\/div>\n<\/div>\n<\/div>\n\n\n\n<div class=\"wp-block-columns fond_lignes boxage\">\n<div class=\"wp-block-column bloc-images-3\">\n<figure class=\"wp-block-gallery columns-2 is-cropped\"><ul class=\"blocks-gallery-grid\"><li class=\"blocks-gallery-item\"><figure><img width=\"1024\" height=\"768\" src=\"https:\/\/atlantica.cielavillage.fr\/wp-content\/uploads\/2024\/10\/CA-retouche-jpg-1024x768.jpg\" alt=\"Camping Atlantica : Ca Retouche Jpg\" data-id=\"8342\" data-full-url=\"https:\/\/atlantica.cielavillage.fr\/wp-content\/uploads\/2024\/10\/CA-retouche-jpg.jpg\" data-link=\"https:\/\/atlantica.cielavillage.fr\/es\/inicio\/attachment\/ca-retouche-jpg-2\/\" class=\"wp-image-8342\" srcset=\"https:\/\/atlantica.cielavillage.fr\/wp-content\/uploads\/2024\/10\/CA-retouche-jpg-1024x768.jpg 1024w, https:\/\/atlantica.cielavillage.fr\/wp-content\/uploads\/2024\/10\/CA-retouche-jpg-300x225.jpg 300w, https:\/\/atlantica.cielavillage.fr\/wp-content\/uploads\/2024\/10\/CA-retouche-jpg-768x576.jpg 768w, https:\/\/atlantica.cielavillage.fr\/wp-content\/uploads\/2024\/10\/CA-retouche-jpg-1536x1152.jpg 1536w, https:\/\/atlantica.cielavillage.fr\/wp-content\/uploads\/2024\/10\/CA-retouche-jpg.jpg 1920w\" sizes=\"(max-width: 1024px) 100vw, 1024px\" \/><\/figure><\/li><li class=\"blocks-gallery-item\"><figure><img width=\"1024\" height=\"683\" src=\"https:\/\/atlantica.cielavillage.fr\/wp-content\/uploads\/2024\/10\/063-Camping-Pays-Basque-Atlantica-Ciela-Village-Parc-Aquatique-1024x683.jpg\" alt=\"Camping Atlantica : 063 Camping Pays Basque Atlantica Ciela Village Parc Aquatique\" data-id=\"8257\" data-full-url=\"https:\/\/atlantica.cielavillage.fr\/wp-content\/uploads\/2024\/10\/063-Camping-Pays-Basque-Atlantica-Ciela-Village-Parc-Aquatique-scaled.jpg\" data-link=\"https:\/\/atlantica.cielavillage.fr\/es\/zona-acuatica\/attachment\/063-camping-pays-basque-atlantica-ciela-village-parc-aquatique\/\" class=\"wp-image-8257\" srcset=\"https:\/\/atlantica.cielavillage.fr\/wp-content\/uploads\/2024\/10\/063-Camping-Pays-Basque-Atlantica-Ciela-Village-Parc-Aquatique-1024x683.jpg 1024w, https:\/\/atlantica.cielavillage.fr\/wp-content\/uploads\/2024\/10\/063-Camping-Pays-Basque-Atlantica-Ciela-Village-Parc-Aquatique-300x200.jpg 300w, https:\/\/atlantica.cielavillage.fr\/wp-content\/uploads\/2024\/10\/063-Camping-Pays-Basque-Atlantica-Ciela-Village-Parc-Aquatique-768x512.jpg 768w, https:\/\/atlantica.cielavillage.fr\/wp-content\/uploads\/2024\/10\/063-Camping-Pays-Basque-Atlantica-Ciela-Village-Parc-Aquatique-1536x1024.jpg 1536w, https:\/\/atlantica.cielavillage.fr\/wp-content\/uploads\/2024\/10\/063-Camping-Pays-Basque-Atlantica-Ciela-Village-Parc-Aquatique-2048x1365.jpg 2048w\" sizes=\"(max-width: 1024px) 100vw, 1024px\" \/><\/figure><\/li><li class=\"blocks-gallery-item\"><figure><img width=\"1024\" height=\"683\" src=\"https:\/\/atlantica.cielavillage.fr\/wp-content\/uploads\/2024\/10\/117-Camping-Pays-Basque-Atlantica-Ciela-Village-Parc-Aquatique-1024x683.jpg\" alt=\"Camping Atlantica : 117 Camping Pays Basque Atlantica Ciela Village Parc Aquatique\" data-id=\"8262\" data-full-url=\"https:\/\/atlantica.cielavillage.fr\/wp-content\/uploads\/2024\/10\/117-Camping-Pays-Basque-Atlantica-Ciela-Village-Parc-Aquatique-scaled.jpg\" data-link=\"https:\/\/atlantica.cielavillage.fr\/es\/zona-acuatica\/attachment\/117-camping-pays-basque-atlantica-ciela-village-parc-aquatique\/\" class=\"wp-image-8262\" srcset=\"https:\/\/atlantica.cielavillage.fr\/wp-content\/uploads\/2024\/10\/117-Camping-Pays-Basque-Atlantica-Ciela-Village-Parc-Aquatique-1024x683.jpg 1024w, https:\/\/atlantica.cielavillage.fr\/wp-content\/uploads\/2024\/10\/117-Camping-Pays-Basque-Atlantica-Ciela-Village-Parc-Aquatique-300x200.jpg 300w, https:\/\/atlantica.cielavillage.fr\/wp-content\/uploads\/2024\/10\/117-Camping-Pays-Basque-Atlantica-Ciela-Village-Parc-Aquatique-768x512.jpg 768w, https:\/\/atlantica.cielavillage.fr\/wp-content\/uploads\/2024\/10\/117-Camping-Pays-Basque-Atlantica-Ciela-Village-Parc-Aquatique-1536x1024.jpg 1536w, https:\/\/atlantica.cielavillage.fr\/wp-content\/uploads\/2024\/10\/117-Camping-Pays-Basque-Atlantica-Ciela-Village-Parc-Aquatique-2048x1365.jpg 2048w\" sizes=\"(max-width: 1024px) 100vw, 1024px\" \/><\/figure><\/li><\/ul><\/figure>\n\n\n\n<p class=\"has-text-align-left btn-galerie\"><a href=\"https:\/\/atlantica.cielavillage.fr\/de\/fotogalerie\/\" data-type=\"page\">&gt; Galerie ansehen<\/a><\/p>\n<\/div>\n\n\n\n<div class=\"wp-block-column\" style=\"padding-bottom:40px;flex-basis:40%\">\n<h2 class=\"has-primaire-color has-text-color\">Ein Campingplatz mit Swimmingpool garantiert Ihnen einen unvergesslichen Urlaub!<\/h2>\n\n\n\n<p>Auf unserem Familiencampingplatz mit herzlicher Atmosph\u00e4re finden Sie die n\u00f6tige Ausstattung f\u00fcr die ganze Familie: beheiztes Schwimmbad, Spielplatz f\u00fcr Kinder, zahlreiche Spielaktivit\u00e4ten im Kinderclub, multifunktionaler Sportplatz, etc. In puncto Unterk\u00fcnften stehen Ihnen sch\u00f6ne, komplett ausgestattete Mobilheime auf einem \u00fcber 3 Hektar gro\u00dfen, idyllisch bepflanzten Gel\u00e4nde zur Verf\u00fcgung. Jedes Mobilheim steht auf einem durch Hecken abgegrenzten Stellplatz.<\/p>\n\n\n\n<p>Ein Campingplatz mit Swimmingpool garantiert Ihnen einen unvergesslichen Urlaub!<\/p>\n\n\n\n<p><strong><strong>Auf dem Campingplatz Ciela Village Atlantica besteht der Wasserbereich aus zwei separaten, vollst\u00e4ndig gesicherten Becken, in denen Kinder ausgelassen planschten k\u00f6nnen<\/strong>:<\/strong><\/p>\n\n\n\n<p>&#8211; ein gro\u00dfes Becken mit 1 m bis 1,60 m Tiefe;<br>&#8211; 3 Wasserrutschen<br>&#8211; ein 20-30 cm tiefes Planschbecken;<\/p>\n<\/div>\n<\/div>\n\n\n\n<div class=\"wp-block-group alignfull fond-vague fond-lignes boxage boxage-parent-n has-primaire-background-color has-background\"><div class=\"wp-block-group__inner-container\">\n<div class=\"wp-block-columns alignfull are-vertically-aligned-center boxage-bottom\">\n<div class=\"wp-block-column is-vertically-aligned-center\" style=\"flex-basis:45%\">\n<h2 class=\"has-blanc-color has-text-color\"> Pools und Highlights im Au\u00dfenbereich <\/h2>\n\n\n\n<p> <strong>An verschiedenen Stellen befinden sich Duschen und Wasserspiele f\u00fcr Gro\u00df und Klein. <\/strong>Die Umgebung des Schwimmbads ist h\u00fcbsch bepflanzt. Sie finden einladende Sonnenschirme mit Liegest\u00fchlen f\u00fcr eine entspannte Pause im Schatten, w\u00e4hrend Ihre Kinder nach einer ausgiebigen Schwimm-Session die Spielger\u00e4te nutzen. <\/p>\n\n\n\n<p class=\"encart\">Der Pool wird ab dem 25. April beheizt.<\/p>\n\n\n\n<p><strong>Im Juli und August werden Ihnen morgens kostenlose Wassergymnastikkurse angeboten<\/strong>. <\/p>\n\n\n\n<p class=\"btn-galerie has-blanc-color has-text-color\"><a href=\"https:\/\/atlantica.cielavillage.fr\/de\/fotogalerie\/\" data-type=\"page\">&gt; Galerie ansehen<\/a><\/p>\n<\/div>\n\n\n\n<div class=\"wp-block-column is-vertically-aligned-center boxage-n-top gallery\">\n<figure class=\"wp-block-gallery columns-3 is-cropped caroussel-galerie\"><ul class=\"blocks-gallery-grid\"><li class=\"blocks-gallery-item\"><figure><img width=\"1024\" height=\"681\" src=\"https:\/\/atlantica.cielavillage.fr\/wp-content\/uploads\/2022\/10\/043_Camping_Landes_Ciela_Village_Atlantica_Parc_Aquatique-1024x681.jpg\" alt=\"\" data-id=\"6414\" data-full-url=\"https:\/\/atlantica.cielavillage.fr\/wp-content\/uploads\/2022\/10\/043_Camping_Landes_Ciela_Village_Atlantica_Parc_Aquatique-scaled.jpg\" data-link=\"https:\/\/atlantica.cielavillage.fr\/de\/043_camping_landes_ciela_village_atlantica_parc_aquatique-2\/\" class=\"wp-image-6414\" srcset=\"https:\/\/atlantica.cielavillage.fr\/wp-content\/uploads\/2022\/10\/043_Camping_Landes_Ciela_Village_Atlantica_Parc_Aquatique-1024x681.jpg 1024w, https:\/\/atlantica.cielavillage.fr\/wp-content\/uploads\/2022\/10\/043_Camping_Landes_Ciela_Village_Atlantica_Parc_Aquatique-300x200.jpg 300w, https:\/\/atlantica.cielavillage.fr\/wp-content\/uploads\/2022\/10\/043_Camping_Landes_Ciela_Village_Atlantica_Parc_Aquatique-768x511.jpg 768w, https:\/\/atlantica.cielavillage.fr\/wp-content\/uploads\/2022\/10\/043_Camping_Landes_Ciela_Village_Atlantica_Parc_Aquatique-1536x1022.jpg 1536w, https:\/\/atlantica.cielavillage.fr\/wp-content\/uploads\/2022\/10\/043_Camping_Landes_Ciela_Village_Atlantica_Parc_Aquatique-2048x1363.jpg 2048w\" sizes=\"(max-width: 1024px) 100vw, 1024px\" \/><\/figure><\/li><li class=\"blocks-gallery-item\"><figure><img width=\"1024\" height=\"683\" src=\"https:\/\/atlantica.cielavillage.fr\/wp-content\/uploads\/2022\/01\/Ciela-Atlantica-tuvemafoto_127-1024x683.jpg\" alt=\"Campingplatz Atlantica: Ciela Atlantica Tuvemafoto 127\" data-id=\"5089\" data-full-url=\"https:\/\/atlantica.cielavillage.fr\/wp-content\/uploads\/2022\/01\/Ciela-Atlantica-tuvemafoto_127-scaled.jpg\" data-link=\"https:\/\/atlantica.cielavillage.fr\/camping-pays-basque-avec-parc-aquatique\/attachment\/ciela-atlantica-tuvemafoto_127\/\" class=\"wp-image-5089\" srcset=\"https:\/\/atlantica.cielavillage.fr\/wp-content\/uploads\/2022\/01\/Ciela-Atlantica-tuvemafoto_127-1024x683.jpg 1024w, https:\/\/atlantica.cielavillage.fr\/wp-content\/uploads\/2022\/01\/Ciela-Atlantica-tuvemafoto_127-300x200.jpg 300w, https:\/\/atlantica.cielavillage.fr\/wp-content\/uploads\/2022\/01\/Ciela-Atlantica-tuvemafoto_127-768x512.jpg 768w, https:\/\/atlantica.cielavillage.fr\/wp-content\/uploads\/2022\/01\/Ciela-Atlantica-tuvemafoto_127-1536x1024.jpg 1536w, https:\/\/atlantica.cielavillage.fr\/wp-content\/uploads\/2022\/01\/Ciela-Atlantica-tuvemafoto_127-2048x1366.jpg 2048w\" sizes=\"(max-width: 1024px) 100vw, 1024px\" \/><\/figure><\/li><li class=\"blocks-gallery-item\"><figure><img width=\"1024\" height=\"681\" src=\"https:\/\/atlantica.cielavillage.fr\/wp-content\/uploads\/2022\/10\/068_Camping_Landes_Ciela_Village_Atlantica_Parc_Aquatique-1024x681.jpg\" alt=\"\" data-id=\"6444\" data-full-url=\"https:\/\/atlantica.cielavillage.fr\/wp-content\/uploads\/2022\/10\/068_Camping_Landes_Ciela_Village_Atlantica_Parc_Aquatique-scaled.jpg\" data-link=\"https:\/\/atlantica.cielavillage.fr\/de\/068_camping_landes_ciela_village_atlantica_parc_aquatique-2\/\" class=\"wp-image-6444\" srcset=\"https:\/\/atlantica.cielavillage.fr\/wp-content\/uploads\/2022\/10\/068_Camping_Landes_Ciela_Village_Atlantica_Parc_Aquatique-1024x681.jpg 1024w, https:\/\/atlantica.cielavillage.fr\/wp-content\/uploads\/2022\/10\/068_Camping_Landes_Ciela_Village_Atlantica_Parc_Aquatique-300x200.jpg 300w, https:\/\/atlantica.cielavillage.fr\/wp-content\/uploads\/2022\/10\/068_Camping_Landes_Ciela_Village_Atlantica_Parc_Aquatique-768x511.jpg 768w, https:\/\/atlantica.cielavillage.fr\/wp-content\/uploads\/2022\/10\/068_Camping_Landes_Ciela_Village_Atlantica_Parc_Aquatique-1536x1022.jpg 1536w, https:\/\/atlantica.cielavillage.fr\/wp-content\/uploads\/2022\/10\/068_Camping_Landes_Ciela_Village_Atlantica_Parc_Aquatique-2048x1363.jpg 2048w\" sizes=\"(max-width: 1024px) 100vw, 1024px\" \/><\/figure><\/li><\/ul><\/figure>\n<\/div>\n<\/div>\n\n\n\n<div class=\"wp-block-columns are-vertically-aligned-center\">\n<div class=\"wp-block-column is-vertically-aligned-center bloc-images-2 boxage-n-bot\">\n<figure class=\"wp-block-gallery columns-3 is-cropped\"><ul class=\"blocks-gallery-grid\"><li class=\"blocks-gallery-item\"><figure><img width=\"1024\" height=\"683\" src=\"https:\/\/atlantica.cielavillage.fr\/wp-content\/uploads\/2022\/01\/Camping-Atlantica_sjdl_Cielavillage_BD_224-1024x683.jpg\" alt=\"Campingplatz Atlantica: Camping Atlantica Sjdl Cielavillage Bd 224\" data-id=\"5099\" data-full-url=\"https:\/\/atlantica.cielavillage.fr\/wp-content\/uploads\/2022\/01\/Camping-Atlantica_sjdl_Cielavillage_BD_224.jpg\" data-link=\"https:\/\/atlantica.cielavillage.fr\/camping-pays-basque-avec-parc-aquatique\/attachment\/camping-atlantica_sjdl_cielavillage_bd_224\/\" class=\"wp-image-5099\" srcset=\"https:\/\/atlantica.cielavillage.fr\/wp-content\/uploads\/2022\/01\/Camping-Atlantica_sjdl_Cielavillage_BD_224-1024x683.jpg 1024w, https:\/\/atlantica.cielavillage.fr\/wp-content\/uploads\/2022\/01\/Camping-Atlantica_sjdl_Cielavillage_BD_224-300x200.jpg 300w, https:\/\/atlantica.cielavillage.fr\/wp-content\/uploads\/2022\/01\/Camping-Atlantica_sjdl_Cielavillage_BD_224-768x512.jpg 768w, https:\/\/atlantica.cielavillage.fr\/wp-content\/uploads\/2022\/01\/Camping-Atlantica_sjdl_Cielavillage_BD_224.jpg 1500w\" sizes=\"(max-width: 1024px) 100vw, 1024px\" \/><\/figure><\/li><li class=\"blocks-gallery-item\"><figure><img width=\"1024\" height=\"683\" src=\"https:\/\/atlantica.cielavillage.fr\/wp-content\/uploads\/2022\/01\/Camping-Atlantica_sjdl_Cielavillage_BD_228-1024x683.jpg\" alt=\"Campingplatz Atlantica: Camping Atlantica Sjdl Cielavillage Bd 228\" data-id=\"5104\" data-full-url=\"https:\/\/atlantica.cielavillage.fr\/wp-content\/uploads\/2022\/01\/Camping-Atlantica_sjdl_Cielavillage_BD_228.jpg\" data-link=\"https:\/\/atlantica.cielavillage.fr\/camping-pays-basque-avec-parc-aquatique\/attachment\/camping-atlantica_sjdl_cielavillage_bd_228\/\" class=\"wp-image-5104\" srcset=\"https:\/\/atlantica.cielavillage.fr\/wp-content\/uploads\/2022\/01\/Camping-Atlantica_sjdl_Cielavillage_BD_228-1024x683.jpg 1024w, https:\/\/atlantica.cielavillage.fr\/wp-content\/uploads\/2022\/01\/Camping-Atlantica_sjdl_Cielavillage_BD_228-300x200.jpg 300w, https:\/\/atlantica.cielavillage.fr\/wp-content\/uploads\/2022\/01\/Camping-Atlantica_sjdl_Cielavillage_BD_228-768x512.jpg 768w, https:\/\/atlantica.cielavillage.fr\/wp-content\/uploads\/2022\/01\/Camping-Atlantica_sjdl_Cielavillage_BD_228.jpg 1500w\" sizes=\"(max-width: 1024px) 100vw, 1024px\" \/><\/figure><\/li><li class=\"blocks-gallery-item\"><figure><img width=\"1024\" height=\"638\" src=\"https:\/\/atlantica.cielavillage.fr\/wp-content\/uploads\/2022\/01\/plage-Cenitz-1024x638.jpg\" alt=\"\" data-id=\"5039\" data-full-url=\"https:\/\/atlantica.cielavillage.fr\/wp-content\/uploads\/2022\/01\/plage-Cenitz.jpg\" data-link=\"https:\/\/atlantica.cielavillage.fr\/accueil\/attachment\/plage-cenitz\/\" class=\"wp-image-5039\" srcset=\"https:\/\/atlantica.cielavillage.fr\/wp-content\/uploads\/2022\/01\/plage-Cenitz-1024x638.jpg 1024w, https:\/\/atlantica.cielavillage.fr\/wp-content\/uploads\/2022\/01\/plage-Cenitz-300x187.jpg 300w, https:\/\/atlantica.cielavillage.fr\/wp-content\/uploads\/2022\/01\/plage-Cenitz-768x478.jpg 768w, https:\/\/atlantica.cielavillage.fr\/wp-content\/uploads\/2022\/01\/plage-Cenitz-1536x957.jpg 1536w, https:\/\/atlantica.cielavillage.fr\/wp-content\/uploads\/2022\/01\/plage-Cenitz-2048x1275.jpg 2048w\" sizes=\"(max-width: 1024px) 100vw, 1024px\" \/><\/figure><\/li><\/ul><\/figure>\n<\/div>\n\n\n\n<div class=\"wp-block-column is-vertically-aligned-center\">\n<h2 class=\"has-blanc-color has-text-color\">  Direkt am Wasser <\/h2>\n\n\n\n<p>  Nachdem Sie w\u00e4hrend Ihres Urlaubs genug in unseren <strong>beheizten Pools geplantscht haben<\/strong>, k\u00f6nnen Sie den kleinen Weg <strong>zum Strand von Cenitz oder Mayarco<\/strong> nutzen, den Sie vom Campingplatz aus zu Fu\u00df erreichen. <\/p>\n\n\n\n<p>Unternehmen Sie an der Atlantikk\u00fcste einen Spaziergang am Meer, lassen Sie sich zu einem Bad verf\u00fchren oder brutzeln Sie gem\u00fctlich unter den warmen Sonnenstrahlen von Luz. <strong>Ein Swimmingpool und der Strand in der N\u00e4he<\/strong> sind die ideale Kombination f\u00fcr einen gelungenen Campingurlaub!  <\/p>\n<\/div>\n<\/div>\n<\/div><\/div>\n\n\n\n<div class=\"wp-block-cover boxage fond-palmiers\" style=\"min-height:442px\"><img width=\"848\" height=\"566\" class=\"wp-block-cover__image-background wp-image-5109\" alt=\"\" src=\"https:\/\/atlantica.cielavillage.fr\/wp-content\/uploads\/2022\/01\/basque-camping-atlantica-ciela-village-23.jpg\" style=\"object-position:51% 69%\" data-object-fit=\"cover\" data-object-position=\"51% 69%\" srcset=\"https:\/\/atlantica.cielavillage.fr\/wp-content\/uploads\/2022\/01\/basque-camping-atlantica-ciela-village-23.jpg 848w, https:\/\/atlantica.cielavillage.fr\/wp-content\/uploads\/2022\/01\/basque-camping-atlantica-ciela-village-23-300x200.jpg 300w, https:\/\/atlantica.cielavillage.fr\/wp-content\/uploads\/2022\/01\/basque-camping-atlantica-ciela-village-23-768x513.jpg 768w\" sizes=\"(max-width: 848px) 100vw, 848px\" \/><div class=\"wp-block-cover__inner-container\">\n<div class=\"wp-block-group encart_banniere left has-primaire-background-color has-background\"><div class=\"wp-block-group__inner-container\">\n<p class=\"has-text-align-center titre-h3\">Noch mehr Spa\u00df<\/p>\n\n\n\n<p class=\"has-text-align-center has-typo-color has-text-color\">Neben unserem Wasserbereich bietet der Campingplatz Atlantica zahlreiche Aktivit\u00e4ten f\u00fcr die ganze Familie<\/p>\n\n\n\n<div class=\"wp-block-buttons is-content-justification-center\">\n<div class=\"wp-block-button\"><a class=\"wp-block-button__link\" href=\"https:\/\/atlantica.cielavillage.fr\/de\/aktivitaeten-unterhaltung\/\">Entdecken Sie unsere Aktivit\u00e4ten<\/a><\/div>\n<\/div>\n<\/div><\/div>\n<\/div><\/div>\n\n\n\n<p><\/p>\n","protected":false},"excerpt":{"rendered":"<p>Ein Campingplatz im Baskenland mit sch\u00f6nem Badebereich Wenn Sie einen Familienurlaub im Baskenland genie\u00dfen m\u00f6chten, w\u00e4hlen Sie unseren Campingplatz Atlantica, der mit einem angenehmen beheizten Au\u00dfenpool (ab 25. April) und seinen drei neuen Rutschen. Beheizter Pool 3 Rutschen Spiele f\u00fcr Kinder Aquagym Kurse &gt; Galerie ansehen Ein Campingplatz mit Swimmingpool garantiert Ihnen einen unvergesslichen Urlaub! [&hellip;]<\/p>\n","protected":false},"author":1,"featured_media":6649,"parent":0,"menu_order":0,"comment_status":"closed","ping_status":"closed","template":"","meta":[],"_links":{"self":[{"href":"https:\/\/atlantica.cielavillage.fr\/de\/wp-json\/wp\/v2\/pages\/5647"}],"collection":[{"href":"https:\/\/atlantica.cielavillage.fr\/de\/wp-json\/wp\/v2\/pages"}],"about":[{"href":"https:\/\/atlantica.cielavillage.fr\/de\/wp-json\/wp\/v2\/types\/page"}],"author":[{"embeddable":true,"href":"https:\/\/atlantica.cielavillage.fr\/de\/wp-json\/wp\/v2\/users\/1"}],"replies":[{"embeddable":true,"href":"https:\/\/atlantica.cielavillage.fr\/de\/wp-json\/wp\/v2\/comments?post=5647"}],"version-history":[{"count":6,"href":"https:\/\/atlantica.cielavillage.fr\/de\/wp-json\/wp\/v2\/pages\/5647\/revisions"}],"predecessor-version":[{"id":210646,"href":"https:\/\/atlantica.cielavillage.fr\/de\/wp-json\/wp\/v2\/pages\/5647\/revisions\/210646"}],"wp:featuredmedia":[{"embeddable":true,"href":"https:\/\/atlantica.cielavillage.fr\/de\/wp-json\/wp\/v2\/media\/6649"}],"wp:attachment":[{"href":"https:\/\/atlantica.cielavillage.fr\/de\/wp-json\/wp\/v2\/media?parent=5647"}],"curies":[{"name":"wp","href":"https:\/\/api.w.org\/{rel}","templated":true}]}}