{"id":5645,"date":"2022-02-15T10:07:12","date_gmt":"2022-02-15T09:07:12","guid":{"rendered":"https:\/\/atlantica.cielavillage.fr\/unterkuenfte\/"},"modified":"2026-03-17T11:44:50","modified_gmt":"2026-03-17T10:44:50","slug":"unterkuenfte","status":"publish","type":"page","link":"https:\/\/atlantica.cielavillage.fr\/de\/unterkuenfte\/","title":{"rendered":"Unterk\u00fcnfte"},"content":{"rendered":"\n<div class=\"wp-block-cover bloc-header\"><img width=\"2560\" height=\"1707\" class=\"wp-block-cover__image-background wp-image-8276\" alt=\"\" src=\"https:\/\/atlantica.cielavillage.fr\/wp-content\/uploads\/2024\/10\/293-Camping-Pays-Basque-Atlantica-Ciela-Village-Nouvelle-Zone-scaled.jpg\" data-object-fit=\"cover\" srcset=\"https:\/\/atlantica.cielavillage.fr\/wp-content\/uploads\/2024\/10\/293-Camping-Pays-Basque-Atlantica-Ciela-Village-Nouvelle-Zone-scaled.jpg 2560w, https:\/\/atlantica.cielavillage.fr\/wp-content\/uploads\/2024\/10\/293-Camping-Pays-Basque-Atlantica-Ciela-Village-Nouvelle-Zone-300x200.jpg 300w, https:\/\/atlantica.cielavillage.fr\/wp-content\/uploads\/2024\/10\/293-Camping-Pays-Basque-Atlantica-Ciela-Village-Nouvelle-Zone-1024x683.jpg 1024w, https:\/\/atlantica.cielavillage.fr\/wp-content\/uploads\/2024\/10\/293-Camping-Pays-Basque-Atlantica-Ciela-Village-Nouvelle-Zone-768x512.jpg 768w, https:\/\/atlantica.cielavillage.fr\/wp-content\/uploads\/2024\/10\/293-Camping-Pays-Basque-Atlantica-Ciela-Village-Nouvelle-Zone-1536x1024.jpg 1536w, https:\/\/atlantica.cielavillage.fr\/wp-content\/uploads\/2024\/10\/293-Camping-Pays-Basque-Atlantica-Ciela-Village-Nouvelle-Zone-2048x1365.jpg 2048w\" sizes=\"(max-width: 2560px) 100vw, 2560px\" \/><div class=\"wp-block-cover__inner-container\">\n<p class=\"has-text-align-center has-large-font-size\"><\/p>\n<\/div><\/div>\n\n\n\n<div class=\"wp-block-columns are-vertically-aligned-center boxage-bottom boxage\">\n<div class=\"wp-block-column is-vertically-aligned-center\">\n<h1 class=\"has-text-align-left\">Mobilheimvermietung auf dem <em>Campingplatz in Saint Jean de Luz im Baskenland&nbsp;<\/em><\/h1>\n\n\n\n<p>F\u00fcr Ihren Urlaub in den Niederlanden bietet Ihnen der 4-Sterne-Campingplatz in Saint Jean de Luz eine Auswahl an praktischen und komfortablen Unterk\u00fcnften in Mobilheimen oder Lodge-Zelten. Wir bieten eine gro\u00dfe Auswahl an Mobilheimen, darunter auch Mobilheime mit eigenem SPA-Bereich, nur 650 Meter vom Strand und dem Atlantik entfernt.<\/p>\n<\/div>\n\n\n\n<div class=\"wp-block-column is-vertically-aligned-center\">\n<div class=\"wp-block-columns bloc-icons\">\n<div class=\"wp-block-column\">\n<i class=\"fc-salon\"><\/i>\n\n\n\n<p>Campingpl\u00e4tze<\/p>\n\n\n\n<p class=\"has-primaire-color has-text-color\"><strong>Gesellig<\/strong><\/p>\n<\/div>\n\n\n\n<div class=\"wp-block-column\">\n<i class=\"fc-lit\"><\/i>\n\n\n\n<p>Mobiles Zuhause<\/p>\n\n\n\n<p class=\"has-primaire-color has-text-color\"><strong>Komfortabel<\/strong><\/p>\n<\/div>\n\n\n\n<div class=\"wp-block-column\">\n<i class=\"fc-plus1\"><\/i>\n\n\n\n<p>Unterkunft<\/p>\n\n\n\n<p class=\"has-primaire-color has-text-color\"><strong>Voll ausgestattet<\/strong><\/p>\n<\/div>\n\n\n\n<div class=\"wp-block-column\">\n<i class=\"fc-jacuzzi\"><\/i>\n\n\n\n<p>Mobil-home-Ausnahme<\/p>\n\n\n\n<p class=\"has-primaire-color has-text-color\">mit eigenem Jacuzzi<\/p>\n<\/div>\n<\/div>\n<\/div>\n<\/div>\n\n\n\n<div class=\"wp-block-columns fond-blob boxage boxage-bottom\">\n<div class=\"wp-block-column bloc-image\" style=\"padding-bottom:60px\">\n<figure class=\"wp-block-image size-large\"><img width=\"1024\" height=\"681\" src=\"https:\/\/atlantica.cielavillage.fr\/wp-content\/uploads\/2022\/10\/121_Camping_Landes_Ciela_Village_Atlantica_Emplacements_88-1024x681.jpg\" alt=\"\" class=\"wp-image-6369\" srcset=\"https:\/\/atlantica.cielavillage.fr\/wp-content\/uploads\/2022\/10\/121_Camping_Landes_Ciela_Village_Atlantica_Emplacements_88-1024x681.jpg 1024w, https:\/\/atlantica.cielavillage.fr\/wp-content\/uploads\/2022\/10\/121_Camping_Landes_Ciela_Village_Atlantica_Emplacements_88-300x200.jpg 300w, https:\/\/atlantica.cielavillage.fr\/wp-content\/uploads\/2022\/10\/121_Camping_Landes_Ciela_Village_Atlantica_Emplacements_88-768x511.jpg 768w, https:\/\/atlantica.cielavillage.fr\/wp-content\/uploads\/2022\/10\/121_Camping_Landes_Ciela_Village_Atlantica_Emplacements_88-1536x1022.jpg 1536w, https:\/\/atlantica.cielavillage.fr\/wp-content\/uploads\/2022\/10\/121_Camping_Landes_Ciela_Village_Atlantica_Emplacements_88-2048x1362.jpg 2048w\" sizes=\"(max-width: 1024px) 100vw, 1024px\" \/><\/figure>\n<\/div>\n\n\n\n<div class=\"wp-block-column\" style=\"flex-basis:40%\">\n<h2 class=\"has-primaire-color has-text-color\">Entdecken Sie unsere Mobilheime <em>in St Jean de Luz im Baskenland<\/em><\/h2>\n\n\n\n<p>Entdecken Sie unser Angebot an Mietunterk\u00fcnften im Baskenland! Mit unseren Mobilheimen mit 2 Schlafzimmern k\u00f6nnen Sie mit Ihrer Familie und auch mit Ihren Freunden kommen, denn jeder hat seinen eigenen Raum. Unter all unseren Modellen finden Sie bestimmt das, was Ihnen entspricht!<\/p>\n\n\n\n<p>Alle unsere Mobilheime stehen auf Stellpl\u00e4tzen mit B\u00e4umen und Blumen und verf\u00fcgen \u00fcber eine sch\u00f6ne Terrasse, damit Sie die idyllische Umgebung und die Ruhe des Campingplatzes in vollen Z\u00fcgen genie\u00dfen k\u00f6nnen.&nbsp;<\/p>\n\n\n\n<p>Wenn Sie mit der Familie oder mit Freunden in den Urlaub fahren, sind ger\u00e4umige und perfekt funktionierende Unterk\u00fcnfte unverzichtbar. Um gemeinsam gl\u00fcckliche Momente zu erleben, bieten wir eine Reihe von Mobilheimen mit 3 Schlafzimmern, die bis zu 6 Personen beherbergen k\u00f6nnen. Und dar\u00fcber hinaus finden Sie alle notwendigen Ausstattungen, um sich wie zu Hause zu f\u00fchlen: voll ausgestattete K\u00fcche, Bad, WC und Terrasse mit Gartenm\u00f6beln.&nbsp;<\/p>\n\n\n\n<div class=\"wp-block-buttons btn_resa\">\n<div class=\"wp-block-button\"><a class=\"wp-block-button__link has-secondaire-background-color has-background\" style=\"border-radius:7px\"> <i class=\"fc-arrow-right\"><\/i> Entdecken Sie unsere Mobilheime<\/a><\/div>\n<\/div>\n<\/div>\n<\/div>\n\n\n\n<div class=\"wp-block-columns fond_lignes boxage\">\n<div class=\"wp-block-column\" style=\"flex-basis:35%\">\n<div style=\"height:50px\" aria-hidden=\"true\" class=\"wp-block-spacer\"><\/div>\n\n\n\n<h2 class=\"has-primaire-color has-text-color\">Hochwertige Mobilheime und Chalets <em>in St Jean de Luz<\/em><\/h2>\n\n\n\n<p>Unser 4-Sterne-Campingplatz bietet ein Angebot an hochwertigen Mobilheimen und Chalets mit ger\u00e4umigeren Unterk\u00fcnften von 28 bis 42 m\u00b2. Diese Mobilheim-Vermietungen verf\u00fcgen \u00fcber zus\u00e4tzliche Einrichtungen und Ausstattungen f\u00fcr mehr Komfort w\u00e4hrend Ihres Urlaubs in Saint Jean de Luz.<\/p>\n\n\n\n<p>Profitieren Sie auch von einer Prestige- oder Privilege-Miete, die eine gr\u00f6\u00dfere Terrasse von 18 m\u00b2 f\u00fcr gesellige oder entspannende Momente mit der Familie oder mit Freunden umfasst. Dazu kommt noch eine K\u00fcche mit Geschirrsp\u00fcler, aber auch ein WC, das vom Badezimmer getrennt ist, etc.<\/p>\n\n\n\n<h3 class=\"has-primaire-color has-text-color\">Mobil home Exception avec jacuzzi privatif<\/h3>\n\n\n\n<p>Neu in diesem Jahr sind unsere Mobilheime mit eigenem Jacuzzi, in denen Sie sich entspannen k\u00f6nnen, ohne den Komfort Ihres Mobilheims zu verlassen. Genie\u00dfen Sie einen erstklassigen Aufenthalt auf unserem Campingplatz an der baskischen K\u00fcste.<\/p>\n\n\n\n<p>So k\u00f6nnen Sie einen komfortablen Aufenthalt mit der Familie oder mit Freunden in St Jean de Luz verbringen.<\/p>\n\n\n\n<div class=\"wp-block-buttons btn_resa\">\n<div class=\"wp-block-button\"><a class=\"wp-block-button__link has-secondaire-background-color has-background\" style=\"border-radius:7px\"><i class=\"fc-arrow-right\"><\/i> Verf\u00fcgbarkeit<\/a><\/div>\n<\/div>\n<\/div>\n\n\n\n<div class=\"wp-block-column bloc-images-2\">\n<figure class=\"wp-block-gallery columns-3 is-cropped\"><ul class=\"blocks-gallery-grid\"><li class=\"blocks-gallery-item\"><figure><img width=\"1280\" height=\"960\" src=\"https:\/\/atlantica.cielavillage.fr\/wp-content\/uploads\/2025\/10\/20250523_123347.webp\" alt=\"Camping Atlantica : 20250523 123347\" data-id=\"205705\" data-full-url=\"https:\/\/atlantica.cielavillage.fr\/wp-content\/uploads\/2025\/10\/20250523_123347.webp\" data-link=\"https:\/\/atlantica.cielavillage.fr\/mobil-home-pays-basque\/attachment\/20250523_123347-2\/\" class=\"wp-image-205705\" srcset=\"https:\/\/atlantica.cielavillage.fr\/wp-content\/uploads\/2025\/10\/20250523_123347.webp 1280w, https:\/\/atlantica.cielavillage.fr\/wp-content\/uploads\/2025\/10\/20250523_123347-300x225.webp 300w, https:\/\/atlantica.cielavillage.fr\/wp-content\/uploads\/2025\/10\/20250523_123347-1024x768.webp 1024w, https:\/\/atlantica.cielavillage.fr\/wp-content\/uploads\/2025\/10\/20250523_123347-768x576.webp 768w\" sizes=\"(max-width: 1280px) 100vw, 1280px\" \/><\/figure><\/li><li class=\"blocks-gallery-item\"><figure><img width=\"2560\" height=\"1707\" src=\"https:\/\/atlantica.cielavillage.fr\/wp-content\/uploads\/2024\/10\/293-Camping-Pays-Basque-Atlantica-Ciela-Village-Nouvelle-Zone-scaled.jpg\" alt=\"\" data-id=\"8275\" data-full-url=\"https:\/\/atlantica.cielavillage.fr\/wp-content\/uploads\/2024\/10\/293-Camping-Pays-Basque-Atlantica-Ciela-Village-Nouvelle-Zone-scaled.jpg\" data-link=\"https:\/\/atlantica.cielavillage.fr\/mobil-home-pays-basque\/attachment\/293-camping-pays-basque-atlantica-ciela-village-nouvelle-zone-2\/\" class=\"wp-image-8275\" srcset=\"https:\/\/atlantica.cielavillage.fr\/wp-content\/uploads\/2024\/10\/293-Camping-Pays-Basque-Atlantica-Ciela-Village-Nouvelle-Zone-scaled.jpg 2560w, https:\/\/atlantica.cielavillage.fr\/wp-content\/uploads\/2024\/10\/293-Camping-Pays-Basque-Atlantica-Ciela-Village-Nouvelle-Zone-300x200.jpg 300w, https:\/\/atlantica.cielavillage.fr\/wp-content\/uploads\/2024\/10\/293-Camping-Pays-Basque-Atlantica-Ciela-Village-Nouvelle-Zone-1024x683.jpg 1024w, https:\/\/atlantica.cielavillage.fr\/wp-content\/uploads\/2024\/10\/293-Camping-Pays-Basque-Atlantica-Ciela-Village-Nouvelle-Zone-768x512.jpg 768w, https:\/\/atlantica.cielavillage.fr\/wp-content\/uploads\/2024\/10\/293-Camping-Pays-Basque-Atlantica-Ciela-Village-Nouvelle-Zone-1536x1024.jpg 1536w, https:\/\/atlantica.cielavillage.fr\/wp-content\/uploads\/2024\/10\/293-Camping-Pays-Basque-Atlantica-Ciela-Village-Nouvelle-Zone-2048x1365.jpg 2048w\" sizes=\"(max-width: 2560px) 100vw, 2560px\" \/><\/figure><\/li><li class=\"blocks-gallery-item\"><figure><img width=\"1152\" height=\"2048\" src=\"https:\/\/atlantica.cielavillage.fr\/wp-content\/uploads\/2025\/10\/IMG-20250523-WA0024.webp\" alt=\"Camping Atlantica : Img 20250523 Wa0024\" data-id=\"205710\" data-full-url=\"https:\/\/atlantica.cielavillage.fr\/wp-content\/uploads\/2025\/10\/IMG-20250523-WA0024.webp\" data-link=\"https:\/\/atlantica.cielavillage.fr\/mobil-home-pays-basque\/attachment\/img-20250523-wa0024-2\/\" class=\"wp-image-205710\" srcset=\"https:\/\/atlantica.cielavillage.fr\/wp-content\/uploads\/2025\/10\/IMG-20250523-WA0024.webp 1152w, https:\/\/atlantica.cielavillage.fr\/wp-content\/uploads\/2025\/10\/IMG-20250523-WA0024-169x300.webp 169w, https:\/\/atlantica.cielavillage.fr\/wp-content\/uploads\/2025\/10\/IMG-20250523-WA0024-576x1024.webp 576w, https:\/\/atlantica.cielavillage.fr\/wp-content\/uploads\/2025\/10\/IMG-20250523-WA0024-768x1365.webp 768w, https:\/\/atlantica.cielavillage.fr\/wp-content\/uploads\/2025\/10\/IMG-20250523-WA0024-864x1536.webp 864w\" sizes=\"(max-width: 1152px) 100vw, 1152px\" \/><\/figure><\/li><\/ul><\/figure>\n\n\n\n<blockquote class=\"wp-block-quote has-text-align-right\"><p><a href=\"https:\/\/atlantica.cielavillage.fr\/de\/fotogalerie\/\" data-type=\"page\" data-id=\"5649\">&gt; Galerie ansehen<\/a><\/p><\/blockquote>\n<\/div>\n<\/div>\n\n\n\n<div class=\"wp-block-columns alignfull fond-vague boxage has-primaire-background-color has-background\">\n<div class=\"wp-block-column is-vertically-aligned-center\" style=\"padding-bottom:40px;padding-left:0px\">\n<figure class=\"wp-block-image size-large\"><img width=\"1024\" height=\"753\" src=\"https:\/\/atlantica.cielavillage.fr\/wp-content\/uploads\/2022\/01\/cotton-2ch-8-1024x753.jpg\" alt=\"\" class=\"wp-image-5024\" srcset=\"https:\/\/atlantica.cielavillage.fr\/wp-content\/uploads\/2022\/01\/cotton-2ch-8-1024x753.jpg 1024w, https:\/\/atlantica.cielavillage.fr\/wp-content\/uploads\/2022\/01\/cotton-2ch-8-300x221.jpg 300w, https:\/\/atlantica.cielavillage.fr\/wp-content\/uploads\/2022\/01\/cotton-2ch-8-768x565.jpg 768w, https:\/\/atlantica.cielavillage.fr\/wp-content\/uploads\/2022\/01\/cotton-2ch-8.jpg 1370w\" sizes=\"(max-width: 1024px) 100vw, 1024px\" \/><\/figure>\n<\/div>\n\n\n\n<div class=\"wp-block-column is-vertically-aligned-top\" style=\"padding-bottom:10%\">\n<h2 class=\"has-blanc-color has-text-color\">Ungew\u00f6hnlicher Aufenthalt in einem Lodge-Zelt<em> an der baskischen K\u00fcste<\/em><\/h2>\n\n\n\n<p>Lust auf eine ungew\u00f6hnliche Unterkunft in Saint Jean de Luz? Unsere Lodge-Zelte Ciela Nature befinden sich in einer wundersch\u00f6nen Umgebung und bieten 2 Schlafzimmer und bis zu 5 Schlafpl\u00e4tze mit dem Komfort eines Mobilheims. Profitieren Sie von einer voll ausgestatteten K\u00fcche, einem Gasofen, einem Badezimmer mit separatem WC und einer voll ausgestatteten \u00fcberdachten Terrasse, auf der Sie Ihre Sommerabende verl\u00e4ngern k\u00f6nnen.<\/p>\n\n\n\n<div class=\"wp-block-group encart\"><div class=\"wp-block-group__inner-container\">\n<p>Ungew\u00f6hnlicher Aufenthalt im Lodge-Zelt Ciela Nature ist die Kunst, komfortabel zu zelten, ohne seine Ausr\u00fcstung mitzunehmen.<\/p>\n<\/div><\/div>\n\n\n\n<p>Nutzen Sie unseren 4-Sterne-Service auf unserem Campingplatz in Saint Jean de Luz, um einen angenehmen Urlaub im S\u00fcdwesten Frankreichs zu verbringen.<\/p>\n\n\n\n<p>Entdecken Sie die Str\u00e4nde von Saint-Jean-de-Luz. Ob Sie nun Wassersportler sind oder einfach nur einen faulen Tag im goldenen Sand verbringen m\u00f6chten, die Str\u00e4nde von St Jean de Luz bieten alles, was das Herz begehrt. Umarmen Sie die freundliche Atmosph\u00e4re und entdecken Sie die wahre Lebenskunst an der baskischen K\u00fcste.<\/p>\n\n\n\n<div class=\"wp-block-buttons btn_resa\">\n<div class=\"wp-block-button\"><a class=\"wp-block-button__link has-blanc-color has-secondaire-background-color has-text-color has-background\" style=\"border-radius:7px\"> <i class=\"fc-arrow-right\"><\/i> Entdecken Sie unsere Lodges<\/a><\/div>\n<\/div>\n<\/div>\n<\/div>\n\n\n\n<div class=\"wp-block-cover boxage\"><img width=\"2560\" height=\"1707\" class=\"wp-block-cover__image-background wp-image-8285\" alt=\"\" src=\"https:\/\/atlantica.cielavillage.fr\/wp-content\/uploads\/2024\/10\/222-Camping-Pays-Basque-Atlantica-Ciela-Village-Parc-Terrasse-Bar-scaled.jpg\" style=\"object-position:59% 50%\" data-object-fit=\"cover\" data-object-position=\"59% 50%\" srcset=\"https:\/\/atlantica.cielavillage.fr\/wp-content\/uploads\/2024\/10\/222-Camping-Pays-Basque-Atlantica-Ciela-Village-Parc-Terrasse-Bar-scaled.jpg 2560w, https:\/\/atlantica.cielavillage.fr\/wp-content\/uploads\/2024\/10\/222-Camping-Pays-Basque-Atlantica-Ciela-Village-Parc-Terrasse-Bar-300x200.jpg 300w, https:\/\/atlantica.cielavillage.fr\/wp-content\/uploads\/2024\/10\/222-Camping-Pays-Basque-Atlantica-Ciela-Village-Parc-Terrasse-Bar-1024x683.jpg 1024w, https:\/\/atlantica.cielavillage.fr\/wp-content\/uploads\/2024\/10\/222-Camping-Pays-Basque-Atlantica-Ciela-Village-Parc-Terrasse-Bar-768x512.jpg 768w, https:\/\/atlantica.cielavillage.fr\/wp-content\/uploads\/2024\/10\/222-Camping-Pays-Basque-Atlantica-Ciela-Village-Parc-Terrasse-Bar-1536x1024.jpg 1536w, https:\/\/atlantica.cielavillage.fr\/wp-content\/uploads\/2024\/10\/222-Camping-Pays-Basque-Atlantica-Ciela-Village-Parc-Terrasse-Bar-2048x1365.jpg 2048w\" sizes=\"(max-width: 2560px) 100vw, 2560px\" \/><div class=\"wp-block-cover__inner-container\">\n<div class=\"wp-block-group encart_banniere center has-typo-color has-primaire-background-color has-text-color has-background\"><div class=\"wp-block-group__inner-container\">\n<h2>Entdecken Sie den 4-Sterne-Service des Campingplatzes <em>in St Jean de Luz<\/em><\/h2>\n\n\n\n<p class=\"has-typo-color has-text-color\">Zwischen zwei Schwimmz\u00fcgen im Schwimmbad bietet Ihnen unser Campingplatz in St Jean de Luz 4-Sterne-Service mit einem Restaurantbereich in maritimer Atmosph\u00e4re. Am Eingang des Campingplatzes finden Sie eine Buslinie, sodass Sie Ihr Auto vergessen und mit den Kindern zu den zahlreichen Str\u00e4nden von St-Jean-de-Luz fahren k\u00f6nnen, die nur einen Kilometer entfernt sind.<\/p>\n\n\n\n<p class=\"has-typo-color has-text-color\">M\u00f6chten Sie lieber mit dem Fahrrad zum Strand fahren? Sie k\u00f6nnen ein Fahrrad mieten und werden direkt zum Campingplatz geliefert, ohne sich um etwas k\u00fcmmern zu m\u00fcssen. Der Campingplatz bietet au\u00dferdem WLAN, einen Waschsalon und zahlreiche Aktivit\u00e4ten und Animationen.<\/p>\n\n\n\n<p>Unser Campingplatz am Meer bietet zahlreiche Unterk\u00fcnfte und Aktivit\u00e4ten f\u00fcr die ganze Familie. Ein Aufenthalt auf dem Campingplatz Atlantica bietet Ihnen die Gelegenheit, das Baskenland und Aquitanien zu erkunden: Biarritz, Hendaye, Sare und viele andere. Entdecken Sie den S\u00fcdwesten Frankreichs zwischen Atlantikk\u00fcste und Pyren\u00e4engebirge. Die Region Nouvelle Aquitaine h\u00e4lt viele \u00dcberraschungen und wundersch\u00f6ne Landschaften f\u00fcr Sie bereit.<\/p>\n\n\n\n<div class=\"wp-block-buttons is-content-justification-left\">\n<div class=\"wp-block-button\"><a class=\"wp-block-button__link\" href=\"https:\/\/atlantica.cielavillage.fr\/de\/services\/\" target=\"_blank\" rel=\"noreferrer noopener\">Nos-Dienste<\/a><\/div>\n<\/div>\n<\/div><\/div>\n<\/div><\/div>\n","protected":false},"excerpt":{"rendered":"<p>Mobilheimvermietung auf dem Campingplatz in Saint Jean de Luz im Baskenland&nbsp; F\u00fcr Ihren Urlaub in den Niederlanden bietet Ihnen der 4-Sterne-Campingplatz in Saint Jean de Luz eine Auswahl an praktischen und komfortablen Unterk\u00fcnften in Mobilheimen oder Lodge-Zelten. Wir bieten eine gro\u00dfe Auswahl an Mobilheimen, darunter auch Mobilheime mit eigenem SPA-Bereich, nur 650 Meter vom Strand [&hellip;]<\/p>\n","protected":false},"author":1,"featured_media":6369,"parent":0,"menu_order":0,"comment_status":"closed","ping_status":"closed","template":"","meta":[],"_links":{"self":[{"href":"https:\/\/atlantica.cielavillage.fr\/de\/wp-json\/wp\/v2\/pages\/5645"}],"collection":[{"href":"https:\/\/atlantica.cielavillage.fr\/de\/wp-json\/wp\/v2\/pages"}],"about":[{"href":"https:\/\/atlantica.cielavillage.fr\/de\/wp-json\/wp\/v2\/types\/page"}],"author":[{"embeddable":true,"href":"https:\/\/atlantica.cielavillage.fr\/de\/wp-json\/wp\/v2\/users\/1"}],"replies":[{"embeddable":true,"href":"https:\/\/atlantica.cielavillage.fr\/de\/wp-json\/wp\/v2\/comments?post=5645"}],"version-history":[{"count":6,"href":"https:\/\/atlantica.cielavillage.fr\/de\/wp-json\/wp\/v2\/pages\/5645\/revisions"}],"predecessor-version":[{"id":210659,"href":"https:\/\/atlantica.cielavillage.fr\/de\/wp-json\/wp\/v2\/pages\/5645\/revisions\/210659"}],"wp:featuredmedia":[{"embeddable":true,"href":"https:\/\/atlantica.cielavillage.fr\/de\/wp-json\/wp\/v2\/media\/6369"}],"wp:attachment":[{"href":"https:\/\/atlantica.cielavillage.fr\/de\/wp-json\/wp\/v2\/media?parent=5645"}],"curies":[{"name":"wp","href":"https:\/\/api.w.org\/{rel}","templated":true}]}}