{"id":5643,"date":"2022-02-15T10:07:03","date_gmt":"2022-02-15T09:07:03","guid":{"rendered":"https:\/\/atlantica.cielavillage.fr\/services\/"},"modified":"2026-03-17T11:44:36","modified_gmt":"2026-03-17T10:44:36","slug":"services","status":"publish","type":"page","link":"https:\/\/atlantica.cielavillage.fr\/de\/services\/","title":{"rendered":"Services"},"content":{"rendered":"\n<div class=\"wp-block-cover bloc-header\"><img width=\"1920\" height=\"1348\" class=\"wp-block-cover__image-background wp-image-8362\" alt=\"\" src=\"https:\/\/atlantica.cielavillage.fr\/wp-content\/uploads\/2024\/10\/229-Camping-Pays-Basque-Atlantica-Ciela-Village-Parc-Terrasse-Bar-jpg.jpg\" style=\"object-position:50% 53%\" data-object-fit=\"cover\" data-object-position=\"50% 53%\" srcset=\"https:\/\/atlantica.cielavillage.fr\/wp-content\/uploads\/2024\/10\/229-Camping-Pays-Basque-Atlantica-Ciela-Village-Parc-Terrasse-Bar-jpg.jpg 1920w, https:\/\/atlantica.cielavillage.fr\/wp-content\/uploads\/2024\/10\/229-Camping-Pays-Basque-Atlantica-Ciela-Village-Parc-Terrasse-Bar-jpg-300x211.jpg 300w, https:\/\/atlantica.cielavillage.fr\/wp-content\/uploads\/2024\/10\/229-Camping-Pays-Basque-Atlantica-Ciela-Village-Parc-Terrasse-Bar-jpg-1024x719.jpg 1024w, https:\/\/atlantica.cielavillage.fr\/wp-content\/uploads\/2024\/10\/229-Camping-Pays-Basque-Atlantica-Ciela-Village-Parc-Terrasse-Bar-jpg-768x539.jpg 768w, https:\/\/atlantica.cielavillage.fr\/wp-content\/uploads\/2024\/10\/229-Camping-Pays-Basque-Atlantica-Ciela-Village-Parc-Terrasse-Bar-jpg-1536x1078.jpg 1536w\" sizes=\"(max-width: 1920px) 100vw, 1920px\" \/><div class=\"wp-block-cover__inner-container\">\n<p class=\"has-text-align-center has-large-font-size\"><\/p>\n<\/div><\/div>\n\n\n\n<div class=\"wp-block-columns alignfull are-vertically-aligned-center boxage-bottom boxage\">\n<div class=\"wp-block-column is-vertically-aligned-center\">\n<h1 class=\"has-text-align-left\">4-Sterne-Services auf dem Campingplatz im Baskenland<\/h1>\n\n\n\n<p>Qualitativ hochwertige Dienstleistungen f\u00fcr einen Traumurlaub im Baskenland auf dem Campingplatz Atlantica in Saint-Jean-de-Luz. Unser Team steht Ihnen w\u00e4hrend Ihres gesamten Aufenthalts zur Verf\u00fcgung. Wir sind f\u00fcr Sie da, um Ihre Anfragen zu beantworten und Ihnen Tipps zu Sehensw\u00fcrdigkeiten in der Umgebung zu geben.<\/p>\n<\/div>\n\n\n\n<div class=\"wp-block-column is-vertically-aligned-center\">\n<div class=\"wp-block-columns bloc-icons\">\n<div class=\"wp-block-column\">\n<i class=\"fc-restau\"><\/i>\n\n\n\n<p>Notre<\/p>\n\n\n\n<p class=\"has-primaire-color has-text-color\"><strong>restaurant<\/strong><\/p>\n<\/div>\n\n\n\n<div class=\"wp-block-column\">\n<i class=\"fc-plus1\"><\/i>\n\n\n\n<p>Dienstleistungen<\/p>\n\n\n\n<p class=\"has-primaire-color has-text-color\"><strong>High-End<\/strong><\/p>\n<\/div>\n\n\n\n<div class=\"wp-block-column\">\n<i class=\"fc-wifi\"><\/i>\n\n\n\n<p>Acc\u00e8s gratuit<\/p>\n\n\n\n<p class=\"has-primaire-color has-text-color\"><strong>wifi<\/strong><\/p>\n<\/div>\n<\/div>\n<\/div>\n<\/div>\n\n\n\n<div class=\"wp-block-columns alignfull are-vertically-aligned-center boxage boxage-bottom has-blanc-background-color has-background\">\n<div class=\"wp-block-column bloc-images-3\">\n<figure class=\"wp-block-gallery columns-3 is-cropped\"><ul class=\"blocks-gallery-grid\"><li class=\"blocks-gallery-item\"><figure><img width=\"300\" height=\"300\" src=\"https:\/\/atlantica.cielavillage.fr\/wp-content\/uploads\/2021\/12\/gastronomie_basque-cf036829885b5ef248f1ab794b85fc1a.jpg\" alt=\"Campingplatz La Rive: Baskische Gastronomie Cf036829885b5ef248f1ab794b85fc1a\" data-id=\"3596\" data-full-url=\"https:\/\/atlantica.cielavillage.fr\/wp-content\/uploads\/2021\/12\/gastronomie_basque-cf036829885b5ef248f1ab794b85fc1a.jpg\" data-link=\"https:\/\/atlantica.cielavillage.fr\/camping-pays-basque-avec-parc-aquatique\/attachment\/gastronomie_basque-cf036829885b5ef248f1ab794b85fc1a\/\" class=\"wp-image-3596\" srcset=\"https:\/\/atlantica.cielavillage.fr\/wp-content\/uploads\/2021\/12\/gastronomie_basque-cf036829885b5ef248f1ab794b85fc1a.jpg 300w, https:\/\/atlantica.cielavillage.fr\/wp-content\/uploads\/2021\/12\/gastronomie_basque-cf036829885b5ef248f1ab794b85fc1a-150x150.jpg 150w, https:\/\/atlantica.cielavillage.fr\/wp-content\/uploads\/2021\/12\/gastronomie_basque-cf036829885b5ef248f1ab794b85fc1a-200x200.jpg 200w\" sizes=\"(max-width: 300px) 100vw, 300px\" \/><\/figure><\/li><li class=\"blocks-gallery-item\"><figure><img width=\"700\" height=\"700\" src=\"https:\/\/atlantica.cielavillage.fr\/wp-content\/uploads\/2024\/10\/221-Camping-Pays-Basque-Atlantica-Ciela-Village-Parc-Terrasse-Bar-700x700.jpg\" alt=\"\" data-id=\"8327\" data-full-url=\"https:\/\/atlantica.cielavillage.fr\/wp-content\/uploads\/2024\/10\/221-Camping-Pays-Basque-Atlantica-Ciela-Village-Parc-Terrasse-Bar-scaled.jpg\" data-link=\"https:\/\/atlantica.cielavillage.fr\/de\/services\/attachment\/221-camping-pays-basque-atlantica-ciela-village-parc-terrasse-bar-2\/\" class=\"wp-image-8327\" srcset=\"https:\/\/atlantica.cielavillage.fr\/wp-content\/uploads\/2024\/10\/221-Camping-Pays-Basque-Atlantica-Ciela-Village-Parc-Terrasse-Bar-700x700.jpg 700w, https:\/\/atlantica.cielavillage.fr\/wp-content\/uploads\/2024\/10\/221-Camping-Pays-Basque-Atlantica-Ciela-Village-Parc-Terrasse-Bar-150x150.jpg 150w, https:\/\/atlantica.cielavillage.fr\/wp-content\/uploads\/2024\/10\/221-Camping-Pays-Basque-Atlantica-Ciela-Village-Parc-Terrasse-Bar-200x200.jpg 200w, https:\/\/atlantica.cielavillage.fr\/wp-content\/uploads\/2024\/10\/221-Camping-Pays-Basque-Atlantica-Ciela-Village-Parc-Terrasse-Bar-300x300.jpg 300w, https:\/\/atlantica.cielavillage.fr\/wp-content\/uploads\/2024\/10\/221-Camping-Pays-Basque-Atlantica-Ciela-Village-Parc-Terrasse-Bar-400x400.jpg 400w, https:\/\/atlantica.cielavillage.fr\/wp-content\/uploads\/2024\/10\/221-Camping-Pays-Basque-Atlantica-Ciela-Village-Parc-Terrasse-Bar-500x500.jpg 500w, https:\/\/atlantica.cielavillage.fr\/wp-content\/uploads\/2024\/10\/221-Camping-Pays-Basque-Atlantica-Ciela-Village-Parc-Terrasse-Bar-600x600.jpg 600w, https:\/\/atlantica.cielavillage.fr\/wp-content\/uploads\/2024\/10\/221-Camping-Pays-Basque-Atlantica-Ciela-Village-Parc-Terrasse-Bar-800x800.jpg 800w, https:\/\/atlantica.cielavillage.fr\/wp-content\/uploads\/2024\/10\/221-Camping-Pays-Basque-Atlantica-Ciela-Village-Parc-Terrasse-Bar-1024x1024.jpg 1024w\" sizes=\"(max-width: 700px) 100vw, 700px\" \/><\/figure><\/li><li class=\"blocks-gallery-item\"><figure><img width=\"700\" height=\"700\" src=\"https:\/\/atlantica.cielavillage.fr\/wp-content\/uploads\/2022\/10\/103_Camping_Landes_Ciela_Village_Atlantica_Restaurant-700x700.jpg\" alt=\"\" data-id=\"6469\" data-full-url=\"https:\/\/atlantica.cielavillage.fr\/wp-content\/uploads\/2022\/10\/103_Camping_Landes_Ciela_Village_Atlantica_Restaurant-scaled.jpg\" data-link=\"https:\/\/atlantica.cielavillage.fr\/de\/103_camping_landes_ciela_village_atlantica_restaurant-2\/\" class=\"wp-image-6469\" srcset=\"https:\/\/atlantica.cielavillage.fr\/wp-content\/uploads\/2022\/10\/103_Camping_Landes_Ciela_Village_Atlantica_Restaurant-700x700.jpg 700w, https:\/\/atlantica.cielavillage.fr\/wp-content\/uploads\/2022\/10\/103_Camping_Landes_Ciela_Village_Atlantica_Restaurant-150x150.jpg 150w, https:\/\/atlantica.cielavillage.fr\/wp-content\/uploads\/2022\/10\/103_Camping_Landes_Ciela_Village_Atlantica_Restaurant-200x200.jpg 200w, https:\/\/atlantica.cielavillage.fr\/wp-content\/uploads\/2022\/10\/103_Camping_Landes_Ciela_Village_Atlantica_Restaurant-300x300.jpg 300w, https:\/\/atlantica.cielavillage.fr\/wp-content\/uploads\/2022\/10\/103_Camping_Landes_Ciela_Village_Atlantica_Restaurant-400x400.jpg 400w, https:\/\/atlantica.cielavillage.fr\/wp-content\/uploads\/2022\/10\/103_Camping_Landes_Ciela_Village_Atlantica_Restaurant-500x500.jpg 500w, https:\/\/atlantica.cielavillage.fr\/wp-content\/uploads\/2022\/10\/103_Camping_Landes_Ciela_Village_Atlantica_Restaurant-600x600.jpg 600w, https:\/\/atlantica.cielavillage.fr\/wp-content\/uploads\/2022\/10\/103_Camping_Landes_Ciela_Village_Atlantica_Restaurant-800x800.jpg 800w, https:\/\/atlantica.cielavillage.fr\/wp-content\/uploads\/2022\/10\/103_Camping_Landes_Ciela_Village_Atlantica_Restaurant-1024x1024.jpg 1024w\" sizes=\"(max-width: 700px) 100vw, 700px\" \/><\/figure><\/li><\/ul><\/figure>\n\n\n\n<div class=\"wp-block-buttons\">\n<div class=\"wp-block-button\"><a class=\"wp-block-button__link\" href=\"https:\/\/atlantica.cielavillage.fr\/de\/fotogalerie\/\">Galerie ansehen<\/a><\/div>\n<\/div>\n<\/div>\n\n\n\n<div class=\"wp-block-column is-vertically-aligned-center\" style=\"padding-bottom:20px;flex-basis:45%\">\n<h2 class=\"has-primaire-color has-text-color\">Essen gehen auf dem Campingplatz in Saint Jean de Luz<\/h2>\n\n\n\n<p>Das Restaurant auf unserem Campingplatz in St Jean de Luz empf\u00e4ngt Sie in einer friedlichen Atmosph\u00e4re f\u00fcr gesellige Stunden mit der Familie am Esstisch.<\/p>\n\n\n\n<p>Nach einem ereignisreichen Urlaubstag k\u00f6nnen Sie sich auf der Terrasse des Restaurants niederlassen, um ein Getr\u00e4nk zu schl\u00fcrfen, das von Tapas begleitet wird, die mit lokalen Produkten garniert sind! Unser Team bietet auch Pizzen und Themenabende zur Freude der Urlauber an: Muscheln mit Pommes frites, Paella und H\u00fchnchen Basquaise! Ein Genuss!<\/p>\n\n\n\n<p>Dort k\u00f6nnen Sie auch Ihr Brot und Geb\u00e4ck f\u00fcr den n\u00e4chsten Tag bestellen.<\/p>\n\n\n\n<div class=\"wp-block-group encart\"><div class=\"wp-block-group__inner-container\">\n<p>Das Restaurant wurde in einem &#8222;modernen maritimen&#8220; Ambiente komplett neu gestaltet und erwartet Sie dieses Jahr mit einer neuen Speisekarte, um Sie zu verw\u00f6hnen!<\/p>\n<\/div><\/div>\n<\/div>\n<\/div>\n\n\n\n<div class=\"wp-block-group alignfull fond-vague boxage boxage-parent-n fond-lignes-duotone has-primaire-background-color has-background\"><div class=\"wp-block-group__inner-container\">\n<div class=\"wp-block-columns alignfull are-vertically-aligned-center boxage-bottom boxage-n-top\">\n<div class=\"wp-block-column is-vertically-aligned-center\" style=\"flex-basis:45%\">\n<div style=\"height:30px\" aria-hidden=\"true\" class=\"wp-block-spacer\"><\/div>\n\n\n\n<h2 class=\"has-blanc-color has-text-color\">Strandbusdienste in der N\u00e4he des Campingplatzes<\/h2>\n\n\n\n<p>Am Eingang unseres Campingplatzes in Saint Jean de Luz k\u00f6nnen Sie mit dem Hegobus-Netz txik txak zu den Str\u00e4nden von Cenitz, Mayarco und Lafitenia fahren, aber auch im Stadtzentrum von Saint-Jean-de-Luz aussteigen.<\/p>\n\n\n\n<p>Mit dem Bus zu fahren ist ideal, um in aller Ruhe die Str\u00e4nde zu erreichen, ohne sich um das Auto k\u00fcmmern zu m\u00fcssen, und um die Freuden des Strandes genie\u00dfen zu k\u00f6nnen: Baden, Faulenzen, Spiele im Wasser oder auf dem Sand am Atlantischen Ozean.<\/p>\n\n\n\n<div class=\"wp-block-buttons\">\n<div class=\"wp-block-button\"><a class=\"wp-block-button__link\" href=\"https:\/\/atlantica.cielavillage.fr\/de\/aktivitaeten-unterhaltung\/\">Aktivit\u00e4ten und Animationen<\/a><\/div>\n<\/div>\n<\/div>\n\n\n\n<div class=\"wp-block-column is-vertically-aligned-center bloc-image\">\n<figure class=\"wp-block-image size-large\"><img width=\"1024\" height=\"768\" src=\"https:\/\/atlantica.cielavillage.fr\/wp-content\/uploads\/2022\/01\/100_1417-1024x768.jpg\" alt=\"\" class=\"wp-image-5216\" srcset=\"https:\/\/atlantica.cielavillage.fr\/wp-content\/uploads\/2022\/01\/100_1417-1024x768.jpg 1024w, https:\/\/atlantica.cielavillage.fr\/wp-content\/uploads\/2022\/01\/100_1417-300x225.jpg 300w, https:\/\/atlantica.cielavillage.fr\/wp-content\/uploads\/2022\/01\/100_1417-768x576.jpg 768w, https:\/\/atlantica.cielavillage.fr\/wp-content\/uploads\/2022\/01\/100_1417-1536x1152.jpg 1536w, https:\/\/atlantica.cielavillage.fr\/wp-content\/uploads\/2022\/01\/100_1417-2048x1536.jpg 2048w\" sizes=\"(max-width: 1024px) 100vw, 1024px\" \/><\/figure>\n<\/div>\n<\/div>\n<\/div><\/div>\n\n\n\n<div class=\"wp-block-columns are-vertically-aligned-center boxage\">\n<div class=\"wp-block-column is-vertically-aligned-center\">\n<h2 class=\"has-primaire-color has-text-color\">Die Dienstleistungen des Campingplatzes<\/h2>\n\n\n\n<p>Wir stellen Ihnen kostenlos ein Babybett und einen Hochstuhl zur Verf\u00fcgung, die Sie an der Rezeption reservieren k\u00f6nnen, je nach Verf\u00fcgbarkeit. In den Sanit\u00e4ranlagen finden Sie au\u00dferdem einen Wickeltisch und eine kleine Badewanne mit Duschvorrichtung, f\u00fcr Babys.<\/p>\n\n\n\n<ul><li>\u00d6ffnungszeiten der Rezeption: 9:00 bis 13:00 Uhr und 14:00 bis 19:00 Uhr in der Nebensaison und 8:00 bis 20:00 Uhr im Juli und August.<\/li><li>Bettw\u00e4sche und Handt\u00fccher, die in den Bungalows, Mobilheimen und Chalets nicht bereitgestellt werden, k\u00f6nnen an der Rezeption gemietet werden.<\/li><li>Auf dem Campingplatz stehen Ihnen Waschmaschinen und W\u00e4schetrockner zur Verf\u00fcgung. Sie funktionieren mit M\u00fcnzen.<\/li><li>WiFi ist auf allen Stellpl\u00e4tzen, Mobilheimen und Chalets verf\u00fcgbar: 1 Verbindung wird bei Ihrer Ankunft f\u00fcr 1 Ger\u00e4t f\u00fcr die Dauer Ihres Aufenthalts angeboten!<\/li><\/ul>\n\n\n\n<div style=\"height:20px\" aria-hidden=\"true\" class=\"wp-block-spacer\"><\/div>\n\n\n\n<h3 class=\"has-primaire-color has-text-color\">Zugang f\u00fcr Personen mit eingeschr\u00e4nkter Mobilit\u00e4t (PMR)<\/h3>\n\n\n\n<ul><li>Strukturen, die f\u00fcr Menschen mit Behinderungen zug\u00e4nglich sind: der Strand des Schwimmbads (au\u00dfer Schwimmen) und die Sanit\u00e4ranlagen<\/li><li>Strukturen, die f\u00fcr Menschen mit Behinderungen nicht zug\u00e4nglich sind: die Vermietung von Mobilheimen und Stoffzelten, die Aktivit\u00e4ten: H\u00fcpfburg, Bouleplatz und City Stade<\/li><\/ul>\n\n\n\n<p><\/p>\n<\/div>\n<\/div>\n\n\n\n<div class=\"wp-block-cover boxage fond-palmiers\"><img width=\"2560\" height=\"1707\" class=\"wp-block-cover__image-background wp-image-5019\" alt=\"\" src=\"https:\/\/atlantica.cielavillage.fr\/wp-content\/uploads\/2022\/01\/295_Camping_Pays_Basque_Ciela_Village_Atlantica_Hebergements-scaled.jpg\" data-object-fit=\"cover\" srcset=\"https:\/\/atlantica.cielavillage.fr\/wp-content\/uploads\/2022\/01\/295_Camping_Pays_Basque_Ciela_Village_Atlantica_Hebergements-scaled.jpg 2560w, https:\/\/atlantica.cielavillage.fr\/wp-content\/uploads\/2022\/01\/295_Camping_Pays_Basque_Ciela_Village_Atlantica_Hebergements-300x200.jpg 300w, https:\/\/atlantica.cielavillage.fr\/wp-content\/uploads\/2022\/01\/295_Camping_Pays_Basque_Ciela_Village_Atlantica_Hebergements-1024x683.jpg 1024w, https:\/\/atlantica.cielavillage.fr\/wp-content\/uploads\/2022\/01\/295_Camping_Pays_Basque_Ciela_Village_Atlantica_Hebergements-768x512.jpg 768w, https:\/\/atlantica.cielavillage.fr\/wp-content\/uploads\/2022\/01\/295_Camping_Pays_Basque_Ciela_Village_Atlantica_Hebergements-1536x1024.jpg 1536w, https:\/\/atlantica.cielavillage.fr\/wp-content\/uploads\/2022\/01\/295_Camping_Pays_Basque_Ciela_Village_Atlantica_Hebergements-2048x1365.jpg 2048w\" sizes=\"(max-width: 2560px) 100vw, 2560px\" \/><div class=\"wp-block-cover__inner-container\">\n<div class=\"wp-block-group encart_banniere left has-primaire-background-color has-background\"><div class=\"wp-block-group__inner-container\">\n<h2 class=\"has-text-align-center\">Finden Sie alle unsere Mobilheime<\/h2>\n\n\n\n<p class=\"has-text-align-left has-typo-color has-text-color\">Um die besten Ferien im Baskenland zu verbringen, bieten wir Ihnen die Vermietung von komfortablen und voll ausgestatteten Mobilheimen sowie von Stoffzelten an.<\/p>\n\n\n\n<p class=\"has-typo-color has-text-color\">Die von Atlantica Ciela Village im Baskenland angebotenen Unterk\u00fcnfte umfassen verschiedene moderne und komfortable Mobilheime. Jede Option, vom Familienmobilheim bis zum luxuri\u00f6seren Modell, wurde so konzipiert, dass sie einen angenehmen Aufenthalt mit hochwertigen Annehmlichkeiten, einschlie\u00dflich m\u00f6blierter Terrassen, bietet. Sie werden von einer au\u00dfergew\u00f6hnlichen nat\u00fcrlichen Umgebung profitieren, die ideal f\u00fcr einen erholsamen Urlaub im Baskenland ist.<\/p>\n\n\n\n<div class=\"wp-block-buttons is-content-justification-center\">\n<div class=\"wp-block-button\"><a class=\"wp-block-button__link\" href=\"https:\/\/atlantica.cielavillage.fr\/de\/unterkuenfte\/\">Entdecken Sie unsere Unterk\u00fcnfte<\/a><\/div>\n<\/div>\n<\/div><\/div>\n<\/div><\/div>\n","protected":false},"excerpt":{"rendered":"<p>4-Sterne-Services auf dem Campingplatz im Baskenland Qualitativ hochwertige Dienstleistungen f\u00fcr einen Traumurlaub im Baskenland auf dem Campingplatz Atlantica in Saint-Jean-de-Luz. Unser Team steht Ihnen w\u00e4hrend Ihres gesamten Aufenthalts zur Verf\u00fcgung. Wir sind f\u00fcr Sie da, um Ihre Anfragen zu beantworten und Ihnen Tipps zu Sehensw\u00fcrdigkeiten in der Umgebung zu geben. Notre restaurant Dienstleistungen High-End Acc\u00e8s [&hellip;]<\/p>\n","protected":false},"author":1,"featured_media":5197,"parent":0,"menu_order":0,"comment_status":"closed","ping_status":"closed","template":"","meta":[],"_links":{"self":[{"href":"https:\/\/atlantica.cielavillage.fr\/de\/wp-json\/wp\/v2\/pages\/5643"}],"collection":[{"href":"https:\/\/atlantica.cielavillage.fr\/de\/wp-json\/wp\/v2\/pages"}],"about":[{"href":"https:\/\/atlantica.cielavillage.fr\/de\/wp-json\/wp\/v2\/types\/page"}],"author":[{"embeddable":true,"href":"https:\/\/atlantica.cielavillage.fr\/de\/wp-json\/wp\/v2\/users\/1"}],"replies":[{"embeddable":true,"href":"https:\/\/atlantica.cielavillage.fr\/de\/wp-json\/wp\/v2\/comments?post=5643"}],"version-history":[{"count":6,"href":"https:\/\/atlantica.cielavillage.fr\/de\/wp-json\/wp\/v2\/pages\/5643\/revisions"}],"predecessor-version":[{"id":210658,"href":"https:\/\/atlantica.cielavillage.fr\/de\/wp-json\/wp\/v2\/pages\/5643\/revisions\/210658"}],"wp:featuredmedia":[{"embeddable":true,"href":"https:\/\/atlantica.cielavillage.fr\/de\/wp-json\/wp\/v2\/media\/5197"}],"wp:attachment":[{"href":"https:\/\/atlantica.cielavillage.fr\/de\/wp-json\/wp\/v2\/media?parent=5643"}],"curies":[{"name":"wp","href":"https:\/\/api.w.org\/{rel}","templated":true}]}}