{"id":5633,"date":"2022-02-15T10:05:17","date_gmt":"2022-02-15T09:05:17","guid":{"rendered":"https:\/\/atlantica.cielavillage.fr\/ciela-village\/"},"modified":"2026-03-17T11:40:41","modified_gmt":"2026-03-17T10:40:41","slug":"ciela-village","status":"publish","type":"page","link":"https:\/\/atlantica.cielavillage.fr\/de\/ciela-village\/","title":{"rendered":"Ciela Village"},"content":{"rendered":"\n<div class=\"wp-block-cover bloc-header\"><img width=\"2560\" height=\"1917\" class=\"wp-block-cover__image-background wp-image-6406\" alt=\"\" src=\"https:\/\/atlantica.cielavillage.fr\/wp-content\/uploads\/2022\/10\/014_Camping_Landes_Ciela_Village_Atlantica_Drone-scaled.jpg\" style=\"object-position:55% 100%\" data-object-fit=\"cover\" data-object-position=\"55% 100%\" srcset=\"https:\/\/atlantica.cielavillage.fr\/wp-content\/uploads\/2022\/10\/014_Camping_Landes_Ciela_Village_Atlantica_Drone-scaled.jpg 2560w, https:\/\/atlantica.cielavillage.fr\/wp-content\/uploads\/2022\/10\/014_Camping_Landes_Ciela_Village_Atlantica_Drone-300x225.jpg 300w, https:\/\/atlantica.cielavillage.fr\/wp-content\/uploads\/2022\/10\/014_Camping_Landes_Ciela_Village_Atlantica_Drone-1024x767.jpg 1024w, https:\/\/atlantica.cielavillage.fr\/wp-content\/uploads\/2022\/10\/014_Camping_Landes_Ciela_Village_Atlantica_Drone-768x575.jpg 768w, https:\/\/atlantica.cielavillage.fr\/wp-content\/uploads\/2022\/10\/014_Camping_Landes_Ciela_Village_Atlantica_Drone-1536x1150.jpg 1536w, https:\/\/atlantica.cielavillage.fr\/wp-content\/uploads\/2022\/10\/014_Camping_Landes_Ciela_Village_Atlantica_Drone-2048x1534.jpg 2048w\" sizes=\"(max-width: 2560px) 100vw, 2560px\" \/><div class=\"wp-block-cover__inner-container\">\n<p class=\"has-text-align-center has-large-font-size\"><\/p>\n<\/div><\/div>\n\n\n\n<h1 class=\"has-text-align-center\">Ciela Village<\/h1>\n\n\n\n<h2 class=\"has-text-align-center\">Eine Gruppe von hochwertigen Freilufthotels in Frankreich<\/h2>\n\n\n\n<p class=\"has-text-align-center\">Sie stehen kurz davor, Ihren sch\u00f6nsten Urlaub auf einem Campingplatz der Freilufthotelgruppe Ciela Village in Frankreich zu erleben!<br>Im Herzen der sch\u00f6nsten Regionen Frankreichs begr\u00fc\u00dfen Sie unsere Campingpl\u00e4tze zu einem Aufenthalt in einer idyllischen Umgebung und bieten Ihnen die M\u00f6glichkeit, Natur und Komfort in Ihrem Urlaub zu vereinen!<br>Genie\u00dfen Sie entspannende und gesellige Momente mit der Familie oder Freunden in einer eindrucksvollen Umgebung \u2013 auf einem Campinggel\u00e4nde, das mit Dienstleistungen \u00e0 la carte und zahlreichen Animationen sowie Sport, Festen, Badebereichen und Freizeitaktivit\u00e4ten f\u00fcr Gro\u00df und Klein punktet.<\/p>\n\n\n\n<p class=\"has-text-align-center\">Um herauszufinden, welcher Campingplatz der richtige f\u00fcr Sie ist, k\u00f6nnen Sie sich ganz einfach auf unserer <a href=\"https:\/\/cielavillage.fr\/de\/\" target=\"_blank\" rel=\"noreferrer noopener\">Ciela Village-Website<\/a> informieren.<\/p>\n\n\n\n<div class=\"wp-block-columns alignfull grid-alentours grid-ciela\">\n<div class=\"wp-block-column filtre_alentours\" style=\"flex-basis:50%\"><div class=\"wpgb-facet wpgb-loading wpgb-facet-4\" data-facet=\"4\" data-grid=\"2\">\t<fieldset>\n\t\t<legend class=\"wpgb-facet-title wpgb-sr-only\">Ciela filtre taxo<\/legend>\n\t\t<div class=\"wpgb-checkbox-facet\"><ul class=\"wpgb-hierarchical-list\"><li><div class=\"wpgb-checkbox\" role=\"button\" aria-pressed=\"false\" tabindex=\"0\"><input type=\"hidden\" name=\"filtrage_cf_type_lieu_2[]\" value=\"auvergne-rhone-alpes\"><span class=\"wpgb-checkbox-control\"><\/span><span class=\"wpgb-checkbox-label\">Auvergne Rh\u00f4ne Alpes<\/span><\/div><\/li><li><div class=\"wpgb-checkbox\" role=\"button\" aria-pressed=\"false\" tabindex=\"0\"><input type=\"hidden\" name=\"filtrage_cf_type_lieu_2[]\" value=\"grand-est\"><span class=\"wpgb-checkbox-control\"><\/span><span class=\"wpgb-checkbox-label\">Grand Est<\/span><\/div><\/li><li><div class=\"wpgb-checkbox\" role=\"button\" aria-pressed=\"false\" tabindex=\"0\"><input type=\"hidden\" name=\"filtrage_cf_type_lieu_2[]\" value=\"nouvelle-aquitaine\"><span class=\"wpgb-checkbox-control\"><\/span><span class=\"wpgb-checkbox-label\">Nouvelle Aquitaine<\/span><\/div><\/li><li><div class=\"wpgb-checkbox\" role=\"button\" aria-pressed=\"false\" tabindex=\"0\"><input type=\"hidden\" name=\"filtrage_cf_type_lieu_2[]\" value=\"occitanie\"><span class=\"wpgb-checkbox-control\"><\/span><span class=\"wpgb-checkbox-label\">Occitanie<\/span><\/div><\/li><li><div class=\"wpgb-checkbox\" role=\"button\" aria-pressed=\"false\" tabindex=\"0\"><input type=\"hidden\" name=\"filtrage_cf_type_lieu_2[]\" value=\"paca\"><span class=\"wpgb-checkbox-control\"><\/span><span class=\"wpgb-checkbox-label\">PACA<\/span><\/div><\/li><\/ul><\/div>\t<\/fieldset>\n\t<\/div>\n\n<!-- Gridbuilder \u1d42\u1d3e Plugin (https:\/\/wpgridbuilder.com) -->\n<div class=\"wp-grid-builder wpgb-grid-2\" data-options=\"{&quot;id&quot;:2,&quot;type&quot;:&quot;masonry&quot;,&quot;source&quot;:&quot;post_type&quot;,&quot;loader&quot;:1,&quot;layout&quot;:&quot;vertical&quot;,&quot;reveal&quot;:0,&quot;isMainQuery&quot;:false,&quot;lazyLoad&quot;:1,&quot;cardSizes&quot;:{&quot;9999&quot;:{&quot;columns&quot;:3,&quot;height&quot;:240,&quot;gutter&quot;:0,&quot;ratio&quot;:&quot;1.33333&quot;},&quot;1200&quot;:{&quot;columns&quot;:2,&quot;height&quot;:240,&quot;gutter&quot;:0,&quot;ratio&quot;:&quot;1.33333&quot;},&quot;992&quot;:{&quot;columns&quot;:2,&quot;height&quot;:220,&quot;gutter&quot;:0,&quot;ratio&quot;:&quot;1.33333&quot;},&quot;768&quot;:{&quot;columns&quot;:2,&quot;height&quot;:220,&quot;gutter&quot;:0,&quot;ratio&quot;:&quot;1.33333&quot;},&quot;576&quot;:{&quot;columns&quot;:1,&quot;height&quot;:200,&quot;gutter&quot;:0,&quot;ratio&quot;:&quot;1.33333&quot;},&quot;320&quot;:{&quot;columns&quot;:1,&quot;height&quot;:200,&quot;gutter&quot;:0,&quot;ratio&quot;:&quot;1.33333&quot;}},&quot;fitRows&quot;:0,&quot;equalRows&quot;:0,&quot;equalColumns&quot;:1,&quot;fillLastRow&quot;:0,&quot;centerLastRow&quot;:0,&quot;horizontalOrder&quot;:0,&quot;fullWidth&quot;:0,&quot;transitionDelay&quot;:100,&quot;gallerySlideshow&quot;:0,&quot;rowsNumber&quot;:1,&quot;slideAlign&quot;:&quot;left&quot;,&quot;groupCells&quot;:1,&quot;draggable&quot;:1,&quot;initialIndex&quot;:0,&quot;contain&quot;:0,&quot;freeScroll&quot;:0,&quot;freeFriction&quot;:&quot;0.075&quot;,&quot;friction&quot;:&quot;0.285&quot;,&quot;attraction&quot;:&quot;0.025&quot;,&quot;autoPlay&quot;:0,&quot;pageDotAriaLabel&quot;:&quot;Page dot %d&quot;,&quot;isPreview&quot;:false,&quot;isGutenberg&quot;:false,&quot;rightToLeft&quot;:false}\"><div class=\"wpgb-svg-icons\" hidden>\n\t<svg viewBox=\"0 0 120 24\" width=\"0\" height=\"0\">\n\t<defs>\n        <polygon id=\"wpgb-star-svg\" points=\"12 2.5 15.1 8.8 22 9.8 17 14.6 18.2 21.5 12 18.3 5.8 21.5 7 14.6 2 9.8 8.9 8.8\"><\/polygon>\n    <\/defs>\n    <symbol id=\"wpgb-rating-stars-svg\">\n        <use xlink:href=\"#wpgb-star-svg\"><\/use>\n        <use xlink:href=\"#wpgb-star-svg\" x=\"24\"><\/use>\n        <use xlink:href=\"#wpgb-star-svg\" x=\"48\"><\/use>\n        <use xlink:href=\"#wpgb-star-svg\" x=\"72\"><\/use>\n        <use xlink:href=\"#wpgb-star-svg\" x=\"96\"><\/use>\n    <\/symbol>\n<\/svg>\n<\/div>\n<div class=\"wpgb-wrapper\">\n\t<div class=\"wpgb-main\">\n\t<div class=\"wpgb-layout\">\n\t<div class=\"wpgb-viewport\">\n\t\t<div class=\"wpgb-masonry\">\n\t\t\t<article class=\"wpgb-card wpgb-card-2 wpgb-post-8040\" data-col=\"1\" data-row=\"1\" data-format=\"standard\"><div class=\"wpgb-card-wrapper\"><div class=\"wpgb-card-inner\" data-action><div class=\"wpgb-card-media wpgb-scheme-light\"><svg data-ratio style=\"padding-top:75%\" viewBox=\"0 0 4 3\"><\/svg><div class=\"wpgb-card-media-thumbnail\"><a href=\"https:\/\/atlantica.cielavillage.fr\/wp-content\/uploads\/2024\/10\/Atlantica.jpg.webp\" tabindex=\"-1\" class=\"wpgb-handle-lb wpgb-lightbox\" data-type=\"image\" data-rel=\"2\" data-title=\"Atlantica.jpg\" title=\"Enlarge photo\"><div class=\"wpgb-lazy-load\" data-wpgb-thumb=\"\" data-wpgb-src=\"https:\/\/atlantica.cielavillage.fr\/wp-content\/uploads\/2024\/10\/Atlantica.jpg-768x575.webp\"><\/div><noscript><img class=\"wpgb-noscript-img\" src=\"https:\/\/atlantica.cielavillage.fr\/wp-content\/uploads\/2024\/10\/Atlantica.jpg-768x575.webp\" alt=\"camping avec piscine saint jean de luz\" height=\"575\" width=\"768\"><\/noscript><\/a><\/div><div class=\"wpgb-card-media-content\"><div class=\"wpgb-card-media-content-bottom\"><a class=\"wpgb-block-4 bouton-grid wpgb-idle-scheme-1 wpgb-hover-accent-1\" target=\"_blank\" rel=\"external noopener noreferrer\" href=\"https:\/\/cielavillage.fr\/de\/campings\/atlantica-st-jean-de-luz\/\">Entdecken Sie<\/a><\/div><\/div><\/div><div class=\"wpgb-card-content wpgb-scheme-dark\"><div class=\"wpgb-card-body\"><h2 class=\"wpgb-block-2 titre-du-lieu wpgb-idle-scheme-1\">Atlantica<\/h2><\/div><div class=\"wpgb-card-footer\"><div class=\"wpgb-block-1 wpgb-idle-scheme-1\">Saint-Jean-de-Luz<\/div><\/div><\/div><a class=\"wpgb-card-layer-link\" target=\"_blank\" rel=\"external noopener noreferrer\" href=\"https:\/\/cielavillage.fr\/de\/campings\/atlantica-st-jean-de-luz\/\"><\/a><\/div><\/div><\/article><article class=\"wpgb-card wpgb-card-2 wpgb-post-8044\" data-col=\"1\" data-row=\"1\" data-format=\"standard\"><div class=\"wpgb-card-wrapper\"><div class=\"wpgb-card-inner\" data-action><div class=\"wpgb-card-media wpgb-scheme-light\"><svg data-ratio style=\"padding-top:75%\" viewBox=\"0 0 4 3\"><\/svg><div class=\"wpgb-card-media-thumbnail\"><a href=\"https:\/\/atlantica.cielavillage.fr\/wp-content\/uploads\/2024\/10\/batch_beau-rivage.jpg\" tabindex=\"-1\" class=\"wpgb-handle-lb wpgb-lightbox\" data-type=\"image\" data-rel=\"2\" data-title=\"batch_beau-rivage\" title=\"Enlarge photo\"><div class=\"wpgb-lazy-load\" data-wpgb-thumb=\"\" data-wpgb-src=\"https:\/\/atlantica.cielavillage.fr\/wp-content\/uploads\/2024\/10\/batch_beau-rivage-768x438.jpg\"><\/div><noscript><img class=\"wpgb-noscript-img\" src=\"https:\/\/atlantica.cielavillage.fr\/wp-content\/uploads\/2024\/10\/batch_beau-rivage-768x438.jpg\" alt=\"Camping ciela\" height=\"438\" width=\"768\"><\/noscript><\/a><\/div><div class=\"wpgb-card-media-content\"><div class=\"wpgb-card-media-content-bottom\"><a class=\"wpgb-block-4 bouton-grid wpgb-idle-scheme-1 wpgb-hover-accent-1\" target=\"_blank\" rel=\"external noopener noreferrer\" href=\"https:\/\/cielavillage.fr\/campings\/beau-rivage\/\">Entdecken Sie<\/a><\/div><\/div><\/div><div class=\"wpgb-card-content wpgb-scheme-dark\"><div class=\"wpgb-card-body\"><h2 class=\"wpgb-block-2 titre-du-lieu wpgb-idle-scheme-1\">Beau Rivage<\/h2><\/div><div class=\"wpgb-card-footer\"><div class=\"wpgb-block-1 wpgb-idle-scheme-1\">M\u00e8ze<\/div><\/div><\/div><a class=\"wpgb-card-layer-link\" target=\"_blank\" rel=\"external noopener noreferrer\" href=\"https:\/\/cielavillage.fr\/campings\/beau-rivage\/\"><\/a><\/div><\/div><\/article><article class=\"wpgb-card wpgb-card-2 wpgb-post-210325\" data-col=\"1\" data-row=\"1\" data-format=\"standard\"><div class=\"wpgb-card-wrapper\"><div class=\"wpgb-card-inner\" data-action><div class=\"wpgb-card-media wpgb-scheme-light\"><svg data-ratio style=\"padding-top:75%\" viewBox=\"0 0 4 3\"><\/svg><div class=\"wpgb-card-media-thumbnail\"><a href=\"https:\/\/atlantica.cielavillage.fr\/wp-content\/uploads\/2025\/11\/buissiere.jpg\" tabindex=\"-1\" class=\"wpgb-handle-lb wpgb-lightbox\" data-type=\"image\" data-rel=\"2\" data-title=\"buissiere\" title=\"Enlarge photo\"><div class=\"wpgb-lazy-load\" data-wpgb-thumb=\"\" data-wpgb-src=\"https:\/\/atlantica.cielavillage.fr\/wp-content\/uploads\/2025\/11\/buissiere.jpg\"><\/div><noscript><img class=\"wpgb-noscript-img\" src=\"https:\/\/atlantica.cielavillage.fr\/wp-content\/uploads\/2025\/11\/buissiere.jpg\" alt=\"\" height=\"374\" width=\"499\"><\/noscript><\/a><\/div><div class=\"wpgb-card-media-content\"><div class=\"wpgb-card-media-content-bottom\"><a class=\"wpgb-block-4 bouton-grid wpgb-idle-scheme-1 wpgb-hover-accent-1\" target=\"_blank\" rel=\"external noopener noreferrer\" href=\"https:\/\/cielavillage.fr\/campings\/la-buissiere\/\">Entdecken<\/a><\/div><\/div><\/div><div class=\"wpgb-card-content wpgb-scheme-dark\"><div class=\"wpgb-card-body\"><h2 class=\"wpgb-block-2 titre-du-lieu wpgb-idle-scheme-1\">La Buissi\u00e8re<\/h2><\/div><div class=\"wpgb-card-footer\"><div class=\"wpgb-block-1 wpgb-idle-scheme-1\">Barjarc<\/div><\/div><\/div><a class=\"wpgb-card-layer-link\" target=\"_blank\" rel=\"external noopener noreferrer\" href=\"https:\/\/cielavillage.fr\/campings\/la-buissiere\/\"><\/a><\/div><\/div><\/article><article class=\"wpgb-card wpgb-card-2 wpgb-post-210768\" data-col=\"1\" data-row=\"1\" data-format=\"standard\"><div class=\"wpgb-card-wrapper\"><div class=\"wpgb-card-inner\" data-action><div class=\"wpgb-card-media wpgb-scheme-light\"><svg data-ratio style=\"padding-top:75%\" viewBox=\"0 0 4 3\"><\/svg><div class=\"wpgb-card-media-thumbnail\"><a href=\"https:\/\/atlantica.cielavillage.fr\/wp-content\/uploads\/2026\/04\/croix-du-sud.jpg\" tabindex=\"-1\" class=\"wpgb-handle-lb wpgb-lightbox\" data-type=\"image\" data-rel=\"2\" data-title=\"croix-du-sud\" title=\"Enlarge photo\"><div class=\"wpgb-lazy-load\" data-wpgb-thumb=\"\" data-wpgb-src=\"https:\/\/atlantica.cielavillage.fr\/wp-content\/uploads\/2026\/04\/croix-du-sud.jpg\"><\/div><noscript><img class=\"wpgb-noscript-img\" src=\"https:\/\/atlantica.cielavillage.fr\/wp-content\/uploads\/2026\/04\/croix-du-sud.jpg\" alt=\"\" height=\"333\" width=\"499\"><\/noscript><\/a><\/div><div class=\"wpgb-card-media-content\"><div class=\"wpgb-card-media-content-bottom\"><a class=\"wpgb-block-4 bouton-grid wpgb-idle-scheme-1 wpgb-hover-accent-1\" target=\"_blank\" rel=\"external noopener noreferrer\" href=\"https:\/\/cielavillage.fr\/campings\/la-croix-du-sud\/\">Entdecken<\/a><\/div><\/div><\/div><div class=\"wpgb-card-content wpgb-scheme-dark\"><div class=\"wpgb-card-body\"><h2 class=\"wpgb-block-2 titre-du-lieu wpgb-idle-scheme-1\">La Croix du Sud<\/h2><\/div><div class=\"wpgb-card-footer\"><div class=\"wpgb-block-1 wpgb-idle-scheme-1\">Barcar\u00e8s<\/div><\/div><\/div><a class=\"wpgb-card-layer-link\" target=\"_blank\" rel=\"external noopener noreferrer\" href=\"https:\/\/cielavillage.fr\/campings\/la-croix-du-sud\/\"><\/a><\/div><\/div><\/article><article class=\"wpgb-card wpgb-card-2 wpgb-post-6841\" data-col=\"1\" data-row=\"1\" data-format=\"standard\"><div class=\"wpgb-card-wrapper\"><div class=\"wpgb-card-inner\" data-action><div class=\"wpgb-card-media wpgb-scheme-light\"><svg data-ratio style=\"padding-top:75%\" viewBox=\"0 0 4 3\"><\/svg><div class=\"wpgb-card-media-thumbnail\"><a href=\"https:\/\/atlantica.cielavillage.fr\/wp-content\/uploads\/2023\/02\/farigoulette1.jpg\" tabindex=\"-1\" class=\"wpgb-handle-lb wpgb-lightbox\" data-type=\"image\" data-rel=\"2\" data-title=\"farigoulette1\" title=\"Enlarge photo\"><div class=\"wpgb-lazy-load\" data-wpgb-thumb=\"\" data-wpgb-src=\"https:\/\/atlantica.cielavillage.fr\/wp-content\/uploads\/2023\/02\/farigoulette1-768x512.jpg\"><\/div><noscript><img class=\"wpgb-noscript-img\" src=\"https:\/\/atlantica.cielavillage.fr\/wp-content\/uploads\/2023\/02\/farigoulette1-768x512.jpg\" alt=\"Farigoulette1\" height=\"512\" width=\"768\"><\/noscript><\/a><\/div><div class=\"wpgb-card-media-content\"><div class=\"wpgb-card-media-content-bottom\"><a class=\"wpgb-block-4 bouton-grid wpgb-idle-scheme-1 wpgb-hover-accent-1\" target=\"_blank\" rel=\"external noopener noreferrer\" href=\"https:\/\/cielavillage.fr\/de\/campings\/camping-la-farigoulette-st-laurent-du-verdon\/\">Entdecken Sie<\/a><\/div><\/div><\/div><div class=\"wpgb-card-content wpgb-scheme-dark\"><div class=\"wpgb-card-body\"><h2 class=\"wpgb-block-2 titre-du-lieu wpgb-idle-scheme-1\">La Farigoulette<\/h2><\/div><div class=\"wpgb-card-footer\"><div class=\"wpgb-block-1 wpgb-idle-scheme-1\">Saint-Laurent-du-Verdon<\/div><\/div><\/div><a class=\"wpgb-card-layer-link\" target=\"_blank\" rel=\"external noopener noreferrer\" href=\"https:\/\/cielavillage.fr\/de\/campings\/camping-la-farigoulette-st-laurent-du-verdon\/\"><\/a><\/div><\/div><\/article><article class=\"wpgb-card wpgb-card-2 wpgb-post-8048\" data-col=\"1\" data-row=\"1\" data-format=\"standard\"><div class=\"wpgb-card-wrapper\"><div class=\"wpgb-card-inner\" data-action><div class=\"wpgb-card-media wpgb-scheme-light\"><svg data-ratio style=\"padding-top:75%\" viewBox=\"0 0 4 3\"><\/svg><div class=\"wpgb-card-media-thumbnail\"><a href=\"https:\/\/atlantica.cielavillage.fr\/wp-content\/uploads\/2024\/10\/batch_liez.jpg\" tabindex=\"-1\" class=\"wpgb-handle-lb wpgb-lightbox\" data-type=\"image\" data-rel=\"2\" data-title=\"batch_liez\" title=\"Enlarge photo\"><div class=\"wpgb-lazy-load\" data-wpgb-thumb=\"\" data-wpgb-src=\"https:\/\/atlantica.cielavillage.fr\/wp-content\/uploads\/2024\/10\/batch_liez-768x512.jpg\"><\/div><noscript><img class=\"wpgb-noscript-img\" src=\"https:\/\/atlantica.cielavillage.fr\/wp-content\/uploads\/2024\/10\/batch_liez-768x512.jpg\" alt=\"Camping ciela\" height=\"512\" width=\"768\"><\/noscript><\/a><\/div><div class=\"wpgb-card-media-content\"><div class=\"wpgb-card-media-content-bottom\"><a class=\"wpgb-block-4 bouton-grid wpgb-idle-scheme-1 wpgb-hover-accent-1\" target=\"_blank\" rel=\"external noopener noreferrer\" href=\"https:\/\/cielavillage.fr\/campings\/la-liez\/\">Entdecken Sie<\/a><\/div><\/div><\/div><div class=\"wpgb-card-content wpgb-scheme-dark\"><div class=\"wpgb-card-body\"><h2 class=\"wpgb-block-2 titre-du-lieu wpgb-idle-scheme-1\">La Liez<\/h2><\/div><div class=\"wpgb-card-footer\"><div class=\"wpgb-block-1 wpgb-idle-scheme-1\">Peigney<\/div><\/div><\/div><a class=\"wpgb-card-layer-link\" target=\"_blank\" rel=\"external noopener noreferrer\" href=\"https:\/\/cielavillage.fr\/campings\/la-liez\/\"><\/a><\/div><\/div><\/article><article class=\"wpgb-card wpgb-card-2 wpgb-post-8047\" data-col=\"1\" data-row=\"1\" data-format=\"standard\"><div class=\"wpgb-card-wrapper\"><div class=\"wpgb-card-inner\" data-action><div class=\"wpgb-card-media wpgb-scheme-light\"><svg data-ratio style=\"padding-top:75%\" viewBox=\"0 0 4 3\"><\/svg><div class=\"wpgb-card-media-thumbnail\"><a href=\"https:\/\/atlantica.cielavillage.fr\/wp-content\/uploads\/2024\/10\/batch_bontemps.jpg\" tabindex=\"-1\" class=\"wpgb-handle-lb wpgb-lightbox\" data-type=\"image\" data-rel=\"2\" data-title=\"batch_bontemps\" title=\"Enlarge photo\"><div class=\"wpgb-lazy-load\" data-wpgb-thumb=\"\" data-wpgb-src=\"https:\/\/atlantica.cielavillage.fr\/wp-content\/uploads\/2024\/10\/batch_bontemps-768x512.jpg\"><\/div><noscript><img class=\"wpgb-noscript-img\" src=\"https:\/\/atlantica.cielavillage.fr\/wp-content\/uploads\/2024\/10\/batch_bontemps-768x512.jpg\" alt=\"Camping ciela\" height=\"512\" width=\"768\"><\/noscript><\/a><\/div><div class=\"wpgb-card-media-content\"><div class=\"wpgb-card-media-content-bottom\"><a class=\"wpgb-block-4 bouton-grid wpgb-idle-scheme-1 wpgb-hover-accent-1\" target=\"_blank\" rel=\"external noopener noreferrer\" href=\"https:\/\/cielavillage.fr\/campings\/le-bontemps\/\">Entdecken Sie<\/a><\/div><\/div><\/div><div class=\"wpgb-card-content wpgb-scheme-dark\"><div class=\"wpgb-card-body\"><h2 class=\"wpgb-block-2 titre-du-lieu wpgb-idle-scheme-1\">Le Bontemps<\/h2><\/div><div class=\"wpgb-card-footer\"><div class=\"wpgb-block-1 wpgb-idle-scheme-1\">Vernioz<\/div><\/div><\/div><a class=\"wpgb-card-layer-link\" target=\"_blank\" rel=\"external noopener noreferrer\" href=\"https:\/\/cielavillage.fr\/campings\/le-bontemps\/\"><\/a><\/div><\/div><\/article><article class=\"wpgb-card wpgb-card-2 wpgb-post-8043\" data-col=\"1\" data-row=\"1\" data-format=\"standard\"><div class=\"wpgb-card-wrapper\"><div class=\"wpgb-card-inner\" data-action><div class=\"wpgb-card-media wpgb-scheme-light\"><svg data-ratio style=\"padding-top:75%\" viewBox=\"0 0 4 3\"><\/svg><div class=\"wpgb-card-media-thumbnail\"><a href=\"https:\/\/atlantica.cielavillage.fr\/wp-content\/uploads\/2024\/10\/batch_caussanel.jpg\" tabindex=\"-1\" class=\"wpgb-handle-lb wpgb-lightbox\" data-type=\"image\" data-rel=\"2\" data-title=\"batch_caussanel\" title=\"Enlarge photo\"><div class=\"wpgb-lazy-load\" data-wpgb-thumb=\"\" data-wpgb-src=\"https:\/\/atlantica.cielavillage.fr\/wp-content\/uploads\/2024\/10\/batch_caussanel-768x431.jpg\"><\/div><noscript><img class=\"wpgb-noscript-img\" src=\"https:\/\/atlantica.cielavillage.fr\/wp-content\/uploads\/2024\/10\/batch_caussanel-768x431.jpg\" alt=\"Camping ciela\" height=\"431\" width=\"768\"><\/noscript><\/a><\/div><div class=\"wpgb-card-media-content\"><div class=\"wpgb-card-media-content-bottom\"><a class=\"wpgb-block-4 bouton-grid wpgb-idle-scheme-1 wpgb-hover-accent-1\" target=\"_blank\" rel=\"external noopener noreferrer\" href=\"https:\/\/cielavillage.fr\/campings\/le-caussanel\/\">Entdecken Sie<\/a><\/div><\/div><\/div><div class=\"wpgb-card-content wpgb-scheme-dark\"><div class=\"wpgb-card-body\"><h2 class=\"wpgb-block-2 titre-du-lieu wpgb-idle-scheme-1\">Le Caussanel<\/h2><\/div><div class=\"wpgb-card-footer\"><div class=\"wpgb-block-1 wpgb-idle-scheme-1\">Canet-de-Salars<\/div><\/div><\/div><a class=\"wpgb-card-layer-link\" target=\"_blank\" rel=\"external noopener noreferrer\" href=\"https:\/\/cielavillage.fr\/campings\/le-caussanel\/\"><\/a><\/div><\/div><\/article><article class=\"wpgb-card wpgb-card-2 wpgb-post-210309\" data-col=\"1\" data-row=\"1\" data-format=\"standard\"><div class=\"wpgb-card-wrapper\"><div class=\"wpgb-card-inner\" data-action><div class=\"wpgb-card-media wpgb-scheme-light\"><svg data-ratio style=\"padding-top:75%\" viewBox=\"0 0 4 3\"><\/svg><div class=\"wpgb-card-media-thumbnail\"><a href=\"https:\/\/atlantica.cielavillage.fr\/wp-content\/uploads\/2025\/11\/rochetaillee.webp\" tabindex=\"-1\" class=\"wpgb-handle-lb wpgb-lightbox\" data-type=\"image\" data-rel=\"2\" data-title=\"rochetaillee\" title=\"Enlarge photo\"><div class=\"wpgb-lazy-load\" data-wpgb-thumb=\"\" data-wpgb-src=\"https:\/\/atlantica.cielavillage.fr\/wp-content\/uploads\/2025\/11\/rochetaillee.webp\"><\/div><noscript><img class=\"wpgb-noscript-img\" src=\"https:\/\/atlantica.cielavillage.fr\/wp-content\/uploads\/2025\/11\/rochetaillee.webp\" alt=\"\" height=\"374\" width=\"499\"><\/noscript><\/a><\/div><div class=\"wpgb-card-media-content\"><div class=\"wpgb-card-media-content-bottom\"><a class=\"wpgb-block-4 bouton-grid wpgb-idle-scheme-1 wpgb-hover-accent-1\" target=\"_blank\" rel=\"external noopener noreferrer\" href=\"https:\/\/cielavillage.fr\/campings\/le-chateau-de-rochetaillee\/\">Entdecken<\/a><\/div><\/div><\/div><div class=\"wpgb-card-content wpgb-scheme-dark\"><div class=\"wpgb-card-body\"><h2 class=\"wpgb-block-2 titre-du-lieu wpgb-idle-scheme-1\">Le Ch\u00e2teau de Rochetaill\u00e9e<\/h2><\/div><div class=\"wpgb-card-footer\"><div class=\"wpgb-block-1 wpgb-idle-scheme-1\">Bourg d&#8217;Oisans<\/div><\/div><\/div><a class=\"wpgb-card-layer-link\" target=\"_blank\" rel=\"external noopener noreferrer\" href=\"https:\/\/cielavillage.fr\/campings\/le-chateau-de-rochetaillee\/\"><\/a><\/div><\/div><\/article>\t\t<\/div>\n\t<\/div>\n\t<div class=\"wpgb-loader\">\n\t<div class=\"wpgb-loader-18\">\n\t\t<div><\/div><div><\/div><div><\/div><div><\/div>\t<\/div>\n<\/div>\n<\/div>\n\t<\/div>\n\t\t<\/div>\n<\/div>\n\n\n<div class=\"wpgb-facet wpgb-loading wpgb-facet-3\" data-facet=\"3\" data-grid=\"2\"><nav class=\"wpgb-pagination-facet\" aria-label=\"Page navigation\"><ul class=\"wpgb-pagination\"><li class=\"wpgb-page\"><a href=\"https:\/\/atlantica.cielavillage.fr\/de\/ciela-village\/?_pagination=1\" aria-current=\"true\" aria-label=\"Current Page, Page 1\" data-page=\"1\">1<\/a><\/li><li class=\"wpgb-page\"><a href=\"https:\/\/atlantica.cielavillage.fr\/de\/ciela-village\/?_pagination=2\" aria-label=\"Goto Page 2\" data-page=\"2\">2<\/a><\/li><li class=\"wpgb-page\"><a href=\"https:\/\/atlantica.cielavillage.fr\/de\/ciela-village\/?_pagination=3\" aria-label=\"Goto Page 3\" data-page=\"3\">3<\/a><\/li><\/ul><\/nav><\/div><\/div>\n\n\n\n<div class=\"wp-block-column sticky\" style=\"flex-basis:47%\"><div class=\"wpgb-facet wpgb-loading wpgb-facet-7 map\" data-facet=\"7\" data-grid=\"2\">\t<fieldset>\n\t\t<legend class=\"wpgb-facet-title wpgb-sr-only\">CIELA &#8211; Filtrage MAP<\/legend>\n\t\t<div class=\"wpgb-map-facet\" style=\"padding-bottom:56.25%\"><\/div>\t<\/fieldset>\n\t<\/div><\/div>\n<\/div>\n","protected":false},"excerpt":{"rendered":"<p>Ciela Village Eine Gruppe von hochwertigen Freilufthotels in Frankreich Sie stehen kurz davor, Ihren sch\u00f6nsten Urlaub auf einem Campingplatz der Freilufthotelgruppe Ciela Village in Frankreich zu erleben!Im Herzen der sch\u00f6nsten Regionen Frankreichs begr\u00fc\u00dfen Sie unsere Campingpl\u00e4tze zu einem Aufenthalt in einer idyllischen Umgebung und bieten Ihnen die M\u00f6glichkeit, Natur und Komfort in Ihrem Urlaub zu [&hellip;]<\/p>\n","protected":false},"author":1,"featured_media":6409,"parent":0,"menu_order":0,"comment_status":"closed","ping_status":"closed","template":"","meta":[],"_links":{"self":[{"href":"https:\/\/atlantica.cielavillage.fr\/de\/wp-json\/wp\/v2\/pages\/5633"}],"collection":[{"href":"https:\/\/atlantica.cielavillage.fr\/de\/wp-json\/wp\/v2\/pages"}],"about":[{"href":"https:\/\/atlantica.cielavillage.fr\/de\/wp-json\/wp\/v2\/types\/page"}],"author":[{"embeddable":true,"href":"https:\/\/atlantica.cielavillage.fr\/de\/wp-json\/wp\/v2\/users\/1"}],"replies":[{"embeddable":true,"href":"https:\/\/atlantica.cielavillage.fr\/de\/wp-json\/wp\/v2\/comments?post=5633"}],"version-history":[{"count":6,"href":"https:\/\/atlantica.cielavillage.fr\/de\/wp-json\/wp\/v2\/pages\/5633\/revisions"}],"predecessor-version":[{"id":210651,"href":"https:\/\/atlantica.cielavillage.fr\/de\/wp-json\/wp\/v2\/pages\/5633\/revisions\/210651"}],"wp:featuredmedia":[{"embeddable":true,"href":"https:\/\/atlantica.cielavillage.fr\/de\/wp-json\/wp\/v2\/media\/6409"}],"wp:attachment":[{"href":"https:\/\/atlantica.cielavillage.fr\/de\/wp-json\/wp\/v2\/media?parent=5633"}],"curies":[{"name":"wp","href":"https:\/\/api.w.org\/{rel}","templated":true}]}}